{"id":1542,"date":"2019-01-19T07:42:32","date_gmt":"2019-01-19T07:42:32","guid":{"rendered":"http:\/\/shen-apps.com\/privacy-policy"},"modified":"2022-02-26T08:23:10","modified_gmt":"2022-02-26T08:23:10","slug":"privacy-policy","status":"publish","type":"page","link":"https:\/\/shen-apps.com\/de\/privacy-policy","title":{"rendered":"Datenschutzerkl\u00e4rung"},"content":{"rendered":"<p>[et_pb_section fb_built=&#8220;1&#8243; _builder_version=&#8220;3.22&#8243; global_colors_info=&#8220;{}&#8220;][et_pb_row _builder_version=&#8220;3.25&#8243; background_size=&#8220;initial&#8220; background_position=&#8220;top_left&#8220; background_repeat=&#8220;repeat&#8220; global_colors_info=&#8220;{}&#8220;][et_pb_column type=&#8220;4_4&#8243; _builder_version=&#8220;3.25&#8243; custom_padding=&#8220;|||&#8220; global_colors_info=&#8220;{}&#8220; custom_padding__hover=&#8220;|||&#8220;][et_pb_text _builder_version=&#8220;4.14.8&#8243; header_2_font_size=&#8220;16px&#8220; header_2_line_height=&#8220;1.4em&#8220; hover_enabled=&#8220;0&#8243; global_colors_info=&#8220;{}&#8220; sticky_enabled=&#8220;0&#8243;]<\/p>\n<h1>Datenschutzerkl\u00e4rung<\/h1>\n<p>Wir m\u00f6chten weder Ihre Daten ohne Ihre Zustimmung verwenden, noch wollen wir Ihnen ungew\u00fcnschte Werbung einblenden oder Ihren Weg auf unseren Seiten tracken.<\/p>\n<p>Deswegen verwenden wir weder Google Analytics, noch nutzen wir andere Dienste, um Ihr Besucherverhalten zu analysieren.<\/p>\n<p>Wir fragen Sie auch nicht nach Ihrem Namen. Falls Sie mit uns in Kontakt treten m\u00f6chten, ist lediglich Ihre E-Mail-Adresse n\u00f6tig.<\/p>\n<p>&nbsp;<\/p>\n<h2>Newsletter<\/h2>\n<p>Wir bieten einen Newsletter an. Dieser Newsletter informiert Sie \u00fcber neue Shen-Akupunktur-Versionen und sonstige Neuigkeiten rund um Leonardo. Er erscheint nicht regelm\u00e4\u00dfig.<\/p>\n<p>Dar\u00fcber hinaus enth\u00e4lt er einen kostenlosen e-Kurs zur Diagnostik und Therapie der Au\u00dferordentlichen Gef\u00e4\u00dfe.<\/p>\n<p>Sie empfangen den Newsletter nur, wenn Sie sich f\u00fcr den Bezug des Newsletters angemeldet haben. Dazu ist die Angabe einer g\u00fcltigen E-Mail-Adresse ausreichend.<\/p>\n<p>Um zu \u00fcberpr\u00fcfen, dass die Anmeldung tats\u00e4chlich von Ihnen gew\u00fcnscht ist, setzen wir das \u201eDouble-opt-in\u201c-Verfahren ein. Dabei wird eine E-Mail mit einem Best\u00e4tigungs-Link von unserem System an Sie verschickt. Erst wenn Sie den Best\u00e4tigungs-Link an uns senden, erhalten Sie den Newsletter.<\/p>\n<p>Dadurch wird verhindert, dass Dritte Ihre E-Mail-Adresse bei uns eintragen, ohne dass es von Ihnen gew\u00fcnscht ist.<\/p>\n<p>Ihre E-Mail-Adresse wird ausschlie\u00dflich f\u00fcr den Newsletter Versand verwendet und nicht an Dritte weitergegeben.<\/p>\n<p>Die Einwilligung zur Speicherung Ihrer E-Mail-Adresse und ihre Nutzung f\u00fcr den Newsletter Versand k\u00f6nnen Sie jederzeit mit Wirkung f\u00fcr die Zukunft widerrufen. In jedem Newsletter findet sich dazu ein entsprechender Link. Au\u00dferdem k\u00f6nnen Sie uns Ihren Widerruf \u00fcber die am Ende dieser Datenschutzhinweise angegebene Kontaktm\u00f6glichkeit mitteilen.<\/p>\n<p>&nbsp;<\/p>\n<h2>Kontaktformular<\/h2>\n<p>Durch Bereitstellung des Kontaktformulars m\u00f6chten wir Ihnen eine unkomplizierte Kontaktaufnahme erm\u00f6glichen. Ihre gemachten Angaben werden zum Zwecke der Bearbeitung der Anfrage sowie f\u00fcr m\u00f6gliche Anschlussfragen gespeichert. Hierf\u00fcr ist nur die Angabe einer g\u00fcltigen E-Mail-Adresse n\u00f6tig. Diese dient der Zuordnung der Anfrage und der anschlie\u00dfenden Beantwortung derselben. Die Angabe weiterer Daten ist optional.<\/p>\n<p>&nbsp;<\/p>\n<h2>Verwendung von Google Analytics<\/h2>\n<p>Wir verwenden Google Analytics nicht.<\/p>\n<p>&nbsp;<\/p>\n<h2>\u00c4nderung unserer Datenschutzbestimmungen<\/h2>\n<p>Wir behalten uns vor, diese Datenschutzerkl\u00e4rung gelegentlich anzupassen, damit sie stets den aktuellen rechtlichen Anforderungen entspricht oder um \u00c4nderungen unserer Leistungen in der Datenschutzerkl\u00e4rung umzusetzen, z. B. bei der Einf\u00fchrung neuer Services. F\u00fcr Ihren erneuten Besuch gilt dann die neue Datenschutzerkl\u00e4rung.<\/p>\n<p>&nbsp;<\/p>\n<h2>Verantwortliche Stelle im Sinne der Datenschutzgesetze ist:<\/h2>\n<p>Shen-Apps (Juergen Bschaden<br \/>Neuhoefe 4<br \/>Marburg, 35041<br \/>Germany<br \/>j.bschaden@shenprofessional.com<\/p>\n<p>&nbsp;<\/p>\n<p><strong>Shen-Akupunktur &#8211; Nutzungsbedingungen<\/strong><\/p>\n<p>Durch das Herunterladen oder die Nutzung der App gelten diese Bedingungen automatisch f\u00fcr Sie &#8211; Sie sollten sie daher sorgf\u00e4ltig lesen, bevor Sie die App nutzen. Es ist Ihnen nicht gestattet, die App, Teile der App oder unsere Markenzeichen in irgendeiner Weise zu kopieren oder zu ver\u00e4ndern. Sie d\u00fcrfen nicht versuchen, den Quellcode der App zu extrahieren, und Sie sollten auch nicht versuchen, die App in andere Sprachen zu \u00fcbersetzen oder abgeleitete Versionen zu erstellen. Die App selbst sowie alle Marken, Urheberrechte, Datenbankrechte und andere Rechte an geistigem Eigentum, die mit ihr verbunden sind, geh\u00f6ren weiterhin zu Shen-Apps.<\/p>\n<p>Shen-Apps setzt sich daf\u00fcr ein, dass die App so n\u00fctzlich und effizient wie m\u00f6glich ist. Aus diesem Grund behalten wir uns das Recht vor, jederzeit und ohne Angabe von Gr\u00fcnden \u00c4nderungen an der App vorzunehmen oder f\u00fcr ihre Dienste Geb\u00fchren zu erheben. Wir werden Ihnen niemals Geb\u00fchren f\u00fcr die App oder ihre Dienste in Rechnung stellen, ohne Ihnen genau zu erkl\u00e4ren, wof\u00fcr Sie bezahlen.<\/p>\n<p>Die Shen-Akupunktur-App speichert und verarbeitet personenbezogene Daten, die Sie uns zur Verf\u00fcgung gestellt haben, um unseren Service anbieten zu k\u00f6nnen. Es liegt in Ihrer Verantwortung, Ihr Telefon und den Zugang zur App sicher zu halten. Wir empfehlen Ihnen daher, Ihr Telefon nicht zu jailbreaken oder zu rooten, d. h. Softwarebeschr\u00e4nkungen und -einschr\u00e4nkungen des offiziellen Betriebssystems Ihres Ger\u00e4ts aufzuheben. Dies k\u00f6nnte Ihr Telefon anf\u00e4llig f\u00fcr Malware\/Viren\/Schadprogramme machen, die Sicherheitsfunktionen Ihres Telefons beeintr\u00e4chtigen und dazu f\u00fchren, dass die Shen-Akupunktur-App nicht mehr richtig oder \u00fcberhaupt nicht mehr funktioniert.<\/p>\n<p>Sie sollten sich dar\u00fcber im Klaren sein, dass es bestimmte Dinge gibt, f\u00fcr die Shen-Apps keine Verantwortung \u00fcbernehmen kann. Bestimmte Funktionen der App setzen voraus, dass eine aktive Internetverbindung besteht. Shen-Apps kann jedoch keine Verantwortung daf\u00fcr \u00fcbernehmen, dass die App nicht voll funktionsf\u00e4hig ist, wenn Sie keinen Zugang zu WLAN haben und Ihr Datenvolumen aufgebraucht ist.<\/p>\n<p>Wenn Sie die App au\u00dferhalb eines Gebiets mit Wi-Fi nutzen, sollten Sie daran denken, dass Ihre Vertragsbedingungen mit Ihrem Mobilfunkanbieter weiterhin gelten. Daher kann es sein, dass Ihnen Ihr Mobilfunkanbieter die Datenkosten f\u00fcr die Dauer der Verbindung beim Zugriff auf die App oder andere Geb\u00fchren von Dritten in Rechnung stellt. Mit der Nutzung der App \u00fcbernehmen Sie die Verantwortung f\u00fcr solche Geb\u00fchren, einschlie\u00dflich Roaming-Geb\u00fchren, wenn Sie die App au\u00dferhalb Ihres Heimatgebiets (d. h. Ihrer Region oder Ihres Landes) nutzen, ohne das Daten-Roaming zu deaktivieren. Wenn Sie nicht der Rechnungszahler f\u00fcr das Ger\u00e4t sind, auf dem Sie die App nutzen, beachten Sie bitte, dass wir davon ausgehen, dass Sie die Erlaubnis des Rechnungszahlers f\u00fcr die Nutzung der App erhalten haben.<\/p>\n<p>Ebenso kann Shen-Apps nicht immer die Verantwortung f\u00fcr die Art und Weise \u00fcbernehmen, wie Sie die App nutzen, d.h. Sie m\u00fcssen sicherstellen, dass Ihr Ger\u00e4t aufgeladen bleibt &#8211; wenn der Akku leer ist und Sie es nicht mehr einschalten k\u00f6nnen, um den Service zu nutzen, kann Shen-Apps keine Verantwortung \u00fcbernehmen.<\/p>\n<p>Im Hinblick auf die Verantwortung von Shen-Apps f\u00fcr Ihre Nutzung der App ist es wichtig, dass Sie bei der Nutzung der App bedenken, dass wir uns zwar bem\u00fchen, die App stets auf dem neuesten Stand und korrekt zu halten, dass wir uns aber auf Dritte verlassen, die uns Informationen zur Verf\u00fcgung stellen, damit wir sie Ihnen zur Verf\u00fcgung stellen k\u00f6nnen. Shen-Apps \u00fcbernimmt keine Haftung f\u00fcr direkte oder indirekte Verluste, die Ihnen dadurch entstehen, dass Sie sich ausschlie\u00dflich auf diese Funktionalit\u00e4t der App verlassen.<\/p>\n<p>Es kann sein, dass wir die App irgendwann einmal aktualisieren m\u00f6chten. Die App ist derzeit f\u00fcr Android und iOS verf\u00fcgbar &#8211; die Anforderungen f\u00fcr beide Systeme (und f\u00fcr alle weiteren Systeme, auf die wir die Verf\u00fcgbarkeit der App ausweiten) k\u00f6nnen sich \u00e4ndern, und Sie m\u00fcssen die Updates herunterladen, wenn Sie die App weiterhin nutzen m\u00f6chten. Shen-Apps verspricht nicht, die App immer so zu aktualisieren, dass sie f\u00fcr Sie relevant ist und\/oder mit der iOS\/Android-Version funktioniert, die Sie auf Ihrem Ger\u00e4t installiert haben. Sie verpflichten sich jedoch, Aktualisierungen der Anwendung immer zu akzeptieren, wenn sie Ihnen angeboten werden. Wir k\u00f6nnen auch die Bereitstellung der App einstellen und k\u00f6nnen die Nutzung der App jederzeit beenden, ohne Sie dar\u00fcber zu informieren. Sofern wir Ihnen nichts anderes mitteilen, enden bei einer Beendigung (a) die Ihnen in diesen Bedingungen gew\u00e4hrten Rechte und Lizenzen; (b) Sie m\u00fcssen die Nutzung der App einstellen und sie (falls erforderlich) von Ihrem Ger\u00e4t l\u00f6schen.<\/p>\n<p>&nbsp;<\/p>\n<p><strong>\u00c4nderungen an diesen Bedingungen und Konditionen<\/strong><\/p>\n<p>Wir k\u00f6nnen unsere Allgemeinen Gesch\u00e4ftsbedingungen von Zeit zu Zeit aktualisieren. Wir empfehlen Ihnen daher, diese Seite regelm\u00e4\u00dfig auf \u00c4nderungen zu \u00fcberpr\u00fcfen. Wir werden Sie \u00fcber alle \u00c4nderungen informieren, indem wir die neuen Bedingungen auf dieser Seite ver\u00f6ffentlichen. Diese \u00c4nderungen treten unmittelbar nach ihrer Ver\u00f6ffentlichung auf dieser Seite in Kraft.<\/p>\n<p>&nbsp;<\/p>\n<p><strong>Kontaktieren Sie uns<\/strong><\/p>\n<p>Wenn Sie Fragen oder Anregungen haben, z\u00f6gern Sie nicht, uns zu kontaktieren.<\/p>\n<p>&nbsp;<\/p>\n<p>&nbsp;<\/p>\n<p>[\/et_pb_text][\/et_pb_column][\/et_pb_row][\/et_pb_section]<\/p>\n","protected":false},"excerpt":{"rendered":"<p>Datenschutzerkl\u00e4rung Wir m\u00f6chten weder Ihre Daten ohne Ihre Zustimmung verwenden, noch wollen wir Ihnen ungew\u00fcnschte Werbung einblenden oder Ihren Weg auf unseren Seiten tracken. Deswegen verwenden wir weder Google Analytics, noch nutzen wir andere Dienste, um Ihr Besucherverhalten zu analysieren. Wir fragen Sie auch nicht nach Ihrem Namen. Falls Sie mit uns in Kontakt treten [&hellip;]<\/p>\n","protected":false},"author":1,"featured_media":0,"parent":0,"menu_order":0,"comment_status":"closed","ping_status":"closed","template":"","meta":{"_et_pb_use_builder":"on","_et_pb_old_content":"","_et_gb_content_width":"","footnotes":""},"class_list":["post-1542","page","type-page","status-publish","hentry"],"aioseo_notices":[],"_links":{"self":[{"href":"https:\/\/shen-apps.com\/de\/wp-json\/wp\/v2\/pages\/1542","targetHints":{"allow":["GET"]}}],"collection":[{"href":"https:\/\/shen-apps.com\/de\/wp-json\/wp\/v2\/pages"}],"about":[{"href":"https:\/\/shen-apps.com\/de\/wp-json\/wp\/v2\/types\/page"}],"author":[{"embeddable":true,"href":"https:\/\/shen-apps.com\/de\/wp-json\/wp\/v2\/users\/1"}],"replies":[{"embeddable":true,"href":"https:\/\/shen-apps.com\/de\/wp-json\/wp\/v2\/comments?post=1542"}],"version-history":[{"count":0,"href":"https:\/\/shen-apps.com\/de\/wp-json\/wp\/v2\/pages\/1542\/revisions"}],"wp:attachment":[{"href":"https:\/\/shen-apps.com\/de\/wp-json\/wp\/v2\/media?parent=1542"}],"curies":[{"name":"wp","href":"https:\/\/api.w.org\/{rel}","templated":true}]}}