{"id":369,"date":"2018-12-17T07:56:04","date_gmt":"2018-12-17T07:56:04","guid":{"rendered":"http:\/\/shen-apps.com\/50-2"},"modified":"2026-04-15T10:26:48","modified_gmt":"2026-04-15T10:26:48","slug":"50-2","status":"publish","type":"page","link":"https:\/\/shen-apps.com\/de","title":{"rendered":"Home"},"content":{"rendered":"<p>[et_pb_section fb_built=&#8220;1&#8243; _builder_version=&#8220;4.16&#8243; background_color=&#8220;#efefef&#8220; custom_padding=&#8220;1px|0px|3px|0px|false|false&#8220; top_divider_style=&#8220;triangle&#8220; top_divider_color=&#8220;#676767&#8243; top_divider_height=&#8220;42px&#8220; top_divider_flip=&#8220;vertical&#8220; animation_style=&#8220;fade&#8220; animation_duration=&#8220;1400ms&#8220; global_colors_info=&#8220;{}&#8220;][et_pb_row module_class=&#8220; et_pb_row_fullwidth&#8220; _builder_version=&#8220;4.16&#8243; width=&#8220;89%&#8220; width_tablet=&#8220;80%&#8220; width_phone=&#8220;&#8220; width_last_edited=&#8220;on|desktop&#8220; max_width=&#8220;89%&#8220; max_width_tablet=&#8220;80%&#8220; max_width_phone=&#8220;&#8220; max_width_last_edited=&#8220;on|desktop&#8220; custom_padding=&#8220;58px|0px|24px|0px|false|false&#8220; make_fullwidth=&#8220;on&#8220; global_colors_info=&#8220;{}&#8220;][et_pb_column type=&#8220;4_4&#8243; _builder_version=&#8220;4.16&#8243; custom_padding=&#8220;|||&#8220; global_colors_info=&#8220;{}&#8220; custom_padding__hover=&#8220;|||&#8220;][et_pb_text _builder_version=&#8220;4.27.6&#8243; _module_preset=&#8220;c1f0b0df-a252-44db-b59f-4c29c45506ae&#8220; text_text_color=&#8220;#686868&#8243; header_text_color=&#8220;#bf2626&#8243; min_height_tablet=&#8220;100px&#8220; min_height_phone=&#8220;100px&#8220; min_height_last_edited=&#8220;on|tablet&#8220; custom_padding=&#8220;11px||0px|||&#8220; hover_enabled=&#8220;0&#8243; global_colors_info=&#8220;{}&#8220; sticky_enabled=&#8220;0&#8243;]<\/p>\n<h1 style=\"text-align: center;\">Shen Akupunktur<\/h1>\n<p style=\"text-align: center;\"><strong>Akupunkturatlas \u2013 Powersuche &#8211; TCM-Diagnosen \u2013 TCM-Grundlagen<\/strong><\/p>\n<p>[\/et_pb_text][et_pb_image src=&#8220;https:\/\/shen-apps.com\/wp-content\/uploads\/2022\/02\/title-three.png&#8220; title_text=&#8220;title-three&#8220; align=&#8220;center&#8220; _builder_version=&#8220;4.16&#8243; _module_preset=&#8220;default&#8220; max_width_tablet=&#8220;&#8220; max_width_phone=&#8220;&#8220; max_width_last_edited=&#8220;on|phone&#8220; custom_margin=&#8220;-31px|||||&#8220; custom_padding=&#8220;8px|||||&#8220; global_colors_info=&#8220;{}&#8220;][\/et_pb_image][\/et_pb_column][\/et_pb_row][et_pb_row module_class=&#8220; et_pb_row_fullwidth&#8220; _builder_version=&#8220;4.27.0&#8243; width=&#8220;100%&#8220; width_tablet=&#8220;80%&#8220; width_phone=&#8220;100%&#8220; width_last_edited=&#8220;on|phone&#8220; max_width=&#8220;89%&#8220; max_width_tablet=&#8220;80%&#8220; max_width_phone=&#8220;106%&#8220; max_width_last_edited=&#8220;on|desktop&#8220; module_alignment=&#8220;center&#8220; custom_padding=&#8220;0px||3px||false|false&#8220; make_fullwidth=&#8220;on&#8220; global_colors_info=&#8220;{}&#8220;][et_pb_column type=&#8220;4_4&#8243; _builder_version=&#8220;4.16&#8243; custom_padding=&#8220;|||&#8220; global_colors_info=&#8220;{}&#8220; custom_padding__hover=&#8220;|||&#8220;][et_pb_text _builder_version=&#8220;4.27.0&#8243; _module_preset=&#8220;c1f0b0df-a252-44db-b59f-4c29c45506ae&#8220; text_font=&#8220;|||||on|||&#8220; custom_margin=&#8220;||30px||false|false&#8220; custom_padding=&#8220;0px|||||&#8220; text_font_size_tablet=&#8220;14px&#8220; text_font_size_phone=&#8220;11px&#8220; text_line_height_tablet=&#8220;&#8220; text_line_height_phone=&#8220;1.5em&#8220; text_line_height_last_edited=&#8220;on|tablet&#8220; global_colors_info=&#8220;{}&#8220;]<\/p>\n<p style=\"text-align: center; color: #5e5e5e;\"><strong style=\"font-size: x-large; color: black; text-align: center;\"><span style=\"background-color: transparent; color: #5e5e5e; font-family: Arial; font-size: 19.6px; font-style: normal; font-variant: normal; font-weight: 400; line-height: 23.52px;\"><\/span><\/strong><strong><\/strong><\/p>\n<p style=\"text-align: center;\">Seit vielen Jahrhunderten wird Traditionelle Chinesische Medizin ununterbrochen gelehrt und angewendet.<br \/>Kaum eine andere Medizin kann den Menschen so individuell verstehen und behandeln.<\/p>\n<p style=\"text-align: center;\">Wir helfen Ihnen, diese alte Kunst zu beherrschen.<\/p>\n<p>[\/et_pb_text][et_pb_image src=&#8220;https:\/\/shen-apps.com\/wp-content\/uploads\/2022\/02\/buttons-red.png&#8220; title_text=&#8220;buttons-red&#8220; align=&#8220;center&#8220; _builder_version=&#8220;4.16&#8243; _module_preset=&#8220;default&#8220; global_colors_info=&#8220;{}&#8220;][\/et_pb_image][et_pb_text _builder_version=&#8220;4.27.0&#8243; _module_preset=&#8220;07bb8339-cb4d-483f-b29f-31ec790f3664&#8243; text_text_color=&#8220;#0C71C3&#8243; custom_margin=&#8220;||2px||false|false&#8220; custom_padding=&#8220;||25px||false|false&#8220; global_colors_info=&#8220;{}&#8220;]<\/p>\n<h2 style=\"text-align: center;\">Jetzt in deinem App Store <strong>herunterladen<\/strong>!<\/h2>\n<p style=\"text-align: center;\"><span style=\"color: #333333;\">2 TCM-Fachb\u00fccher, 150 Akupunkturpunkte, 50 TCM Diagnosen sowie 500 Symptome mit TCM-Diagnostik gibt es <strong>kostenlos<\/strong> in der Shen-Akupunktur-App.<\/span><\/p>\n<p style=\"text-align: center;\"><span style=\"color: #333333;\">Und noch mehr gibt es in der <strong>Shen-Akupunktur Vollversion!<\/strong><\/span><\/p>\n<p>[\/et_pb_text][et_pb_text _builder_version=&#8220;4.27.0&#8243; _module_preset=&#8220;07bb8339-cb4d-483f-b29f-31ec790f3664&#8243; text_text_color=&#8220;#353535&#8243; text_line_height=&#8220;1em&#8220; header_2_font_size=&#8220;24px&#8220; text_orientation=&#8220;center&#8220; width=&#8220;81&#8243; width_tablet=&#8220;100%&#8220; width_phone=&#8220;&#8220; width_last_edited=&#8220;on|desktop&#8220; min_height=&#8220;50px&#8220; height=&#8220;80&#8243; text_font_size_phone=&#8220;10px&#8220; text_line_height_phone=&#8220;1em&#8220; header_2_font_size_tablet=&#8220;20px&#8220; header_2_font_size_phone=&#8220;15px&#8220; global_module=&#8220;6952&#8243; saved_tabs=&#8220;all&#8220; global_colors_info=&#8220;{}&#8220;]<\/p>\n<table style=\"width: 60%; border-collapse: collapse; border-style: none; border-color: #ffffff; margin-left: auto; margin-right: auto;\" border=\"0\">\n<tbody>\n<tr>\n<td style=\"width: 33.3333%; text-align: center;\"><a href=\"https:\/\/play.google.com\/store\/apps\/details?id=com.digitalbithub.shen\" target=\"_blank\" rel=\"noopener\"><img loading=\"lazy\" decoding=\"async\" class=\"wp-image-3459 alignnone size-full\" src=\"http:\/\/shen-apps.com\/wp-content\/uploads\/2022\/03\/Playstore.png\" alt=\"\" width=\"94\" height=\"93\" srcset=\"https:\/\/shen-apps.com\/wp-content\/uploads\/2022\/03\/Playstore.png 154w, https:\/\/shen-apps.com\/wp-content\/uploads\/2022\/03\/Playstore-150x150.png 150w\" sizes=\"(max-width: 94px) 100vw, 94px\" \/><\/a><\/td>\n<td style=\"width: 33.3333%; text-align: center;\"><a href=\"https:\/\/appgallery.huawei.com\/app\/C105509091\" target=\"_blank\" rel=\"noopener\"><img loading=\"lazy\" decoding=\"async\" class=\"wp-image-3466 alignnone size-full\" src=\"http:\/\/shen-apps.com\/wp-content\/uploads\/2022\/03\/AppGallery.png\" alt=\"\" width=\"100\" height=\"99\" srcset=\"https:\/\/shen-apps.com\/wp-content\/uploads\/2022\/03\/AppGallery.png 154w, https:\/\/shen-apps.com\/wp-content\/uploads\/2022\/03\/AppGallery-150x150.png 150w\" sizes=\"(max-width: 100px) 100vw, 100px\" \/><\/a><\/td>\n<td style=\"width: 33.3333%; text-align: center;\"><a href=\"https:\/\/itunes.apple.com\/us\/app\/shen-acupuncture\/id1384099547?ls=1&amp;mt=8\" target=\"_blank\" rel=\"noopener\"><img loading=\"lazy\" decoding=\"async\" class=\"wp-image-3473 alignnone size-full\" src=\"http:\/\/shen-apps.com\/wp-content\/uploads\/2022\/03\/AppStore.png\" alt=\"\" width=\"81\" height=\"80\" srcset=\"https:\/\/shen-apps.com\/wp-content\/uploads\/2022\/03\/AppStore.png 154w, https:\/\/shen-apps.com\/wp-content\/uploads\/2022\/03\/AppStore-150x150.png 150w\" sizes=\"(max-width: 81px) 100vw, 81px\" \/><\/a><\/td>\n<\/tr>\n<tr>\n<td style=\"width: 33.3333%; text-align: center;\">Google<br \/><a href=\"https:\/\/play.google.com\/store\/apps\/details?id=com.digitalbithub.shen\" target=\"_blank\" rel=\"noopener\"><strong>PlayStore<\/strong><\/a><\/td>\n<td style=\"width: 33.3333%; text-align: center;\">Huawei<br \/><a href=\"https:\/\/appgallery.huawei.com\/app\/C105509091\" target=\"_blank\" rel=\"noopener\"><strong>AppGallery<\/strong><\/a><\/td>\n<td style=\"width: 33.3333%; text-align: center;\">Apple<br \/><a href=\"https:\/\/itunes.apple.com\/us\/app\/shen-acupuncture\/id1384099547?ls=1&amp;mt=8\" target=\"_blank\" rel=\"noopener\"><strong>AppStore<\/strong><\/a><\/td>\n<\/tr>\n<\/tbody>\n<\/table>\n<p>[\/et_pb_text][\/et_pb_column][\/et_pb_row][\/et_pb_section][et_pb_section fb_built=&#8220;1&#8243; admin_label=&#8220;1Sektion&#8220; _builder_version=&#8220;4.16&#8243; background_color=&#8220;#666666&#8243; custom_padding=&#8220;0|0px|69.1px|0px|false|false&#8220; top_divider_style=&#8220;arrow&#8220; top_divider_color=&#8220;#efefef&#8220; bottom_divider_style=&#8220;curve2&#8243; bottom_divider_color=&#8220;#FFFFFF&#8220; animation_style=&#8220;slide&#8220; animation_direction=&#8220;right&#8220; animation_duration=&#8220;1500ms&#8220; global_colors_info=&#8220;{}&#8220;][et_pb_row column_structure=&#8220;1_2,1_2&#8243; _builder_version=&#8220;4.16&#8243; custom_padding=&#8220;90px|0px|0|0px|false|false&#8220; global_colors_info=&#8220;{}&#8220;][et_pb_column type=&#8220;1_2&#8243; _builder_version=&#8220;4.16&#8243; custom_padding=&#8220;|||&#8220; global_colors_info=&#8220;{}&#8220; custom_padding__hover=&#8220;|||&#8220;][et_pb_image src=&#8220;https:\/\/shen-apps.com\/wp-content\/uploads\/2022\/02\/Atlas-DE.png&#8220; title_text=&#8220;Atlas-DE&#8220; _builder_version=&#8220;4.16&#8243; _module_preset=&#8220;default&#8220; global_colors_info=&#8220;{}&#8220;][\/et_pb_image][\/et_pb_column][et_pb_column type=&#8220;1_2&#8243; _builder_version=&#8220;4.16&#8243; custom_padding=&#8220;|||&#8220; global_colors_info=&#8220;{}&#8220; custom_padding__hover=&#8220;|||&#8220;][et_pb_text _builder_version=&#8220;4.27.0&#8243; _module_preset=&#8220;a7da8209-bfa4-4ddc-80f3-b4e5d9f9f940&#8243; header_2_font_size_phone=&#8220;15px&#8220; global_colors_info=&#8220;{}&#8220;]<\/p>\n<h2>Um 1000 Seiten Akupunkturatlas zu durchsuchen, ben\u00f6tigt Shen-Akupunktur nur den Bruchteil einer Sekunde.<\/h2>\n<p>In der App finden Sie den kompletten Shen-Akupunkturatlas \u2013 ein Nachschlagewerk mit \u00fcber 1000 Seiten und mehr als 400 hochwertigen Akupunkturtafeln.<\/p>\n<p><strong>409 Akupunkturpunkte!<\/strong><br \/>Jeder Akupunkturpunkt mit detaillierter Lagebeschreibung, TCM-Funktionen, Indikationen, speziellen Qualifikationen, Nadelung und mehr.<\/p>\n<p><strong>469 Akupunkturtafeln!<\/strong><br \/>Hochwertige Akupunkturtafeln zeigen jeden Punkt auf vier anatomischen Ebenen: Haut, Muskulatur, Skelett und Innere Organe mit Gef\u00e4\u00dfen und Nerven.<\/p>\n<p>Die Volltextsuche der Shen-Akupunktur App macht ihre Arbeit kompromisslos und schnell. Um 1000 Seiten Akupunkturatlas nach \u201eAsthma\u201c zu durchsuchen, ben\u00f6tigt sie nur den Bruchteil einer Sekunde.<span style=\"color: rgba(0, 0, 0, 0.5); font-family: 'Open Sans', sans-serif; font-size: 14px; font-style: normal; font-variant-ligatures: normal; font-variant-caps: normal; font-weight: 400; letter-spacing: normal; orphans: 2; text-align: left; text-indent: 0px; text-transform: none; white-space: normal; widows: 2; word-spacing: 0px; -webkit-text-stroke-width: 0px; background-color: #ffffff; text-decoration-thickness: initial; text-decoration-style: initial; text-decoration-color: initial; display: inline !important; float: none;\"><\/span><strong><\/strong><\/p>\n<p>[\/et_pb_text][\/et_pb_column][\/et_pb_row][\/et_pb_section][et_pb_section fb_built=&#8220;1&#8243; admin_label=&#8220;2Sektion&#8220; _builder_version=&#8220;4.16&#8243; _module_preset=&#8220;default&#8220; custom_padding=&#8220;7px||0px|||&#8220; global_colors_info=&#8220;{}&#8220;][et_pb_row column_structure=&#8220;1_2,1_2&#8243; _builder_version=&#8220;4.16&#8243; _module_preset=&#8220;default&#8220; custom_padding=&#8220;0px|||||&#8220; global_colors_info=&#8220;{}&#8220;][et_pb_column type=&#8220;1_2&#8243; _builder_version=&#8220;4.16&#8243; _module_preset=&#8220;default&#8220; global_colors_info=&#8220;{}&#8220;][et_pb_text _builder_version=&#8220;4.27.0&#8243; _module_preset=&#8220;7fad7065-1385-4284-ab54-a32286194bcc&#8220; header_2_font_size_tablet=&#8220;&#8220; header_2_font_size_phone=&#8220;&#8220; header_2_font_size_last_edited=&#8220;on|desktop&#8220; global_colors_info=&#8220;{}&#8220;]<\/p>\n<h2>Powersuche &#8211; eine geniale Funktion!<\/h2>\n<p>Die Powersuche ist eine geniale Erg\u00e4nzung zur Volltextsuche und verf\u00fcgt \u00fcber eine besondere Intelligenz, die Ihnen nur mit der App zur Verf\u00fcgung steht. Diese Intelligenz besteht aus 5000 von TCM-Spezialisten geschaffenen Verbindungen zwischen TCM-Diagnosen und Akupunkturpunkten, die Sie mit der Volltextsuche nie finden w\u00fcrden.<\/p>\n<p>Nur die Powersuche kann Ihnen wirklich alle Akupunkturpunkte zeigen, die z.B. Nieren-Yin-Mangel behandeln. Kombinierte Suchen sind dabei ebenfalls m\u00f6glich: Z.B. Suche nach allen Punkten die das Nieren-Yin UND das Herz-Yin st\u00e4rken, oder zeige alle Shu-Bach-Punkte, die Hitze vertreiben.<strong><\/strong><\/p>\n<p style=\"text-align: center;\">[\/et_pb_text][\/et_pb_column][et_pb_column type=&#8220;1_2&#8243; _builder_version=&#8220;4.16&#8243; _module_preset=&#8220;default&#8220; global_colors_info=&#8220;{}&#8220;][et_pb_image src=&#8220;https:\/\/shen-apps.com\/wp-content\/uploads\/2022\/02\/Powersearch-DE.png&#8220; title_text=&#8220;Powersearch-DE&#8220; align=&#8220;center&#8220; _builder_version=&#8220;4.16&#8243; _module_preset=&#8220;default&#8220; global_colors_info=&#8220;{}&#8220;][\/et_pb_image][\/et_pb_column][\/et_pb_row][\/et_pb_section][et_pb_section fb_built=&#8220;1&#8243; prev_background_color=&#8220;#ffffff&#8220; next_background_color=&#8220;#137a41&#8243; admin_label=&#8220;3Sektion&#8220; _builder_version=&#8220;4.16&#8243; _module_preset=&#8220;default&#8220; background_color=&#8220;#095fa0&#8243; top_divider_style=&#8220;arrow2&#8243; bottom_divider_style=&#8220;ramp&#8220; bottom_divider_flip=&#8220;horizontal|vertical&#8220; global_colors_info=&#8220;{}&#8220;][et_pb_row column_structure=&#8220;1_2,1_2&#8243; _builder_version=&#8220;4.16&#8243; _module_preset=&#8220;default&#8220; global_colors_info=&#8220;{}&#8220;][et_pb_column type=&#8220;1_2&#8243; _builder_version=&#8220;4.16&#8243; _module_preset=&#8220;default&#8220; global_colors_info=&#8220;{}&#8220;][et_pb_image src=&#8220;https:\/\/shen-apps.com\/wp-content\/uploads\/2022\/02\/TCMDiagnosen-DE.png&#8220; title_text=&#8220;TCMDiagnosen-DE&#8220; align=&#8220;center&#8220; _builder_version=&#8220;4.16&#8243; _module_preset=&#8220;default&#8220; global_colors_info=&#8220;{}&#8220;][\/et_pb_image][\/et_pb_column][et_pb_column type=&#8220;1_2&#8243; _builder_version=&#8220;4.16&#8243; _module_preset=&#8220;default&#8220; global_colors_info=&#8220;{}&#8220;][et_pb_text _builder_version=&#8220;4.27.0&#8243; _module_preset=&#8220;a7da8209-bfa4-4ddc-80f3-b4e5d9f9f940&#8243; text_text_color=&#8220;#e2e2e2&#8243; header_text_color=&#8220;#d1d1d1&#8243; min_height=&#8220;214px&#8220; header_font_size_tablet=&#8220;40px&#8220; header_font_size_phone=&#8220;27px&#8220; header_text_shadow_color=&#8220;#383838&#8243; global_colors_info=&#8220;{}&#8220;]<\/p>\n<h2>Leitsymptome, Ursachen und Therapiehinweise<\/h2>\n<p>\u00dcbersichtlich strukturiert finden Sie in der Shen-Akupunktur App Fachwissen zu Pathogenen Faktoren, Disharmoniemuster der Substanzen, Zang Fu und zu den 8 Au\u00dferordentlichen Gef\u00e4\u00dfen:<\/p>\n<ul>\n<li>Leitsymptome zur effizienten Identifikation der Disharmoniemuster<\/li>\n<li>Ursachen: Erl\u00e4uterung zur Entstehung der Disharmoniemuster, auch mit emotionalen Aspekten und Ern\u00e4hrung<\/li>\n<li>Therapiehinweise: M\u00f6gliche Behandlungsstrategien.<\/li>\n<li>Erprobte Punktkombinationen zur Behandlung der jeweiligen TCM-Diagnose<\/li>\n<\/ul>\n<p style=\"text-align: center;\">[\/et_pb_text][\/et_pb_column][\/et_pb_row][\/et_pb_section][et_pb_section fb_built=&#8220;1&#8243; admin_label=&#8220;4Sektion&#8220; _builder_version=&#8220;4.16&#8243; _module_preset=&#8220;default&#8220; background_color=&#8220;#137a41&#8243; custom_padding=&#8220;10px||3px|||&#8220; global_colors_info=&#8220;{}&#8220;][et_pb_row column_structure=&#8220;1_2,1_2&#8243; _builder_version=&#8220;4.16&#8243; _module_preset=&#8220;default&#8220; custom_padding=&#8220;0px|||||&#8220; global_colors_info=&#8220;{}&#8220;][et_pb_column type=&#8220;1_2&#8243; _builder_version=&#8220;4.16&#8243; _module_preset=&#8220;default&#8220; global_colors_info=&#8220;{}&#8220;][et_pb_text _builder_version=&#8220;4.27.0&#8243; _module_preset=&#8220;a7da8209-bfa4-4ddc-80f3-b4e5d9f9f940&#8243; text_text_color=&#8220;#eaeaea&#8220; header_text_color=&#8220;#d3d3d3&#8243; header_font_size=&#8220;43px&#8220; header_font_size_tablet=&#8220;41px&#8220; header_font_size_phone=&#8220;30px&#8220; global_colors_info=&#8220;{}&#8220;]<\/p>\n<h2>Weltweit gr\u00f6\u00dfte Symptom-Sammlung<\/h2>\n<p>Shen-Akupunktur beinhaltet die weltweit gr\u00f6\u00dfte Sammlung an Symptomen und westliche Krankheitsbilder mit zugeh\u00f6riger TCM-Diagnostik.<\/p>\n<p>Wenn Sie die TCM-Diagnose zu einem bestimmten Krankheitsbild oder einem Symptom wissen m\u00f6chten, werden Sie hier garantiert f\u00fcndig.<strong><br \/><\/strong><\/p>\n<p style=\"text-align: center;\">[\/et_pb_text][\/et_pb_column][et_pb_column type=&#8220;1_2&#8243; _builder_version=&#8220;4.16&#8243; _module_preset=&#8220;default&#8220; global_colors_info=&#8220;{}&#8220;][et_pb_image src=&#8220;https:\/\/shen-apps.com\/wp-content\/uploads\/2022\/02\/Symptoms-DE.png&#8220; title_text=&#8220;Symptoms-DE&#8220; align=&#8220;center&#8220; _builder_version=&#8220;4.16&#8243; _module_preset=&#8220;default&#8220; global_colors_info=&#8220;{}&#8220;][\/et_pb_image][\/et_pb_column][\/et_pb_row][\/et_pb_section][et_pb_section fb_built=&#8220;1&#8243; prev_background_color=&#8220;#137a41&#8243; admin_label=&#8220;5Sektion&#8220; _builder_version=&#8220;4.16&#8243; _module_preset=&#8220;default&#8220; background_color=&#8220;#d6d6d6&#8243; custom_padding=&#8220;||0px|||&#8220; top_divider_style=&#8220;arrow2&#8243; global_colors_info=&#8220;{}&#8220;][et_pb_row column_structure=&#8220;1_2,1_2&#8243; _builder_version=&#8220;4.16&#8243; _module_preset=&#8220;default&#8220; custom_padding=&#8220;||0px|||&#8220; global_colors_info=&#8220;{}&#8220;][et_pb_column type=&#8220;1_2&#8243; _builder_version=&#8220;4.16&#8243; _module_preset=&#8220;default&#8220; global_colors_info=&#8220;{}&#8220;][et_pb_image src=&#8220;https:\/\/shen-apps.com\/wp-content\/uploads\/2022\/02\/TCMTheorie-DE.png&#8220; title_text=&#8220;TCMTheorie-DE&#8220; align=&#8220;center&#8220; _builder_version=&#8220;4.16&#8243; _module_preset=&#8220;default&#8220; global_colors_info=&#8220;{}&#8220;][\/et_pb_image][\/et_pb_column][et_pb_column type=&#8220;1_2&#8243; _builder_version=&#8220;4.16&#8243; _module_preset=&#8220;default&#8220; global_colors_info=&#8220;{}&#8220;][et_pb_text _builder_version=&#8220;4.27.0&#8243; _module_preset=&#8220;d1727bff-cf16-4e5d-8879-c504e014070b&#8220; global_colors_info=&#8220;{}&#8220;]<\/p>\n<h2><strong><\/strong><\/h2>\n<h2><strong>Mit Fokus auf das Wesentliche wird Ihr TCM-Studium zum Erfolg!<\/strong><\/h2>\n<p>Mit den Grundlagen der TCM in der Shen-Akupunktur-App finden Sie einen <span style=\"text-decoration: underline;\">deutlich schnelleren Einstieg in die Traditionelle Chinesische Medizin<\/span> als mit einem herk\u00f6mmlichen Fachbuch.<\/p>\n<p>Die Schwierigkeiten kommen erst bei echten Problempatienten. Die Grundlagen der TCM sind bereits in der kostenlosen Version enthalten.<strong><br \/><\/strong><\/p>\n<p style=\"text-align: center;\">[\/et_pb_text][\/et_pb_column][\/et_pb_row][\/et_pb_section][et_pb_section fb_built=&#8220;1&#8243; prev_background_color=&#8220;#d6d6d6&#8243; admin_label=&#8220;6Sektion&#8220; _builder_version=&#8220;4.16&#8243; _module_preset=&#8220;default&#8220; custom_padding=&#8220;21px|||||&#8220; top_divider_style=&#8220;arrow3&#8243; global_colors_info=&#8220;{}&#8220;][et_pb_row _builder_version=&#8220;4.16&#8243; _module_preset=&#8220;default&#8220; custom_padding=&#8220;71px||2px|||&#8220; global_colors_info=&#8220;{}&#8220;][et_pb_column type=&#8220;4_4&#8243; _builder_version=&#8220;4.16&#8243; _module_preset=&#8220;default&#8220; global_colors_info=&#8220;{}&#8220;][et_pb_text _builder_version=&#8220;4.27.0&#8243; _module_preset=&#8220;7fad7065-1385-4284-ab54-a32286194bcc&#8220; header_text_color=&#8220;#6b6b6b&#8220; custom_padding=&#8220;1px|||||&#8220; header_font_size_tablet=&#8220;40px&#8220; header_font_size_phone=&#8220;23px&#8220; global_colors_info=&#8220;{}&#8220;]<\/p>\n<h2>Speichern Sie Notizen, Bilder, Audio und Akupunkturpunkte<\/h2>\n<p>Ob Notizen zu Patienten, Behandlungsideen, To Do-Listen, Bilder zur Zungendiagnostik, Audio oder Ergebnisse Ihrer Punktsuchen \u2013 MyDatenbank in der Shen-Akupunktur App speichert alles.<\/p>\n<div class=\"su-list su-list-style-\">\n<ul>\n<li>Erstellen Sie eigene Kategorien f\u00fcr Notizen, Patienten, Krankheitsbilder etc.<\/li>\n<li>Speichern Sie beliebig Text, Bild, Audio oder Akupunkturpunkte<\/li>\n<li>Importieren Sie in MyKorb gespeicherte Punktkombinationen direkt zu Patienten oder Krankheitsbildern<\/li>\n<li>Speichern Sie Bilder zur Zungendiagnostik zum Patienten<\/li>\n<li><strong>Keine Angst vor Datenverlust:<\/strong> Erstellen Sie ein Backup und Sie k\u00f6nnen Ihre Daten jederzeit und von jedem Ger\u00e4t wieder importieren. Auch bei Smartphone-Wechsel oder Verlust!<\/li>\n<\/ul>\n<\/div>\n<p>&nbsp;<\/p>\n<p style=\"text-align: center;\">[\/et_pb_text][\/et_pb_column][\/et_pb_row][\/et_pb_section]<\/p>\n","protected":false},"excerpt":{"rendered":"<p>Shen Akupunktur Akupunkturatlas \u2013 Powersuche &#8211; TCM-Diagnosen \u2013 TCM-Grundlagen Seit vielen Jahrhunderten wird Traditionelle Chinesische Medizin ununterbrochen gelehrt und angewendet.Kaum eine andere Medizin kann den Menschen so individuell verstehen und behandeln. Wir helfen Ihnen, diese alte Kunst zu beherrschen.Jetzt in deinem App Store herunterladen! 2 TCM-Fachb\u00fccher, 150 Akupunkturpunkte, 50 TCM Diagnosen sowie 500 Symptome mit [&hellip;]<\/p>\n","protected":false},"author":1,"featured_media":0,"parent":0,"menu_order":0,"comment_status":"closed","ping_status":"closed","template":"","meta":{"_et_pb_use_builder":"on","_et_pb_old_content":"","_et_gb_content_width":"","footnotes":""},"class_list":["post-369","page","type-page","status-publish","hentry"],"aioseo_notices":[],"_links":{"self":[{"href":"https:\/\/shen-apps.com\/de\/wp-json\/wp\/v2\/pages\/369","targetHints":{"allow":["GET"]}}],"collection":[{"href":"https:\/\/shen-apps.com\/de\/wp-json\/wp\/v2\/pages"}],"about":[{"href":"https:\/\/shen-apps.com\/de\/wp-json\/wp\/v2\/types\/page"}],"author":[{"embeddable":true,"href":"https:\/\/shen-apps.com\/de\/wp-json\/wp\/v2\/users\/1"}],"replies":[{"embeddable":true,"href":"https:\/\/shen-apps.com\/de\/wp-json\/wp\/v2\/comments?post=369"}],"version-history":[{"count":62,"href":"https:\/\/shen-apps.com\/de\/wp-json\/wp\/v2\/pages\/369\/revisions"}],"predecessor-version":[{"id":7281,"href":"https:\/\/shen-apps.com\/de\/wp-json\/wp\/v2\/pages\/369\/revisions\/7281"}],"wp:attachment":[{"href":"https:\/\/shen-apps.com\/de\/wp-json\/wp\/v2\/media?parent=369"}],"curies":[{"name":"wp","href":"https:\/\/api.w.org\/{rel}","templated":true}]}}