{"id":752,"date":"2018-12-21T07:40:07","date_gmt":"2018-12-21T07:40:07","guid":{"rendered":"http:\/\/shen-apps.com\/registration"},"modified":"2024-09-08T17:13:41","modified_gmt":"2024-09-08T17:13:41","slug":"shen-newsletter","status":"publish","type":"page","link":"https:\/\/shen-apps.com\/de\/shen-newsletter","title":{"rendered":"Shen-Newsletter"},"content":{"rendered":"<p>[et_pb_section fb_built=&#8220;1&#8243; _builder_version=&#8220;4.16&#8243; background_color=&#8220;#e5e5e5&#8243; custom_padding=&#8220;0|0px|0|0px|false|false&#8220; global_colors_info=&#8220;{}&#8220;][et_pb_row _builder_version=&#8220;4.16&#8243; background_size=&#8220;initial&#8220; background_position=&#8220;top_left&#8220; background_repeat=&#8220;repeat&#8220; custom_padding=&#8220;1px|0px|0|0px|false|false&#8220; global_colors_info=&#8220;{}&#8220;][et_pb_column type=&#8220;4_4&#8243; _builder_version=&#8220;4.16&#8243; custom_padding=&#8220;|||&#8220; global_colors_info=&#8220;{}&#8220; custom_padding__hover=&#8220;|||&#8220;][et_pb_text admin_label=&#8220;Register your download&#8220; _builder_version=&#8220;4.16&#8243; text_font=&#8220;||||||||&#8220; text_text_color=&#8220;#000000&#8243; text_line_height=&#8220;1.9em&#8220; max_width=&#8220;90%&#8220; module_alignment=&#8220;center&#8220; custom_padding=&#8220;22px|22px|22px|22px|true&#8220; header_font_size_tablet=&#8220;24px&#8220; header_font_size_phone=&#8220;&#8220; header_font_size_last_edited=&#8220;on|phone&#8220; border_radii=&#8220;on|10px|10px|10px|10px&#8220; border_color_all=&#8220;#e2e2e2&#8243; global_colors_info=&#8220;{}&#8220;]<\/p>\n<h1 style=\"text-align: center;\">Shen-Newsletter<\/h1>\n<p style=\"text-align: center;\"><strong>NEU: Mit kostenlosem Qi Jing Ba Mai e-Kurs und Zungendiagnostik!<\/strong><\/p>\n<p style=\"text-align: center;\">Erfahren Sie, wie eine eingeschr\u00e4nkte H\u00fcftgelenksbeweglichkeit mit Chong Mai behandelt wird und wie Sie Beinl\u00e4ngendifferenzen mit Dai Mai beeinflussen &#8211;\u00a0ohne ISG-Mobilisation!<\/p>\n<p>[\/et_pb_text][\/et_pb_column][\/et_pb_row][\/et_pb_section][et_pb_section fb_built=&#8220;1&#8243; prev_background_color=&#8220;#e5e5e5&#8243; _builder_version=&#8220;4.16&#8243; background_color=&#8220;rgba(252,150,60,0.92)&#8220; custom_padding=&#8220;0|0px|35px|0px|false|false&#8220; top_divider_style=&#8220;arrow&#8220; top_divider_height=&#8220;50px&#8220; global_colors_info=&#8220;{}&#8220;][et_pb_row _builder_version=&#8220;4.16&#8243; background_size=&#8220;initial&#8220; background_position=&#8220;top_left&#8220; background_repeat=&#8220;repeat&#8220; custom_padding=&#8220;84px|0px|0|0px|false|false&#8220; global_colors_info=&#8220;{}&#8220;][et_pb_column type=&#8220;4_4&#8243; _builder_version=&#8220;4.16&#8243; custom_padding=&#8220;|||&#8220; global_colors_info=&#8220;{}&#8220; custom_padding__hover=&#8220;|||&#8220;][et_pb_text admin_label=&#8220;Arigato Form&#8220; _builder_version=&#8220;4.16&#8243; text_font=&#8220;|600|||||||&#8220; text_text_color=&#8220;#898989&#8243; text_line_height=&#8220;1.9em&#8220; header_text_color=&#8220;#6d6d6d&#8220; header_font_size=&#8220;18px&#8220; background_color=&#8220;#eff2e9&#8243; max_width=&#8220;90%&#8220; module_alignment=&#8220;center&#8220; custom_padding=&#8220;|22px|22px|22px&#8220; hover_enabled=&#8220;0&#8243; border_radii=&#8220;on|10px|10px|10px|10px&#8220; border_width_all=&#8220;3px&#8220; border_color_all=&#8220;#e2e2e2&#8243; global_colors_info=&#8220;{}&#8220; sticky_enabled=&#8220;0&#8243;]<\/p>\n<p style=\"text-align: center;\"><div class=\"et_bloom_inline_form et_bloom_optin et_bloom_make_form_visible et_bloom_optin_1\" style=\"display: none;\">\n\t\t\t\t<style type=\"text\/css\">.et_bloom .et_bloom_optin_1 .et_bloom_form_content { background-color: #d3d4cd !important; } .et_bloom .et_bloom_optin_1 .et_bloom_form_container .et_bloom_form_header { background-color: #eff2e9 !important; } .et_bloom .et_bloom_optin_1 .carrot_edge .et_bloom_form_content:before { border-top-color: #eff2e9 !important; } .et_bloom .et_bloom_optin_1 .carrot_edge.et_bloom_form_right .et_bloom_form_content:before, .et_bloom .et_bloom_optin_1 .carrot_edge.et_bloom_form_left .et_bloom_form_content:before { border-top-color: transparent !important; border-left-color: #eff2e9 !important; }\n\t\t\t\t\t\t@media only screen and ( max-width: 767px ) {.et_bloom .et_bloom_optin_1 .carrot_edge.et_bloom_form_right .et_bloom_form_content:before { border-top-color: #eff2e9 !important; border-left-color: transparent !important; }.et_bloom .et_bloom_optin_1 .carrot_edge.et_bloom_form_left .et_bloom_form_content:after { border-bottom-color: #eff2e9 !important; border-left-color: transparent !important; }\n\t\t\t\t\t\t}.et_bloom .et_bloom_optin_1 .et_bloom_form_container { background-color: #eff2e9 !important; } .et_bloom .et_bloom_optin_1 .et_bloom_form_content button { background-color: #e85a34 !important; } .et_bloom .et_bloom_optin_1 .et_bloom_form_content .et_bloom_fields i { color: #e85a34 !important; } .et_bloom .et_bloom_optin_1 .et_bloom_form_content .et_bloom_custom_field_radio i:before { background: #e85a34 !important; } .et_bloom .et_bloom_optin_1 .et_bloom_border_dashed .et_bloom_form_container_wrapper { border-color: #f58345 !important } .et_bloom .et_bloom_optin_1 .et_bloom_form_content button { background-color: #e85a34 !important; } .et_bloom .et_bloom_optin_1 .et_bloom_form_container h2, .et_bloom .et_bloom_optin_1 .et_bloom_form_container h2 span, .et_bloom .et_bloom_optin_1 .et_bloom_form_container h2 strong { font-family: \"Open Sans\", Helvetica, Arial, Lucida, sans-serif; }.et_bloom .et_bloom_optin_1 .et_bloom_form_container p, .et_bloom .et_bloom_optin_1 .et_bloom_form_container p span, .et_bloom .et_bloom_optin_1 .et_bloom_form_container p strong, .et_bloom .et_bloom_optin_1 .et_bloom_form_container form input, .et_bloom .et_bloom_optin_1 .et_bloom_form_container form button span { font-family: \"Open Sans\", Helvetica, Arial, Lucida, sans-serif; } <\/style>\n\t\t\t\t<div class=\"et_bloom_form_container  with_edge carrot_edge et_bloom_border_dashed et_bloom_border_position_top et_bloom_rounded et_bloom_form_text_dark et_bloom_form_bottom et_bloom_inline_1_field\">\n\t\t\t\t\t\n\t\t\t<div class=\"et_bloom_form_container_wrapper clearfix\">\n\t\t\t\t<div class=\"et_bloom_header_outer\">\n\t\t\t\t\t<div class=\"et_bloom_form_header split et_bloom_header_text_dark\">\n\t\t\t\t\t\t<img loading=\"lazy\" decoding=\"async\" width=\"333\" height=\"367\" src=\"https:\/\/shen-apps.com\/wp-content\/uploads\/2019\/02\/1_030_m_72s.jpg\" class=\" et_bloom_image_slideup et_bloom_image\" alt=\"\" srcset=\"https:\/\/shen-apps.com\/wp-content\/uploads\/2019\/02\/1_030_m_72s.jpg 333w, https:\/\/shen-apps.com\/wp-content\/uploads\/2019\/02\/1_030_m_72s-272x300.jpg 272w\" sizes=\"(max-width: 333px) 100vw, 333px\" \/>\n\t\t\t\t\t\t<div class=\"et_bloom_form_text\">\n\t\t\t\t\t\t<h2 style=\"text-align: center;\">Shen-Newsletter!<\/h2><p style=\"text-align: center;\">\u00a0<\/p>\r\n<p style=\"text-align: center;\"><strong>NEU: <\/strong><\/p>\r\n<p style=\"text-align: center;\"><strong>Kostenloser Qi Jing Ba Mai e-Kurs und Zungendiagnostik!<\/strong><\/p>\r\n<p style=\"text-align: center;\">\u00a0<\/p>\r\n<p style=\"text-align: center;\">Tragen Sie Ihre E-Mail-Adresse ein und klicken Sie auf ANMELDEN.<\/p>\n\t\t\t\t\t<\/div>\n\t\t\t\t\t\t\n\t\t\t\t\t<\/div>\n\t\t\t\t<\/div>\n\t\t\t\t<div class=\"et_bloom_form_content et_bloom_1_field et_bloom_bottom_inline et_bloom_custom_html_form\" data-optin_id=\"optin_1\" data-service=\"custom_form\" data-list_id=\"custom_form\" data-page_id=\"752\" data-account=\"custom_form\">\n\t\t\t\t\t<script type=\"text\/javascript\">\r\nfunction validateBFTProUser(frm, requireName) {\r\n\trequireName = requireName || false;\r\n\t\r\n\tif(requireName && frm.bftpro_name.value==\"\") {\r\n\t\talert(\"Please provide name\");\r\n\t\tfrm.bftpro_name.focus();\r\n\t\treturn false;\r\n\t}\r\n\t\r\n\tif(frm.email.value==\"\" || frm.email.value.indexOf(\"@\")<1 || frm.email.value.indexOf(\".\")<1) {\r\n\t\talert(\"Hallo, bitte geben Sie eine g\u00fcltige E-Mail-Adresse ein. Vielen Dank.\");\r\n\t\tfrm.email.focus();\r\n\t\treturn false;\r\n\t}\r\n\t\r\n\t\/\/ check custom fields\r\n\tvar req_cnt = frm.elements[\"required_fields[]\"].length; \/\/ there's always at least 1\r\n\tif(req_cnt > 1) {\r\n\t\tfor(i = 0; i<req_cnt; i++) {\r\n\t\t\tvar fieldName = frm.elements[\"required_fields[]\"][i].value;\r\n\t\t\tif(fieldName !='') {\r\n\t\t\t\tvar isFilled = false;\r\n\t\t\t\t\/\/ ignore radios\r\n\t\t\t\tif(frm.elements[fieldName].type == 'radio') continue;\r\n\t\t\t\t\r\n\t\t\t\t\/\/ checkbox\r\n\t\t\t\tif(frm.elements[fieldName].type == 'checkbox' && !frm.elements[fieldName].checked) {\r\n\t\t\t\t\talert(\"This field is required\");\r\n\t\t\t\t\tfrm.elements[fieldName].focus();\r\n\t\t\t\t\treturn false;\r\n\t\t\t\t}\t\t\r\n\t\t\t\t\r\n\t\t\t\t\/\/ all other fields\r\n\t\t\t\tif(frm.elements[fieldName].value==\"\") {\r\n\t\t\t\t\talert(\"This field is required\");\r\n\t\t\t\t\tfrm.elements[fieldName].focus();\r\n\t\t\t\t\treturn false;\r\n\t\t\t\t}\r\n\t\t\t}\r\n\t\t}\r\n\t}\r\n\t\t\r\n\treturn true;\r\n}\r\n<\/script>\r\n\r\n<form method=\"post\" enctype=\"multipart\/form-data\" onsubmit=\"return validateBFTProUser(this,false);\" action=\"https:\/\/shen-apps.com\/\" style=\"\">\r\n\t\t<fieldset>\r\n\t\t<div style=\"display: block; margin: 0.5rem auto;\"><input type=\"text\" name=\"email\" value=\"\"placeholder=\"Email\">\r\n\t\t<\/div>\r\n<input type='hidden' name='required_fields[]' value='email'>\t\t\r\n\t\t\r\n\t\t\t\t\r\n\r\n\t\t\t\r\n\t\t\t\r\n\t\r\n\t<div style=\"display: block; margin: 1rem auto;\">\r\n\t\t\t\t\t<input type=\"submit\" value=\"Anmelden\" style=\"color:white;background-color:#f58345;\">\r\n\t\t\t\t\r\n\t<\/div>\r\n\t<\/fieldset>\r\n\t<input type=\"hidden\" name=\"bftpro_subscribe\" value=\"1\">\r\n\t\t\t<input type=\"hidden\" name=\"list_id\" value=\"3\">\r\n\t\t\r\n\t<input type=\"hidden\" name=\"required_fields[]\" value=\"\">\r\n\t\r\n\t\t<\/form>\n\t\t\t\t\t<div class=\"et_bloom_success_container\">\n\t\t\t\t\t\t<span class=\"et_bloom_success_checkmark\"><\/span>\n\t\t\t\t\t<\/div>\n\t\t\t\t\t<h2 class=\"et_bloom_success_message\">You have Successfully Subscribed!<\/h2>\n\t\t\t\t\t<div class=\"et_bloom_form_footer\"><p style=\"text-align: center;\">Wir respektieren Ihre Privatssph\u00e4re!<\/p><\/div>\n\t\t\t\t<\/div>\n\t\t\t<\/div>\n\t\t\t<span class=\"et_bloom_close_button\"><\/span>\n\t\t\t\t<\/div>\n\t\t\t<\/div><\/p>\n<p>[\/et_pb_text][\/et_pb_column][\/et_pb_row][\/et_pb_section]<\/p>\n","protected":false},"excerpt":{"rendered":"<p>Shen-Newsletter NEU: Mit kostenlosem Qi Jing Ba Mai e-Kurs und Zungendiagnostik! Erfahren Sie, wie eine eingeschr\u00e4nkte H\u00fcftgelenksbeweglichkeit mit Chong Mai behandelt wird und wie Sie Beinl\u00e4ngendifferenzen mit Dai Mai beeinflussen &#8211;\u00a0ohne ISG-Mobilisation!<div class=\"et_bloom_inline_form et_bloom_optin et_bloom_make_form_visible et_bloom_optin_1\" style=\"display: none;\">\n\t\t\t\t<style type=\"text\/css\">.et_bloom .et_bloom_optin_1 .et_bloom_form_content { background-color: #d3d4cd !important; } .et_bloom .et_bloom_optin_1 .et_bloom_form_container .et_bloom_form_header { background-color: #eff2e9 !important; } .et_bloom .et_bloom_optin_1 .carrot_edge .et_bloom_form_content:before { border-top-color: #eff2e9 !important; } .et_bloom .et_bloom_optin_1 .carrot_edge.et_bloom_form_right .et_bloom_form_content:before, .et_bloom .et_bloom_optin_1 .carrot_edge.et_bloom_form_left .et_bloom_form_content:before { border-top-color: transparent !important; border-left-color: #eff2e9 !important; }\n\t\t\t\t\t\t@media only screen and ( max-width: 767px ) {.et_bloom .et_bloom_optin_1 .carrot_edge.et_bloom_form_right .et_bloom_form_content:before { border-top-color: #eff2e9 !important; border-left-color: transparent !important; }.et_bloom .et_bloom_optin_1 .carrot_edge.et_bloom_form_left .et_bloom_form_content:after { border-bottom-color: #eff2e9 !important; border-left-color: transparent !important; }\n\t\t\t\t\t\t}.et_bloom .et_bloom_optin_1 .et_bloom_form_container { background-color: #eff2e9 !important; } .et_bloom .et_bloom_optin_1 .et_bloom_form_content button { background-color: #e85a34 !important; } .et_bloom .et_bloom_optin_1 .et_bloom_form_content .et_bloom_fields i { color: #e85a34 !important; } .et_bloom .et_bloom_optin_1 .et_bloom_form_content .et_bloom_custom_field_radio i:before { background: #e85a34 !important; } .et_bloom .et_bloom_optin_1 .et_bloom_border_dashed .et_bloom_form_container_wrapper { border-color: #f58345 !important } .et_bloom .et_bloom_optin_1 .et_bloom_form_content button { background-color: #e85a34 !important; } .et_bloom .et_bloom_optin_1 .et_bloom_form_container h2, .et_bloom .et_bloom_optin_1 .et_bloom_form_container h2 span, .et_bloom .et_bloom_optin_1 .et_bloom_form_container h2 strong { font-family: \"Open Sans\", Helvetica, Arial, Lucida, sans-serif; }.et_bloom .et_bloom_optin_1 .et_bloom_form_container p, .et_bloom .et_bloom_optin_1 .et_bloom_form_container p span, .et_bloom .et_bloom_optin_1 .et_bloom_form_container p strong, .et_bloom .et_bloom_optin_1 .et_bloom_form_container form input, .et_bloom .et_bloom_optin_1 .et_bloom_form_container form button span { font-family: \"Open Sans\", Helvetica, Arial, Lucida, sans-serif; } <\/style>\n\t\t\t\t<div class=\"et_bloom_form_container  with_edge carrot_edge et_bloom_border_dashed et_bloom_border_position_top et_bloom_rounded et_bloom_form_text_dark et_bloom_form_bottom et_bloom_inline_1_field\">\n\t\t\t\t\t\n\t\t\t<div class=\"et_bloom_form_container_wrapper clearfix\">\n\t\t\t\t<div class=\"et_bloom_header_outer\">\n\t\t\t\t\t<div class=\"et_bloom_form_header split et_bloom_header_text_dark\">\n\t\t\t\t\t\t<img width=\"333\" height=\"367\" src=\"https:\/\/shen-apps.com\/wp-content\/uploads\/2019\/02\/1_030_m_72s.jpg\" class=\" et_bloom_image_slideup et_bloom_image\" alt=\"\" decoding=\"async\" loading=\"lazy\" srcset=\"https:\/\/shen-apps.com\/wp-content\/uploads\/2019\/02\/1_030_m_72s.jpg 333w, https:\/\/shen-apps.com\/wp-content\/uploads\/2019\/02\/1_030_m_72s-272x300.jpg 272w\" sizes=\"(max-width: 333px) 100vw, 333px\" \/>\n\t\t\t\t\t\t<div class=\"et_bloom_form_text\">\n\t\t\t\t\t\t<h2 style=\"text-align: center;\">Shen-Newsletter!<\/h2><p style=\"text-align: center;\">\u00a0<\/p>\r\n<p style=\"text-align: center;\"><strong>NEU: <\/strong><\/p>\r\n<p style=\"text-align: center;\"><strong>Kostenloser Qi Jing Ba Mai e-Kurs und Zungendiagnostik!<\/strong><\/p>\r\n<p style=\"text-align: center;\">\u00a0<\/p>\r\n<p style=\"text-align: center;\">Tragen Sie Ihre E-Mail-Adresse ein und klicken Sie auf ANMELDEN.<\/p>\n\t\t\t\t\t<\/div>\n\t\t\t\t\t\t\n\t\t\t\t\t<\/div>\n\t\t\t\t<\/div>\n\t\t\t\t<div class=\"et_bloom_form_content et_bloom_1_field et_bloom_bottom_inline et_bloom_custom_html_form\" data-optin_id=\"optin_1\" data-service=\"custom_form\" data-list_id=\"custom_form\" data-page_id=\"752\" data-account=\"custom_form\">\n\t\t\t\t\t<script type=\"text\/javascript\">\r\nfunction validateBFTProUser(frm, requireName) {\r\n\trequireName = requireName || false;\r\n\t\r\n\tif(requireName && frm.bftpro_name.value==\"\") {\r\n\t\talert(\"Please provide name\");\r\n\t\tfrm.bftpro_name.focus();\r\n\t\treturn false;\r\n\t}\r\n\t\r\n\tif(frm.email.value==\"\" || frm.email.value.indexOf(\"@\")<1 || frm.email.value.indexOf(\".\")<1) {\r\n\t\talert(\"Hallo, bitte geben Sie eine g\u00fcltige E-Mail-Adresse ein. Vielen Dank.\");\r\n\t\tfrm.email.focus();\r\n\t\treturn false;\r\n\t}\r\n\t\r\n\t\/\/ check custom fields\r\n\tvar req_cnt = frm.elements[\"required_fields[]\"].length; \/\/ there's always at least 1\r\n\tif(req_cnt > 1) {\r\n\t\tfor(i = 0; i<req_cnt; i++) {\r\n\t\t\tvar fieldName = frm.elements[\"required_fields[]\"][i].value;\r\n\t\t\tif(fieldName !='') {\r\n\t\t\t\tvar isFilled = false;\r\n\t\t\t\t\/\/ ignore radios\r\n\t\t\t\tif(frm.elements[fieldName].type == 'radio') continue;\r\n\t\t\t\t\r\n\t\t\t\t\/\/ checkbox\r\n\t\t\t\tif(frm.elements[fieldName].type == 'checkbox' && !frm.elements[fieldName].checked) {\r\n\t\t\t\t\talert(\"This field is required\");\r\n\t\t\t\t\tfrm.elements[fieldName].focus();\r\n\t\t\t\t\treturn false;\r\n\t\t\t\t}\t\t\r\n\t\t\t\t\r\n\t\t\t\t\/\/ all other fields\r\n\t\t\t\tif(frm.elements[fieldName].value==\"\") {\r\n\t\t\t\t\talert(\"This field is required\");\r\n\t\t\t\t\tfrm.elements[fieldName].focus();\r\n\t\t\t\t\treturn false;\r\n\t\t\t\t}\r\n\t\t\t}\r\n\t\t}\r\n\t}\r\n\t\t\r\n\treturn true;\r\n}\r\n<\/script>\r\n\r\n<form method=\"post\" enctype=\"multipart\/form-data\" onsubmit=\"return validateBFTProUser(this,false);\" action=\"https:\/\/shen-apps.com\/\" style=\"\">\r\n\t\t<fieldset>\r\n\t\t<div style=\"display: block; margin: 0.5rem auto;\"><input type=\"text\" name=\"email\" value=\"\"placeholder=\"Email\">\r\n\t\t<\/div>\r\n<input type='hidden' name='required_fields[]' value='email'>\t\t\r\n\t\t\r\n\t\t\t\t\r\n\r\n\t\t\t\r\n\t\t\t\r\n\t\r\n\t<div style=\"display: block; margin: 1rem auto;\">\r\n\t\t\t\t\t<input type=\"submit\" value=\"Anmelden\" style=\"color:white;background-color:#f58345;\">\r\n\t\t\t\t\r\n\t<\/div>\r\n\t<\/fieldset>\r\n\t<input type=\"hidden\" name=\"bftpro_subscribe\" value=\"1\">\r\n\t\t\t<input type=\"hidden\" name=\"list_id\" value=\"3\">\r\n\t\t\r\n\t<input type=\"hidden\" name=\"required_fields[]\" value=\"\">\r\n\t\r\n\t\t<\/form>\n\t\t\t\t\t<div class=\"et_bloom_success_container\">\n\t\t\t\t\t\t<span class=\"et_bloom_success_checkmark\"><\/span>\n\t\t\t\t\t<\/div>\n\t\t\t\t\t<h2 class=\"et_bloom_success_message\">You have Successfully Subscribed!<\/h2>\n\t\t\t\t\t<div class=\"et_bloom_form_footer\"><p style=\"text-align: center;\">Wir respektieren Ihre Privatssph\u00e4re!<\/p><\/div>\n\t\t\t\t<\/div>\n\t\t\t<\/div>\n\t\t\t<span class=\"et_bloom_close_button\"><\/span>\n\t\t\t\t<\/div>\n\t\t\t<\/div><\/p>\n","protected":false},"author":1,"featured_media":0,"parent":0,"menu_order":0,"comment_status":"closed","ping_status":"closed","template":"page-template-fullwidth.php","meta":{"_et_pb_use_builder":"on","_et_pb_old_content":"<p>[newsletter_signup]Signup for the newsletter[newsletter_signup_form id=1][\/newsletter_signup][newsletter_confirm]Thanks for your interest![\/newsletter_confirm][newsletter_unsubscribe]Do you really want to unsubscribe?[\/newsletter_unsubscribe]<\/p>","_et_gb_content_width":"","footnotes":""},"class_list":["post-752","page","type-page","status-publish","hentry"],"aioseo_notices":[],"_links":{"self":[{"href":"https:\/\/shen-apps.com\/de\/wp-json\/wp\/v2\/pages\/752","targetHints":{"allow":["GET"]}}],"collection":[{"href":"https:\/\/shen-apps.com\/de\/wp-json\/wp\/v2\/pages"}],"about":[{"href":"https:\/\/shen-apps.com\/de\/wp-json\/wp\/v2\/types\/page"}],"author":[{"embeddable":true,"href":"https:\/\/shen-apps.com\/de\/wp-json\/wp\/v2\/users\/1"}],"replies":[{"embeddable":true,"href":"https:\/\/shen-apps.com\/de\/wp-json\/wp\/v2\/comments?post=752"}],"version-history":[{"count":0,"href":"https:\/\/shen-apps.com\/de\/wp-json\/wp\/v2\/pages\/752\/revisions"}],"wp:attachment":[{"href":"https:\/\/shen-apps.com\/de\/wp-json\/wp\/v2\/media?parent=752"}],"curies":[{"name":"wp","href":"https:\/\/api.w.org\/{rel}","templated":true}]}}