{"id":892,"date":"2018-12-18T14:21:19","date_gmt":"2018-12-18T14:21:19","guid":{"rendered":"http:\/\/shen-apps.com\/support"},"modified":"2025-02-02T14:10:20","modified_gmt":"2025-02-02T14:10:20","slug":"support","status":"publish","type":"page","link":"https:\/\/shen-apps.com\/de\/support","title":{"rendered":"Support"},"content":{"rendered":"<p>[et_pb_section fb_built=&#8220;1&#8243; _builder_version=&#8220;4.27.0&#8243; _module_preset=&#8220;default&#8220; custom_padding=&#8220;3px|||||&#8220; global_colors_info=&#8220;{}&#8220;][et_pb_row _builder_version=&#8220;4.27.0&#8243; _module_preset=&#8220;default&#8220; global_colors_info=&#8220;{}&#8220;][et_pb_column type=&#8220;4_4&#8243; _builder_version=&#8220;4.27.0&#8243; _module_preset=&#8220;default&#8220; global_colors_info=&#8220;{}&#8220;][et_pb_text _builder_version=&#8220;4.27.0&#8243; _module_preset=&#8220;default&#8220; custom_margin=&#8220;||52px|||&#8220; global_colors_info=&#8220;{}&#8220;]<\/p>\n<h1>Support<\/h1>\n<p>Willkommen bei Shen-Akupunktur. Falls Sie eine Fragehaben, verwenden Sie bitte das  <a href=\"#askaquestion\">Kontaktformular<\/a> am Ende der Seite.<\/p>\n<p>[\/et_pb_text][et_pb_image src=&#8220;http:\/\/shen-apps.com\/wp-content\/uploads\/2023\/03\/Category-Water.png&#8220; title_text=&#8220;Category-Water&#8220; align=&#8220;center&#8220; _builder_version=&#8220;4.27.0&#8243; _module_preset=&#8220;default&#8220; width=&#8220;10%&#8220; global_colors_info=&#8220;{}&#8220;][\/et_pb_image][et_pb_text _builder_version=&#8220;4.27.0&#8243; _module_preset=&#8220;default&#8220; background_color=&#8220;#d3d3d3&#8243; custom_padding=&#8220;5px||||false|false&#8220; border_radii=&#8220;on|5px|5px|5px|5px&#8220; global_colors_info=&#8220;{}&#8220;]<\/p>\n<h2 style=\"text-align: center;\">Erste Schritte<\/h2>\n<p>[\/et_pb_text][chiac_divi_accordions chiac_toggle_speed=&#8220;300&#8243; chiac_mode=&#8220;single&#8220; chiac_i_left_icon_clr=&#8220;#000000&#8243; chiac_i_item_margin=&#8220;5px||5px||false|false&#8220; _builder_version=&#8220;4.27.0&#8243; _module_preset=&#8220;default&#8220; chiac_i_title_level=&#8220;h6&#8243; chiac_i_title_font=&#8220;|||on|||||&#8220; global_colors_info=&#8220;{}&#8220;][chiac_divi_accordions_item title=&#8220;Download und Installation&#8220; chiac_subtitle_state=&#8220;off&#8220; chiac_l_icon_state=&#8220;off&#8220; chiac_state=&#8220;off&#8220; _builder_version=&#8220;4.27.0&#8243; _module_preset=&#8220;default&#8220; global_colors_info=&#8220;{}&#8220;]<\/p>\n<p>Shen-Akupunktur ist in folgenden Appstores erh\u00e4ltlich:<\/p>\n<ul>\n<li><a href=\"https:\/\/play.google.com\/store\/apps\/details?id=com.digitalbithub.shen\">Google Playstore<\/a><\/li>\n<li><a href=\"https:\/\/itunes.apple.com\/us\/app\/shen-acupuncture\/id1384099547?ls=1&amp;mt=8\">Apple AppStore<\/a><\/li>\n<li><a href=\"https:\/\/appgallery.huawei.com\/app\/C105509091\">Huawei AppGallery<\/a><\/li>\n<\/ul>\n<p>Laden Sie die App dort herunter und folgen Sie den Installationshinweisen.<\/p>\n<p>Shen-Akupunktur ist in folgenden Sprachen verf\u00fcgbar:<\/p>\n<ul>\n<li>English<\/li>\n<li>Espa\u00f1ol<\/li>\n<li>Fran\u00e7ais<\/li>\n<li>Netherlands<\/li>\n<li>Deutsch<\/li>\n<li>Italiano<\/li>\n<li>Indonesian<\/li>\n<li>Portugu\u00eas<\/li>\n<li>P\u0443\u0441\u0441\u043a\u0438\u0439<\/li>\n<li>\u4e2d\u6587<\/li>\n<li>\u0939\u093f\u0928\u094d\u0926\u0940<\/li>\n<li>\u0641\u0627\u0631\u0633\u06cc<\/li>\n<\/ul>\n<p>[\/chiac_divi_accordions_item][chiac_divi_accordions_item title=&#8220;Versionsvergleich&#8220; chiac_subtitle_state=&#8220;off&#8220; chiac_l_icon_state=&#8220;off&#8220; _builder_version=&#8220;4.27.0&#8243; _module_preset=&#8220;default&#8220; global_colors_info=&#8220;{}&#8220;]<\/p>\n<p>Shen Akupunktur ist als kostenlose Version und als Vollversion erh\u00e4ltlich:<\/p>\n<p>&nbsp;<\/p>\n<table style=\"height: 549px; width: 100%; border-collapse: collapse;\" border=\"0\">\n<tbody>\n<tr style=\"height: 24px;\">\n<td style=\"width: 33.3333%; height: 24px;\"><\/td>\n<td style=\"width: 33.3333%; text-align: center; height: 24px;\"><strong>KOSTENLOSE VERSION<\/strong><\/td>\n<td style=\"width: 33.3333%; text-align: center; height: 24px;\"><strong>VOLLVERSION<\/strong><\/td>\n<\/tr>\n<tr>\n<td width=\"133\" style=\"width: 33.3333%;\"><strong>Akupunkturpunkte mit Akupunkturtafeln und Punktinformationen<\/strong><\/td>\n<td style=\"width: 33.3333%; text-align: center; height: 72px;\">150<\/td>\n<td style=\"width: 33.3333%; text-align: center; height: 72px;\">409<\/td>\n<\/tr>\n<tr>\n<td width=\"133\" style=\"width: 33.3333%;\"><strong>TCM-Diagnosen mit Ursachen, Therapiehinweisen und Punktkombinationen<\/strong><\/td>\n<td style=\"width: 33.3333%; text-align: center; height: 72px;\">50<\/td>\n<td style=\"width: 33.3333%; text-align: center; height: 72px;\">100<\/td>\n<\/tr>\n<tr>\n<td width=\"133\" style=\"width: 33.3333%;\"><strong>Symptome und westliche Krankheitsbilder mit TCM-Diagnosen<\/strong><\/td>\n<td style=\"width: 33.3333%; text-align: center; height: 72px;\">500<\/td>\n<td style=\"width: 33.3333%; text-align: center; height: 72px;\">4200<\/td>\n<\/tr>\n<tr>\n<td width=\"133\" style=\"width: 33.3333%;\"><strong>Notizen<\/strong><\/td>\n<td style=\"width: 33.3333%; text-align: center; height: 55px;\"><img loading=\"lazy\" decoding=\"async\" src=\"http:\/\/shen-apps.com\/wp-content\/uploads\/2023\/03\/available.png\" width=\"49\" height=\"49\" alt=\"\" class=\"wp-image-5497 alignnone size-full\" \/><\/td>\n<td style=\"width: 33.3333%; text-align: center; height: 55px;\"><img loading=\"lazy\" decoding=\"async\" src=\"http:\/\/shen-apps.com\/wp-content\/uploads\/2023\/03\/available.png\" width=\"49\" height=\"49\" alt=\"\" class=\"wp-image-5497 alignnone size-full\" \/><\/td>\n<\/tr>\n<tr style=\"height: 55px;\">\n<td style=\"width: 33.3333%; height: 55px;\"><strong>Grundlagen der TCM<\/strong><\/td>\n<td style=\"width: 33.3333%; height: 55px; text-align: center;\"><img loading=\"lazy\" decoding=\"async\" src=\"http:\/\/shen-apps.com\/wp-content\/uploads\/2023\/03\/available.png\" width=\"49\" height=\"49\" alt=\"\" class=\"wp-image-5497 alignnone size-full\" \/><\/td>\n<td style=\"width: 33.3333%; text-align: center; height: 55px;\"><img loading=\"lazy\" decoding=\"async\" src=\"http:\/\/shen-apps.com\/wp-content\/uploads\/2023\/03\/available.png\" width=\"49\" height=\"49\" alt=\"\" class=\"wp-image-5497 alignnone size-full\" \/><\/td>\n<\/tr>\n<tr style=\"height: 55px;\">\n<td style=\"width: 33.3333%; height: 55px;\"><strong>Zungendiagnostik mit Zungengallerie und Fallbesprechungen<\/strong><\/td>\n<td style=\"width: 33.3333%; height: 55px; text-align: center;\"><img loading=\"lazy\" decoding=\"async\" src=\"http:\/\/shen-apps.com\/wp-content\/uploads\/2023\/03\/available.png\" width=\"49\" height=\"49\" alt=\"\" class=\"wp-image-5497 alignnone size-full\" \/><\/td>\n<td style=\"width: 33.3333%; text-align: center; height: 55px;\"><img loading=\"lazy\" decoding=\"async\" src=\"http:\/\/shen-apps.com\/wp-content\/uploads\/2023\/03\/available.png\" width=\"49\" height=\"49\" alt=\"\" class=\"wp-image-5497 alignnone size-full\" \/><\/td>\n<\/tr>\n<tr style=\"height: 72px;\">\n<td style=\"width: 33.3333%; height: 72px;\"><strong>Fu Ke \u2013 Chinesische Gyn\u00e4kologie<\/strong><\/td>\n<td style=\"width: 33.3333%; height: 72px;\"><img loading=\"lazy\" decoding=\"async\" src=\"http:\/\/shen-apps.com\/wp-content\/uploads\/2023\/03\/notavailable.png\" width=\"50\" height=\"50\" alt=\"\" class=\"wp-image-5507 alignnone size-full\" style=\"display: block; margin-left: auto; margin-right: auto;\" \/><\/td>\n<td style=\"width: 33.3333%; text-align: center; height: 72px;\"><img loading=\"lazy\" decoding=\"async\" src=\"http:\/\/shen-apps.com\/wp-content\/uploads\/2023\/03\/available.png\" width=\"49\" height=\"49\" alt=\"\" class=\"wp-image-5497 alignnone size-full\" \/><\/td>\n<\/tr>\n<tr style=\"height: 24px;\">\n<td style=\"width: 33.3333%; height: 24px;\"><strong>Backup<\/strong><\/td>\n<td style=\"width: 33.3333%; height: 24px;\"><img loading=\"lazy\" decoding=\"async\" src=\"http:\/\/shen-apps.com\/wp-content\/uploads\/2023\/03\/notavailable.png\" width=\"50\" height=\"50\" alt=\"\" class=\"wp-image-5507 alignnone size-full\" style=\"display: block; margin-left: auto; margin-right: auto;\" \/><\/td>\n<td style=\"width: 33.3333%; height: 24px; text-align: center;\"><img loading=\"lazy\" decoding=\"async\" src=\"http:\/\/shen-apps.com\/wp-content\/uploads\/2023\/03\/available.png\" width=\"49\" height=\"49\" alt=\"\" class=\"wp-image-5497 alignnone size-full\" \/><\/td>\n<\/tr>\n<tr style=\"height: 0px;\">\n<td style=\"width: 33.3333%; height: 0px;\"><\/td>\n<td style=\"width: 33.3333%; height: 0px;\"><\/td>\n<td style=\"width: 33.3333%; height: 0px;\"><\/td>\n<\/tr>\n<tr style=\"height: 48px;\">\n<td style=\"width: 33.3333%; height: 48px;\"><strong>Preis<\/strong><\/td>\n<td style=\"width: 33.3333%; height: 48px; text-align: center;\">KOSTENLOS<\/td>\n<td width=\"109\" style=\"width: 33.3333%;\">\n<p style=\"text-align: center;\">\u20ac3.49\/Monat oder \u20ac24.99\/Jahr<br \/>(Angebote erh\u00e4ltlich)<\/p>\n<\/td>\n<\/tr>\n<\/tbody>\n<\/table>\n<p>[\/chiac_divi_accordions_item][\/chiac_divi_accordions][\/et_pb_column][\/et_pb_row][et_pb_row _builder_version=&#8220;4.27.0&#8243; _module_preset=&#8220;default&#8220; custom_padding=&#8220;49px|||||&#8220; global_colors_info=&#8220;{}&#8220;][et_pb_column type=&#8220;4_4&#8243; _builder_version=&#8220;4.27.0&#8243; _module_preset=&#8220;default&#8220; global_colors_info=&#8220;{}&#8220;][et_pb_image src=&#8220;http:\/\/shen-apps.com\/wp-content\/uploads\/2024\/05\/Category-Fire.png&#8220; title_text=&#8220;Category-Fire&#8220; align=&#8220;center&#8220; _builder_version=&#8220;4.27.0&#8243; _module_preset=&#8220;default&#8220; width=&#8220;10%&#8220; global_colors_info=&#8220;{}&#8220;][\/et_pb_image][et_pb_text _builder_version=&#8220;4.27.0&#8243; _module_preset=&#8220;default&#8220; header_2_text_color=&#8220;#883f3e&#8220; background_color=&#8220;#d3d3d3&#8243; custom_padding=&#8220;5px||||false|false&#8220; border_radii=&#8220;on|5px|5px|5px|5px&#8220; global_colors_info=&#8220;{}&#8220;]<\/p>\n<h2 style=\"text-align: center;\">Features &amp; Funktionen<\/h2>\n<p>[\/et_pb_text][chiac_divi_accordions chiac_toggle_speed=&#8220;300&#8243; chiac_mode=&#8220;single&#8220; chiac_i_left_icon_clr=&#8220;#000000&#8243; chiac_i_item_margin=&#8220;5px||5px||false|false&#8220; _builder_version=&#8220;4.27.0&#8243; _module_preset=&#8220;default&#8220; chiac_i_title_level=&#8220;h6&#8243; chiac_i_title_font=&#8220;|||on|||||&#8220; global_colors_info=&#8220;{}&#8220;][chiac_divi_accordions_item title=&#8220;Shen-Akupunkturatlas&#8220; chiac_subtitle_state=&#8220;off&#8220; chiac_icon_or_image=&#8220;image&#8220; chiac_left_image=&#8220;http:\/\/shen-apps.com\/wp-content\/uploads\/2022\/02\/acupuncturepoints.png&#8220; chiac_l_image_width=&#8220;35px&#8220; _builder_version=&#8220;4.27.0&#8243; _module_preset=&#8220;default&#8220; global_colors_info=&#8220;{}&#8220;]<\/p>\n<p>In der Shen-Akupunktur App haben Sie Zugriff auf den Shen-Akupunkturatlas mit 409 Akupunkturpunkten (Name, Lage, Indikation, Funktion, Qualifikation, Nadelung) und \u00fcber 400 Akupunkturtafeln mit verschiedenen anatomischen Schichten.<\/p>\n<p>Wenn Sie Punktkombinationen in Ihren Notizen speichern m\u00f6chten, k\u00f6nnen Sie jeden Akupunkturpunkt in \u201cMyKorb\u201d speichern.\u00a0 Die im Korb gespeicherten Akupunkturpunkte stehen Ihnen dann im Bereich Notizen zur Verf\u00fcgung.<\/p>\n<p>[\/chiac_divi_accordions_item][chiac_divi_accordions_item title=&#8220;Suche und Powersuche&#8220; chiac_subtitle_state=&#8220;off&#8220; chiac_icon_or_image=&#8220;image&#8220; chiac_left_image=&#8220;http:\/\/shen-apps.com\/wp-content\/uploads\/2018\/12\/search-1.png&#8220; chiac_l_image_width=&#8220;36px&#8220; chiac_state=&#8220;off&#8220; _builder_version=&#8220;4.27.0&#8243; _module_preset=&#8220;default&#8220; global_colors_info=&#8220;{}&#8220;]<\/p>\n<p>Shen Akupunktur App hat zwei verschiedene Suchfunktionen: Suche und Powersuche.<\/p>\n<p><strong>Suche<\/strong><br \/>Die Suche ist eine Volltextsuche, die den gesamten Atlas in Millisekunden nach Ihren Suchbegriffen durchsucht. Die Eingabe von zwei Buchstaben gen\u00fcgt, um alle Suchergebnisse zu erhalten.<\/p>\n<p><strong>Powersuche<\/strong><br \/>Die Powersuche verf\u00fcgt \u00fcber eine tiefere Intelligenz, die auf 5000 speziellen Verbindungen zwischen TCM-Diagnosen und Akupunkturpunkten basiert. Die Powersuche zeigt sofort alle Akupunkturpunkte f\u00fcr die Behandlung einer TCM-Diagnose an.<\/p>\n<p>Dar\u00fcber hinaus k\u00f6nnen Sie nach zwei TCM-Diagnosen (oder anderen TCM-Begriffen) gleichzeitig suchen (z.B. Nieren-Yin-Mangel und Lungen-Yin-Mangel) und erhalten als Ergebnis nur die Akupunkturpunkte, die beide Diagnosen behandeln. Dies ist mit herk\u00f6mmlicher Literatur nicht mehr m\u00f6glich. W\u00e4hlen Sie einfach zwei TCM-Begriffe aus der Liste aus.<\/p>\n<p>[\/chiac_divi_accordions_item][chiac_divi_accordions_item title=&#8220;TCM Diagnosen&#8220; chiac_subtitle_state=&#8220;off&#8220; chiac_icon_or_image=&#8220;image&#8220; chiac_left_image=&#8220;http:\/\/shen-apps.com\/wp-content\/uploads\/2022\/02\/diagnosis.png&#8220; chiac_l_image_width=&#8220;36px&#8220; chiac_state=&#8220;off&#8220; _builder_version=&#8220;4.27.0&#8243; _module_preset=&#8220;default&#8220; global_colors_info=&#8220;{}&#8220;]<\/p>\n<p>In der Rubrik TCM-Diagnosen k\u00f6nnen Sie zu jeder TCM-Diagnose die Kardinalsymptome, die Ursachen und die Behandlungstipps \u00fcbersichtlich studieren. Mehr als 100 TCM-Diagnosen sind verf\u00fcgbar.<\/p>\n<p>Eine bew\u00e4hrte Punktkombination f\u00fcr Ihre Behandlung ist ebenfalls verf\u00fcgbar. Punktkombinationen m\u00fcssen jedoch immer auf Ihren Patienten abgestimmt werden.<\/p>\n<p>[\/chiac_divi_accordions_item][chiac_divi_accordions_item title=&#8220;Symptome und Krankheitsbilder&#8220; chiac_subtitle_state=&#8220;off&#8220; chiac_icon_or_image=&#8220;image&#8220; chiac_left_image=&#8220;http:\/\/shen-apps.com\/wp-content\/uploads\/2022\/02\/symptoms.png&#8220; chiac_l_image_width=&#8220;36px&#8220; chiac_state=&#8220;off&#8220; _builder_version=&#8220;4.27.0&#8243; _module_preset=&#8220;default&#8220; global_colors_info=&#8220;{}&#8220;]<\/p>\n<p>Mit \u00fcber 4000 Symptomen und westlichen Krankheitsbildern enth\u00e4lt die Shen Akupunktur App das weltweit umfassendste Kompendium der TCM-Diagnostik. Zu jedem Symptom erhalten Sie die entsprechenden chinesischen Diagnosen.<\/p>\n<p>Nehmen Sie sich etwas Zeit, um sich in der Struktur zurechtzufinden.<\/p>\n<p>[\/chiac_divi_accordions_item][chiac_divi_accordions_item title=&#8220;TCM Theorie&#8220; chiac_subtitle_state=&#8220;off&#8220; chiac_icon_or_image=&#8220;image&#8220; chiac_left_image=&#8220;http:\/\/shen-apps.com\/wp-content\/uploads\/2022\/02\/TCMTheory-2.png&#8220; chiac_l_image_width=&#8220;36px&#8220; chiac_state=&#8220;off&#8220; _builder_version=&#8220;4.27.0&#8243; _module_preset=&#8220;default&#8220; global_colors_info=&#8220;{}&#8220;]<\/p>\n<p>In der Shen Akupunktur App stehen Ihnen die kompletten Grundlagen der TCM kostenlos zur Verf\u00fcgung. Diese sind didaktisch so einfach und \u00fcbersichtlich aufbereitet, dass Sie einen viel schnelleren Einstieg in die Welt der Traditionellen Chinesischen Medizin finden als mit einem herk\u00f6mmlichen Lehrbuch.<\/p>\n<p>Ebenfalls kostenlos und didaktisch anschaulich aufbereitet finden Sie die Chinesische Zungendiagnostik in der Shen Akupunktur App. In der dazugeh\u00f6rigen Zungengalerie finden Sie \u00fcber 25 illustrierte Fallbeispiele.<\/p>\n<p>In der Vollversion erhalten Sie demn\u00e4chst zus\u00e4tzlich die Chinesische Gyn\u00e4kologie \u2013 Fu Ke, ebenfalls didaktisch \u00fcbersichtlich aufbereitet. Ein Muss f\u00fcr jeden TCM-Profi.<\/p>\n<p>[\/chiac_divi_accordions_item][chiac_divi_accordions_item title=&#8220;Notizfunktion&#8220; chiac_subtitle_state=&#8220;off&#8220; chiac_icon_or_image=&#8220;image&#8220; chiac_left_image=&#8220;http:\/\/shen-apps.com\/wp-content\/uploads\/2018\/12\/notes.png&#8220; chiac_l_image_width=&#8220;36px&#8220; chiac_state=&#8220;off&#8220; _builder_version=&#8220;4.27.0&#8243; _module_preset=&#8220;default&#8220; global_colors_info=&#8220;{}&#8220;]<\/p>\n<p>Mit der Notizfunktion k\u00f6nnen Sie in der Shen Akupunktur-App Notizen, aber auch eine Sammlung von Patienten mit Behandlungsdokumentation speichern.<\/p>\n<p>Erstellen Sie Kategorien f\u00fcr Krankheitsbilder oder Klienten und speichern Sie neben Texten auch Bilder, Audios und Akupunkturpunkte. Am unteren Rand des Notizen-Bildschirms befinden sich zwei Schaltfl\u00e4chen, die linke dient zum Hinzuf\u00fcgen einer Kategorie, die rechte zum Hinzuf\u00fcgen einer Notiz.<\/p>\n<p>In der Vollversion k\u00f6nnen Sie Ihre gespeicherten Daten sichern und sie auch auf andere Ger\u00e4te \u00fcbertragen.<\/p>\n<p>[\/chiac_divi_accordions_item][\/chiac_divi_accordions][\/et_pb_column][\/et_pb_row][et_pb_row _builder_version=&#8220;4.27.0&#8243; _module_preset=&#8220;default&#8220; custom_padding=&#8220;48px|||||&#8220; global_colors_info=&#8220;{}&#8220;][et_pb_column type=&#8220;4_4&#8243; _builder_version=&#8220;4.27.0&#8243; _module_preset=&#8220;default&#8220; global_colors_info=&#8220;{}&#8220;][et_pb_image src=&#8220;http:\/\/shen-apps.com\/wp-content\/uploads\/2024\/05\/Category-Wood.png&#8220; title_text=&#8220;Category-Wood&#8220; align=&#8220;center&#8220; _builder_version=&#8220;4.27.0&#8243; _module_preset=&#8220;default&#8220; width=&#8220;10%&#8220; global_colors_info=&#8220;{}&#8220;][\/et_pb_image][et_pb_text _builder_version=&#8220;4.27.0&#8243; _module_preset=&#8220;default&#8220; header_2_text_color=&#8220;#349e59&#8243; background_color=&#8220;#d3d3d3&#8243; custom_padding=&#8220;5px||||false|false&#8220; border_radii=&#8220;on|5px|5px|5px|5px&#8220; global_colors_info=&#8220;{}&#8220;]<\/p>\n<h2 style=\"text-align: center;\">FAQ<\/h2>\n<p>[\/et_pb_text][chiac_divi_accordions chiac_toggle_speed=&#8220;300&#8243; chiac_mode=&#8220;single&#8220; chiac_i_left_icon_clr=&#8220;#000000&#8243; chiac_i_item_margin=&#8220;5px||5px||false|false&#8220; _builder_version=&#8220;4.27.0&#8243; _module_preset=&#8220;default&#8220; chiac_i_title_level=&#8220;h6&#8243; chiac_i_title_font=&#8220;|||on|||||&#8220; global_colors_info=&#8220;{}&#8220;][chiac_divi_accordions_item title=&#8220;Vom Playstore zum App Store wechseln oder umgekehrt?&#8220; chiac_subtitle_state=&#8220;off&#8220; chiac_l_icon_state=&#8220;off&#8220; _builder_version=&#8220;4.27.0&#8243; _module_preset=&#8220;default&#8220; global_colors_info=&#8220;{}&#8220;]<\/p>\n<p><strong>Kostenlose Version:<\/strong><br \/>Die kostenlose Version ist im Playstore und im App Store verf\u00fcgbar, so dass der Wechsel zwischen diesen Plattformen mit der kostenlosen Version kein Problem ist.<\/p>\n<p>&nbsp;<\/p>\n<p><strong>Bezahlte Version:<\/strong><br \/>Wenn Sie bereits ein Abonnement haben, kann dieses leider nicht vom Playstore in den App Store oder umgekehrt \u00fcbertragen werden. Weder Google noch Apple erlauben dies.<\/p>\n<p>Fordern Sie eine R\u00fcckerstattung an: Wenn du von Google zu Apple wechselst, kannst du mich (J\u00fcrgen, Autor) einfach um eine R\u00fcckerstattung bitten. Von meiner Seite aus wird dies immer akzeptiert.<\/p>\n<p>Wenn Sie von Apple zu Google wechseln, wenden Sie sich bitte direkt an den Apple-Support, ich habe keinen Zugriff auf Nutzerdaten bei Apple.<\/p>\n<p>[\/chiac_divi_accordions_item][\/chiac_divi_accordions][\/et_pb_column][\/et_pb_row][et_pb_row module_id=&#8220;askaquestion&#8220; _builder_version=&#8220;4.27.0&#8243; _module_preset=&#8220;default&#8220; custom_padding=&#8220;49px|||||&#8220; global_colors_info=&#8220;{}&#8220;][et_pb_column type=&#8220;4_4&#8243; _builder_version=&#8220;4.27.0&#8243; _module_preset=&#8220;default&#8220; global_colors_info=&#8220;{}&#8220;][et_pb_image src=&#8220;http:\/\/shen-apps.com\/wp-content\/uploads\/2024\/08\/Category-Earth.png&#8220; title_text=&#8220;Category-Earth&#8220; align=&#8220;center&#8220; _builder_version=&#8220;4.27.0&#8243; _module_preset=&#8220;default&#8220; width=&#8220;10%&#8220; global_colors_info=&#8220;{}&#8220;][\/et_pb_image][et_pb_text _builder_version=&#8220;4.27.0&#8243; _module_preset=&#8220;default&#8220; header_2_text_color=&#8220;#f58345&#8243; background_color=&#8220;#d3d3d3&#8243; custom_padding=&#8220;5px||||false|false&#8220; border_radii=&#8220;on|5px|5px|5px|5px&#8220; global_colors_info=&#8220;{}&#8220;]<\/p>\n<h2 style=\"text-align: center;\">Kontaktformular<\/h2>\n<p>[\/et_pb_text][et_pb_contact_form success_message=&#8220;Vielen Dank f\u00fcr Ihre Nachricht.&#8220; submit_button_text=&#8220;Abschicken&#8220; _builder_version=&#8220;4.27.0&#8243; _module_preset=&#8220;default&#8220; _unique_id=&#8220;6737afbc-784c-4ab7-9842-ceff2805f00d&#8220; custom_button=&#8220;on&#8220; button_bg_color=&#8220;#f58345&#8243; global_colors_info=&#8220;{}&#8220;][et_pb_contact_field field_id=&#8220;Email&#8220; field_title=&#8220;Email Adresse&#8220; field_type=&#8220;email&#8220; _builder_version=&#8220;4.27.0&#8243; global_colors_info=&#8220;{}&#8220; button_text_size__hover_enabled=&#8220;off&#8220; button_one_text_size__hover_enabled=&#8220;off&#8220; button_two_text_size__hover_enabled=&#8220;off&#8220; button_text_color__hover_enabled=&#8220;off&#8220; button_one_text_color__hover_enabled=&#8220;off&#8220; button_two_text_color__hover_enabled=&#8220;off&#8220; button_border_width__hover_enabled=&#8220;off&#8220; button_one_border_width__hover_enabled=&#8220;off&#8220; button_two_border_width__hover_enabled=&#8220;off&#8220; button_border_color__hover_enabled=&#8220;off&#8220; button_one_border_color__hover_enabled=&#8220;off&#8220; button_two_border_color__hover_enabled=&#8220;off&#8220; button_border_radius__hover_enabled=&#8220;off&#8220; button_one_border_radius__hover_enabled=&#8220;off&#8220; button_two_border_radius__hover_enabled=&#8220;off&#8220; button_letter_spacing__hover_enabled=&#8220;off&#8220; button_one_letter_spacing__hover_enabled=&#8220;off&#8220; button_two_letter_spacing__hover_enabled=&#8220;off&#8220; button_bg_color__hover_enabled=&#8220;off&#8220; button_one_bg_color__hover_enabled=&#8220;off&#8220; button_two_bg_color__hover_enabled=&#8220;off&#8220;][\/et_pb_contact_field][et_pb_contact_field field_id=&#8220;Message&#8220; field_title=&#8220;Nachricht&#8220; field_type=&#8220;text&#8220; fullwidth_field=&#8220;on&#8220; _builder_version=&#8220;4.27.0&#8243; global_colors_info=&#8220;{}&#8220; button_text_size__hover_enabled=&#8220;off&#8220; button_one_text_size__hover_enabled=&#8220;off&#8220; button_two_text_size__hover_enabled=&#8220;off&#8220; button_text_color__hover_enabled=&#8220;off&#8220; button_one_text_color__hover_enabled=&#8220;off&#8220; button_two_text_color__hover_enabled=&#8220;off&#8220; button_border_width__hover_enabled=&#8220;off&#8220; button_one_border_width__hover_enabled=&#8220;off&#8220; button_two_border_width__hover_enabled=&#8220;off&#8220; button_border_color__hover_enabled=&#8220;off&#8220; button_one_border_color__hover_enabled=&#8220;off&#8220; button_two_border_color__hover_enabled=&#8220;off&#8220; button_border_radius__hover_enabled=&#8220;off&#8220; button_one_border_radius__hover_enabled=&#8220;off&#8220; button_two_border_radius__hover_enabled=&#8220;off&#8220; button_letter_spacing__hover_enabled=&#8220;off&#8220; button_one_letter_spacing__hover_enabled=&#8220;off&#8220; button_two_letter_spacing__hover_enabled=&#8220;off&#8220; button_bg_color__hover_enabled=&#8220;off&#8220; button_one_bg_color__hover_enabled=&#8220;off&#8220; button_two_bg_color__hover_enabled=&#8220;off&#8220;][\/et_pb_contact_field][\/et_pb_contact_form][\/et_pb_column][\/et_pb_row][\/et_pb_section]<\/p>\n","protected":false},"excerpt":{"rendered":"<p>Support Willkommen bei Shen-Akupunktur. Falls Sie eine Fragehaben, verwenden Sie bitte das Kontaktformular am Ende der Seite.Erste Schritte<div class=\"et_pb_module chiac_divi_accordions chiac_divi_accordions_0\">\n\t\t\t\t\n\t\t\t\t\n\t\t\t\t\n\t\t\t\t\n\t\t\t\t\n\t\t\t\t\n\t\t\t\t<div class=\"et_pb_module_inner\">\n\t\t\t\t\t<div class=\"chiac-content-wrapper chiac_toggle_speed-300 \" data-speed=\"300\" data-mode=\"single\" data-scroll-into-view=\"off|off|0\"><\/div>\n\t\t\t\t<\/div>\n\t\t\t<\/div><div class=\"et_pb_module chiac_divi_accordions_item chiac_divi_accordions_item_0\">\n\t\t\t\t\n\t\t\t\t\n\t\t\t\t\n\t\t\t\t\n\t\t\t\t\n\t\t\t\t\n\t\t\t\t<div class=\"et_pb_module_inner\">\n\t\t\t\t\t\r\n            <div class=\"chiac-header chiac_closed chiac_subtitle_hidden chiac_left_icon_hidden chiac_right_icon_show     \">\r\n                <div class=\"chiac_left_icon_container\">\r\n                    <i class=\"chiac_left_icon et-pb-icon\"><span>\ue005<\/span><\/i>\r\n                <\/div>\r\n                <div class=\"chiac_heading_container\">\r\n                    <h6 class=\"chiac-title\">Download und Installation<\/h6>\r\n                    <h6 class=\"chiac-subtitle\">Your Subtitle Goes Here<\/h6>\r\n                <\/div>\r\n                <div class=\"chiac_right_icon_container\">\r\n                    <i class=\"chiac_right_icon et-pb-icon\"><span>3<\/span><\/i>\r\n                <\/div>\r\n            <\/div>   \r\n            <div class=\"chiac-content\"><\/div>\n\t\t\t\t<\/div>\n\t\t\t<\/div>Shen-Akupunktur ist in folgenden Appstores erh\u00e4ltlich: Google Playstore Apple AppStore Huawei AppGallery Laden Sie die App dort herunter und folgen [&hellip;]<\/p>\n","protected":false},"author":1,"featured_media":0,"parent":0,"menu_order":0,"comment_status":"closed","ping_status":"closed","template":"","meta":{"_et_pb_use_builder":"on","_et_pb_old_content":"","_et_gb_content_width":"","footnotes":""},"class_list":["post-892","page","type-page","status-publish","hentry"],"aioseo_notices":[],"_links":{"self":[{"href":"https:\/\/shen-apps.com\/de\/wp-json\/wp\/v2\/pages\/892","targetHints":{"allow":["GET"]}}],"collection":[{"href":"https:\/\/shen-apps.com\/de\/wp-json\/wp\/v2\/pages"}],"about":[{"href":"https:\/\/shen-apps.com\/de\/wp-json\/wp\/v2\/types\/page"}],"author":[{"embeddable":true,"href":"https:\/\/shen-apps.com\/de\/wp-json\/wp\/v2\/users\/1"}],"replies":[{"embeddable":true,"href":"https:\/\/shen-apps.com\/de\/wp-json\/wp\/v2\/comments?post=892"}],"version-history":[{"count":2,"href":"https:\/\/shen-apps.com\/de\/wp-json\/wp\/v2\/pages\/892\/revisions"}],"predecessor-version":[{"id":7081,"href":"https:\/\/shen-apps.com\/de\/wp-json\/wp\/v2\/pages\/892\/revisions\/7081"}],"wp:attachment":[{"href":"https:\/\/shen-apps.com\/de\/wp-json\/wp\/v2\/media?parent=892"}],"curies":[{"name":"wp","href":"https:\/\/api.w.org\/{rel}","templated":true}]}}