{"id":1014,"date":"2018-12-17T07:56:04","date_gmt":"2018-12-17T07:56:04","guid":{"rendered":"http:\/\/shen-apps.com\/50-2"},"modified":"2024-09-15T15:07:05","modified_gmt":"2024-09-15T15:07:05","slug":"50-2","status":"publish","type":"page","link":"https:\/\/shen-apps.com\/es","title":{"rendered":"Home"},"content":{"rendered":"<p>[et_pb_section fb_built=\u00bb1&#8243; _builder_version=\u00bb4.16&#8243; background_color=\u00bb#efefef\u00bb custom_padding=\u00bb1px|0px|3px|0px|false|false\u00bb top_divider_style=\u00bbtriangle\u00bb top_divider_color=\u00bb#666666&#8243; top_divider_height=\u00bb42px\u00bb top_divider_flip=\u00bbvertical\u00bb animation_style=\u00bbfade\u00bb animation_duration=\u00bb1400ms\u00bb global_colors_info=\u00bb{}\u00bb][et_pb_row module_class=\u00bb et_pb_row_fullwidth\u00bb _builder_version=\u00bb4.16&#8243; width=\u00bb89%\u00bb width_tablet=\u00bb80%\u00bb width_phone=\u00bb80%\u00bb width_last_edited=\u00bbon|desktop\u00bb max_width=\u00bb89%\u00bb max_width_tablet=\u00bb80%\u00bb max_width_phone=\u00bb80%\u00bb max_width_last_edited=\u00bbon|desktop\u00bb custom_padding=\u00bb58px|0px|46px|0px|false|false\u00bb make_fullwidth=\u00bbon\u00bb global_colors_info=\u00bb{}\u00bb][et_pb_column type=\u00bb4_4&#8243; _builder_version=\u00bb4.16&#8243; custom_padding=\u00bb|||\u00bb global_colors_info=\u00bb{}\u00bb custom_padding__hover=\u00bb|||\u00bb][et_pb_text _builder_version=\u00bb4.27.0&#8243; _module_preset=\u00bbc1f0b0df-a252-44db-b59f-4c29c45506ae\u00bb text_font=\u00bb|700|||||||\u00bb text_font_size=\u00bb25px\u00bb text_font_size_phone=\u00bb20px\u00bb global_colors_info=\u00bb{}\u00bb]<\/p>\n<h1 style=\"text-align: center;\">Shen-Acupuntura<\/h1>\n<p style=\"text-align: center;\"><strong>Atlas de Acupuntura \u2013 B\u00fasqueda Avanzada \u2013 MTC diagnostica \u2013 Fundamentos de la MTC<br \/><\/strong><\/p>\n<p>[\/et_pb_text][\/et_pb_column][\/et_pb_row][et_pb_row module_class=\u00bb et_pb_row_fullwidth\u00bb _builder_version=\u00bb4.16&#8243; width=\u00bb89%\u00bb width_tablet=\u00bb80%\u00bb width_phone=\u00bb80%\u00bb width_last_edited=\u00bbon|desktop\u00bb max_width=\u00bb89%\u00bb max_width_tablet=\u00bb80%\u00bb max_width_phone=\u00bb80%\u00bb max_width_last_edited=\u00bbon|desktop\u00bb custom_padding=\u00bb0|0px|0|0px|false|false\u00bb make_fullwidth=\u00bbon\u00bb global_colors_info=\u00bb{}\u00bb][et_pb_column type=\u00bb4_4&#8243; _builder_version=\u00bb4.16&#8243; custom_padding=\u00bb|||\u00bb global_colors_info=\u00bb{}\u00bb custom_padding__hover=\u00bb|||\u00bb][et_pb_image src=\u00bbhttp:\/\/shen-apps.com\/wp-content\/uploads\/2022\/03\/title-three-ESP.png\u00bb title_text=\u00bbtitle-three-ESP\u00bb align=\u00bbcenter\u00bb _builder_version=\u00bb4.16&#8243; _module_preset=\u00bbdefault\u00bb global_colors_info=\u00bb{}\u00bb][\/et_pb_image][et_pb_text _builder_version=\u00bb4.27.0&#8243; _module_preset=\u00bbd1727bff-cf16-4e5d-8879-c504e014070b\u00bb text_font_size=\u00bb19px\u00bb global_colors_info=\u00bb{}\u00bb custom_margin=\u00bb||-1px||false|false\u00bb]<\/p>\n<p style=\"text-align: center;\"><strong style=\"font-size: x-large; color: black; text-align: center;\"><span style=\"background-color: transparent; color: #5e5e5e; font-family: Arial; font-size: 19.6px; font-style: normal; font-variant: normal; font-weight: 400; line-height: 23.52px;\">Durante muchos siglos, la medicina tradicional china se ense\u00f1a y se aplica continuamente. No hay otra medicina que pueda comprender y tratar a las personas de forma individual.<br \/><\/span><\/strong><\/p>\n<p style=\"text-align: center;\"><strong style=\"font-size: x-large; color: black; text-align: center;\"><span style=\"background-color: transparent; color: #5e5e5e; font-family: Arial; font-size: 19.6px; font-style: normal; font-variant: normal; font-weight: 400; line-height: 23.52px;\">Te ayudamos a dominar este arte antiguo.<\/span><\/strong><\/p>\n<p>[\/et_pb_text][et_pb_image src=\u00bbhttp:\/\/shen-apps.com\/wp-content\/uploads\/2022\/03\/Shen-buttons-ESP.png\u00bb title_text=\u00bbShen-buttons-ESP\u00bb align=\u00bbcenter\u00bb _builder_version=\u00bb4.16&#8243; _module_preset=\u00bbdefault\u00bb global_colors_info=\u00bb{}\u00bb custom_margin=\u00bb||27px|||\u00bb][\/et_pb_image][et_pb_text _builder_version=\u00bb4.27.0&#8243; _module_preset=\u00bb07bb8339-cb4d-483f-b29f-31ec790f3664&#8243; hover_enabled=\u00bb0&#8243; sticky_enabled=\u00bb0&#8243;]<\/p>\n<h2 style=\"text-align: center;\">\u00a1Descarga Shen-Acupuntura App en tu App Store!<\/h2>\n<p style=\"text-align: center;\"><span style=\"color: #333333;\">2 libros de referencia de MTC, 150 puntos de acupuntura, 50 diagn\u00f3sticos de MTC y 500 s\u00edntomas con diagn\u00f3sticos de MTC est\u00e1n disponibles de forma <strong>gratuita<\/strong> en la aplicaci\u00f3n Shen Acupuntura.<\/span><\/p>\n<p style=\"text-align: center;\"><span style=\"color: #333333;\">\u00a1Y hay a\u00fan m\u00e1s en <strong>la versi\u00f3n completa de Shen Acupuntura<\/strong>!<\/span><\/p>\n<p>[\/et_pb_text][et_pb_text _builder_version=\u00bb4.27.0&#8243; _module_preset=\u00bb07bb8339-cb4d-483f-b29f-31ec790f3664&#8243; text_line_height=\u00bb1em\u00bb header_2_font_size=\u00bb24px\u00bb text_orientation=\u00bbcenter\u00bb hover_enabled=\u00bb0&#8243; text_font_size_phone=\u00bb10px\u00bb text_line_height_phone=\u00bb1em\u00bb header_2_font_size_tablet=\u00bb20px\u00bb header_2_font_size_phone=\u00bb15px\u00bb saved_tabs=\u00bball\u00bb global_colors_info=\u00bb{}\u00bb theme_builder_area=\u00bbpost_content\u00bb sticky_enabled=\u00bb0&#8243;]<\/p>\n<table style=\"width: 60%; border-collapse: collapse; border-style: none; border-color: #ffffff; margin-left: auto; margin-right: auto;\" border=\"0\">\n<tbody>\n<tr>\n<td style=\"width: 33.3333%; text-align: center;\"><a href=\"https:\/\/play.google.com\/store\/apps\/details?id=com.digitalbithub.shen\" target=\"_blank\" rel=\"noopener\"><img loading=\"lazy\" decoding=\"async\" class=\"wp-image-3459 alignnone size-full\" src=\"http:\/\/shen-apps.com\/wp-content\/uploads\/2022\/03\/Playstore.png\" alt=\"\" width=\"94\" height=\"93\" srcset=\"https:\/\/shen-apps.com\/wp-content\/uploads\/2022\/03\/Playstore.png 154w, https:\/\/shen-apps.com\/wp-content\/uploads\/2022\/03\/Playstore-150x150.png 150w\" sizes=\"(max-width: 94px) 100vw, 94px\" \/><\/a><\/td>\n<td style=\"width: 33.3333%; text-align: center;\"><a href=\"https:\/\/appgallery.huawei.com\/app\/C105509091\" target=\"_blank\" rel=\"noopener\"><img loading=\"lazy\" decoding=\"async\" class=\"wp-image-3466 alignnone size-full\" src=\"http:\/\/shen-apps.com\/wp-content\/uploads\/2022\/03\/AppGallery.png\" alt=\"\" width=\"100\" height=\"99\" srcset=\"https:\/\/shen-apps.com\/wp-content\/uploads\/2022\/03\/AppGallery.png 154w, https:\/\/shen-apps.com\/wp-content\/uploads\/2022\/03\/AppGallery-150x150.png 150w\" sizes=\"(max-width: 100px) 100vw, 100px\" \/><\/a><\/td>\n<td style=\"width: 33.3333%; text-align: center;\"><a href=\"https:\/\/itunes.apple.com\/us\/app\/shen-acupuncture\/id1384099547?ls=1&amp;mt=8\" target=\"_blank\" rel=\"noopener\"><img loading=\"lazy\" decoding=\"async\" class=\"wp-image-3473 alignnone size-full\" src=\"http:\/\/shen-apps.com\/wp-content\/uploads\/2022\/03\/AppStore.png\" alt=\"\" width=\"81\" height=\"80\" srcset=\"https:\/\/shen-apps.com\/wp-content\/uploads\/2022\/03\/AppStore.png 154w, https:\/\/shen-apps.com\/wp-content\/uploads\/2022\/03\/AppStore-150x150.png 150w\" sizes=\"(max-width: 81px) 100vw, 81px\" \/><\/a><\/td>\n<\/tr>\n<tr>\n<td style=\"width: 33.3333%; text-align: center;\">Google<br \/><a href=\"https:\/\/play.google.com\/store\/apps\/details?id=com.digitalbithub.shen\" target=\"_blank\" rel=\"noopener\"><strong>PlayStore<\/strong><\/a><\/td>\n<td style=\"width: 33.3333%; text-align: center;\">Huawei<br \/><a href=\"https:\/\/appgallery.huawei.com\/app\/C105509091\" target=\"_blank\" rel=\"noopener\"><strong>AppGallery<\/strong><\/a><\/td>\n<td style=\"width: 33.3333%; text-align: center;\">Apple<br \/><a href=\"https:\/\/itunes.apple.com\/us\/app\/shen-acupuncture\/id1384099547?ls=1&amp;mt=8\" target=\"_blank\" rel=\"noopener\"><strong>AppStore<\/strong><\/a><\/td>\n<\/tr>\n<\/tbody>\n<\/table>\n<p>[\/et_pb_text][\/et_pb_column][\/et_pb_row][\/et_pb_section][et_pb_section fb_built=\u00bb1&#8243; prev_background_color=\u00bb#efefef\u00bb _builder_version=\u00bb4.16&#8243; background_color=\u00bb#666666&#8243; custom_padding=\u00bb0|0px|59.9479px|0px|false|false\u00bb top_divider_style=\u00bbarrow\u00bb animation_style=\u00bbfade\u00bb animation_duration=\u00bb1400ms\u00bb global_colors_info=\u00bb{}\u00bb][et_pb_row column_structure=\u00bb1_2,1_2&#8243; _builder_version=\u00bb4.16&#8243; custom_padding=\u00bb145px|0px|0|0px|false|false\u00bb global_colors_info=\u00bb{}\u00bb][et_pb_column type=\u00bb1_2&#8243; _builder_version=\u00bb4.16&#8243; custom_padding=\u00bb|||\u00bb global_colors_info=\u00bb{}\u00bb custom_padding__hover=\u00bb|||\u00bb][et_pb_image src=\u00bbhttp:\/\/shen-apps.com\/wp-content\/uploads\/2022\/03\/Atlas-ESP.png\u00bb title_text=\u00bbAtlas-ESP\u00bb align=\u00bbcenter\u00bb align_tablet=\u00bbcenter\u00bb align_phone=\u00bbcenter\u00bb align_last_edited=\u00bbon|desktop\u00bb _builder_version=\u00bb4.16&#8243; global_colors_info=\u00bb{}\u00bb]<br \/>\n[\/et_pb_image][\/et_pb_column][et_pb_column type=\u00bb1_2&#8243; _builder_version=\u00bb4.16&#8243; custom_padding=\u00bb|||\u00bb global_colors_info=\u00bb{}\u00bb custom_padding__hover=\u00bb|||\u00bb][et_pb_text _builder_version=\u00bb4.27.0&#8243; _module_preset=\u00bba7da8209-bfa4-4ddc-80f3-b4e5d9f9f940&#8243; text_text_color=\u00bb#FFFFFF\u00bb header_font_size=\u00bb32px\u00bb header_font_size_tablet=\u00bb32px\u00bb header_font_size_phone=\u00bb26px\u00bb global_colors_info=\u00bb{}\u00bb]<\/p>\n<h2>Buscar 1000 p\u00e1ginas del Shen-Atlas de Acupuntura toma solo una fracci\u00f3n de segundo<\/h2>\n<p>En la aplicaci\u00f3n tendr\u00e1s acceso completo al Shen-Atlas de Acupuntura, un libro de referencia con m\u00e1s de 1000 p\u00e1ginas y 400 gr\u00e1ficos de acupuntura de alta calidad. Atlas de Acupuntura es f\u00e1cil de usar y est\u00e1 optimizado para trabajar en pantallas peque\u00f1as, como un tel\u00e9fono inteligente o una tableta.<\/p>\n<p><strong>409 Puntos de Acupuntura!<\/strong><br \/>Todos y cada uno de los puntos de acupuntura incluyen una descripci\u00f3n detallada de la ubicaci\u00f3n, funciones de MTC, indicaciones, calificaciones especiales, punci\u00f3n y m\u00e1s.<\/p>\n<p><strong>469 Gr\u00e1ficos de Acupuntura!<\/strong><br \/>Las tablas de acupuntura de alta calidad muestran cada punto en cuatro niveles anat\u00f3micos: piel, musculatura, esqueleto y \u00f3rganos internos con vasos y nervios.<\/p>\n<p>Busca el atlas completo dentro de Nano segundos para detectar enfermedades, indicaciones y diagn\u00f3sticos MTC. La opci\u00f3n de b\u00fasqueda en la aplicaci\u00f3n Acupuntura Shen hace que tu trabajo sea sin compromisos y r\u00e1pido. Buscar 1000 p\u00e1ginas del atlas de acupuntura para \u201casma\u201d toma solo una fracci\u00f3n de segundo y no requiere conexi\u00f3n a Internet.<\/p>\n<p>[\/et_pb_text][\/et_pb_column][\/et_pb_row][\/et_pb_section][et_pb_section fb_built=\u00bb1&#8243; prev_background_color=\u00bb#666666&#8243; next_background_color=\u00bb#095fa0&#8243; _builder_version=\u00bb4.16&#8243; top_divider_style=\u00bbwave\u00bb bottom_divider_style=\u00bbarrow2&#8243; animation_style=\u00bbslide\u00bb animation_direction=\u00bbleft\u00bb animation_duration=\u00bb1500ms\u00bb global_colors_info=\u00bb{}\u00bb][et_pb_row column_structure=\u00bb1_2,1_2&#8243; module_class=\u00bb et_pb_row_fullwidth\u00bb _builder_version=\u00bb4.16&#8243; width_tablet=\u00bb80%\u00bb width_phone=\u00bb80%\u00bb width_last_edited=\u00bbon|desktop\u00bb max_width_tablet=\u00bb80%\u00bb max_width_phone=\u00bb80%\u00bb max_width_last_edited=\u00bbon|desktop\u00bb custom_padding=\u00bb38.0469px|0px|0|0px|false|false\u00bb make_fullwidth=\u00bbon\u00bb global_colors_info=\u00bb{}\u00bb][et_pb_column type=\u00bb1_2&#8243; _builder_version=\u00bb4.16&#8243; custom_padding=\u00bb|||\u00bb global_colors_info=\u00bb{}\u00bb custom_padding__hover=\u00bb|||\u00bb][et_pb_text _builder_version=\u00bb4.27.0&#8243; _module_preset=\u00bb7fad7065-1385-4284-ab54-a32286194bcc\u00bb header_font_size=\u00bb33px\u00bb header_font_size_tablet=\u00bb33px\u00bb header_font_size_phone=\u00bb28px\u00bb global_colors_info=\u00bb{}\u00bb]<\/p>\n<h2 style=\"text-align: left;\">B\u00fasqueda Avanzada \u2013 Una caracter\u00edstica impresionante!<\/h2>\n<p>Esta es una funci\u00f3n \u00fanica integrada en la aplicaci\u00f3n Acupuntura-Shen para ayudarlo a crear combinaciones de puntos \u00f3ptimas para su tratamiento y guardarlas para usarlas en el futuro. La B\u00fasqueda Avanzada es una adici\u00f3n brillante a la b\u00fasqueda de texto completo y tiene una inteligencia especial solo disponible con la aplicaci\u00f3n. Esta inteligencia consiste en 5000 enlaces creados individualmente entre diagn\u00f3sticos MTC y puntos de acupuntura que nunca encontrar\u00edas con la b\u00fasqueda de texto completo.<\/p>\n<p>Solo B\u00fasqueda Avanzada puede mostrarte todos los puntos de acupuntura para un tratamiento espec\u00edfico, p.e. Deficiencia de Ri\u00f1\u00f3n Yin. Tambi\u00e9n son posibles las b\u00fasquedas combinadas: por ejemplo, para buscar todos los puntos que fortalecen el Yin del Ri\u00f1\u00f3n y el Yin del Coraz\u00f3n, o mostrar todos los puntos de Shu-Arroyo que expulsan el Calor.<\/p>\n<p>Esta funcionalidad lo hace f\u00e1cil y ayuda a crear tus propias combinaciones de puntos para tu pr\u00e1ctica. Usa MiCesta como un cach\u00e9 para tus combinaciones de puntos y cons\u00edguelo c\u00f3modamente para pacientes o enfermedades en la aplicaci\u00f3n.<\/p>\n<p>[\/et_pb_text][\/et_pb_column][et_pb_column type=\u00bb1_2&#8243; _builder_version=\u00bb4.16&#8243; custom_padding=\u00bb|||\u00bb global_colors_info=\u00bb{}\u00bb custom_padding__hover=\u00bb|||\u00bb][et_pb_image src=\u00bbhttp:\/\/shen-apps.com\/wp-content\/uploads\/2022\/03\/PowerSearch-ESP.png\u00bb title_text=\u00bbPowerSearch-ESP\u00bb align=\u00bbcenter\u00bb align_tablet=\u00bbcenter\u00bb align_phone=\u00bbcenter\u00bb align_last_edited=\u00bbon|desktop\u00bb _builder_version=\u00bb4.16&#8243; global_colors_info=\u00bb{}\u00bb]<br \/>\n[\/et_pb_image][\/et_pb_column][\/et_pb_row][\/et_pb_section][et_pb_section fb_built=\u00bb1&#8243; next_background_color=\u00bb#137a41&#8243; _builder_version=\u00bb4.16&#8243; background_color=\u00bb#095fa0&#8243; custom_padding=\u00bb||130px|||\u00bb bottom_divider_style=\u00bbramp\u00bb bottom_divider_flip=\u00bbvertical|horizontal\u00bb animation_style=\u00bbslide\u00bb animation_direction=\u00bbright\u00bb animation_duration=\u00bb1500ms\u00bb global_colors_info=\u00bb{}\u00bb][et_pb_row column_structure=\u00bb1_2,1_2&#8243; _builder_version=\u00bb4.16&#8243; custom_padding=\u00bb38.0469px|0px|0|0px|false|false\u00bb global_colors_info=\u00bb{}\u00bb][et_pb_column type=\u00bb1_2&#8243; _builder_version=\u00bb4.16&#8243; custom_padding=\u00bb|||\u00bb global_colors_info=\u00bb{}\u00bb custom_padding__hover=\u00bb|||\u00bb][et_pb_image src=\u00bbhttp:\/\/shen-apps.com\/wp-content\/uploads\/2022\/03\/TCMDiagnoses-ESP.png\u00bb title_text=\u00bbTCMDiagnoses-ESP\u00bb align=\u00bbcenter\u00bb align_tablet=\u00bbcenter\u00bb align_phone=\u00bbcenter\u00bb align_last_edited=\u00bbon|desktop\u00bb _builder_version=\u00bb4.16&#8243; global_colors_info=\u00bb{}\u00bb]<br \/>\n[\/et_pb_image][\/et_pb_column][et_pb_column type=\u00bb1_2&#8243; _builder_version=\u00bb4.16&#8243; custom_padding=\u00bb|||\u00bb global_colors_info=\u00bb{}\u00bb custom_padding__hover=\u00bb|||\u00bb][et_pb_text _builder_version=\u00bb4.27.0&#8243; _module_preset=\u00bba7da8209-bfa4-4ddc-80f3-b4e5d9f9f940&#8243; text_text_color=\u00bb#FFFFFF\u00bb header_font_size=\u00bb35px\u00bb header_font_size_tablet=\u00bb35px\u00bb header_font_size_phone=\u00bb32px\u00bb global_colors_info=\u00bb{}\u00bb]<\/p>\n<h2>S\u00edntomas cardinales, Causas y Consejos de tratamiento<\/h2>\n<p>Claramente estructurada, la aplicaci\u00f3n de Acupuntura Shen contiene experiencia pr\u00e1ctica en Factores Pat\u00f3genos, Patrones de Sustancias, Zang Fu y -NUEVO- as\u00ed como los 8 Meridianos Extraordinarios.<\/p>\n<ul>\n<li>S\u00edntomas cardinales para la identificaci\u00f3n eficiente de patrones<\/li>\n<li>Causas: Explicaci\u00f3n de la causa de los patrones junto con aspectos emocionales y nutrici\u00f3n<\/li>\n<li>Consejos de tratamiento: posibles estrategias de tratamiento<\/li>\n<li>Combinaciones de puntos probadas para tratar cada diagn\u00f3stico de MTC<\/li>\n<\/ul>\n<p>[\/et_pb_text][\/et_pb_column][\/et_pb_row][\/et_pb_section][et_pb_section fb_built=\u00bb1&#8243; next_background_color=\u00bb#e0e0e0&#8243; _builder_version=\u00bb4.16&#8243; background_color=\u00bb#137a41&#8243; custom_padding=\u00bb0|0px|76.1094px|0px|false|false\u00bb bottom_divider_style=\u00bbarrow2&#8243; animation_style=\u00bbslide\u00bb animation_direction=\u00bbleft\u00bb animation_duration=\u00bb1500ms\u00bb global_colors_info=\u00bb{}\u00bb][et_pb_row column_structure=\u00bb1_2,1_2&#8243; _builder_version=\u00bb4.16&#8243; custom_padding=\u00bb0px|0px|0|0px|false|false\u00bb global_colors_info=\u00bb{}\u00bb][et_pb_column type=\u00bb1_2&#8243; _builder_version=\u00bb4.16&#8243; custom_padding=\u00bb|||\u00bb global_colors_info=\u00bb{}\u00bb custom_padding__hover=\u00bb|||\u00bb][et_pb_text _builder_version=\u00bb4.27.0&#8243; _module_preset=\u00bba7da8209-bfa4-4ddc-80f3-b4e5d9f9f940&#8243; text_text_color=\u00bb#FFFFFF\u00bb header_font_size=\u00bb44px\u00bb header_font_size_tablet=\u00bb44px\u00bb header_font_size_phone=\u00bb30px\u00bb global_colors_info=\u00bb{}\u00bb]<\/p>\n<h2>La mayor colecci\u00f3n de s\u00edntomas del mundo<\/h2>\n<p>Shen Acupuntura contiene la mayor colecci\u00f3n del mundo de s\u00edntomas y patrones de enfermedades occidentales con diagn\u00f3sticos de MTC asociados.<\/p>\n<p>Si desea conocer el diagn\u00f3stico de MTC para un cuadro cl\u00ednico o s\u00edntoma concreto, aqu\u00ed lo encontrar\u00e1 con toda seguridad.<\/p>\n<p>[\/et_pb_text][\/et_pb_column][et_pb_column type=\u00bb1_2&#8243; _builder_version=\u00bb4.16&#8243; custom_padding=\u00bb|||\u00bb global_colors_info=\u00bb{}\u00bb custom_padding__hover=\u00bb|||\u00bb][et_pb_image src=\u00bbhttp:\/\/shen-apps.com\/wp-content\/uploads\/2022\/03\/Symptoms-ESP.png\u00bb title_text=\u00bbSymptoms-ESP\u00bb align=\u00bbcenter\u00bb align_tablet=\u00bbcenter\u00bb align_phone=\u00bbcenter\u00bb align_last_edited=\u00bbon|desktop\u00bb _builder_version=\u00bb4.16&#8243; global_colors_info=\u00bb{}\u00bb]<br \/>\n[\/et_pb_image][\/et_pb_column][\/et_pb_row][\/et_pb_section][et_pb_section fb_built=\u00bb1&#8243; _builder_version=\u00bb4.16&#8243; background_color=\u00bb#e0e0e0&#8243; custom_padding=\u00bb0|0px|76.1094px|0px|false|false\u00bb animation_style=\u00bbslide\u00bb animation_direction=\u00bbright\u00bb animation_duration=\u00bb1500ms\u00bb global_colors_info=\u00bb{}\u00bb][et_pb_row column_structure=\u00bb1_2,1_2&#8243; _builder_version=\u00bb4.16&#8243; custom_padding=\u00bb38.0469px|0px|0|0px|false|false\u00bb global_colors_info=\u00bb{}\u00bb][et_pb_column type=\u00bb1_2&#8243; _builder_version=\u00bb4.16&#8243; custom_padding=\u00bb|||\u00bb global_colors_info=\u00bb{}\u00bb custom_padding__hover=\u00bb|||\u00bb][et_pb_image src=\u00bbhttp:\/\/shen-apps.com\/wp-content\/uploads\/2022\/03\/TCMTheory-ESP.png\u00bb title_text=\u00bbTCMTheory-ESP\u00bb align=\u00bbcenter\u00bb align_tablet=\u00bbcenter\u00bb align_phone=\u00bbcenter\u00bb align_last_edited=\u00bbon|desktop\u00bb _builder_version=\u00bb4.16&#8243; global_colors_info=\u00bb{}\u00bb]<br \/>\n[\/et_pb_image][\/et_pb_column][et_pb_column type=\u00bb1_2&#8243; _builder_version=\u00bb4.16&#8243; custom_padding=\u00bb|||\u00bb global_colors_info=\u00bb{}\u00bb custom_padding__hover=\u00bb|||\u00bb][et_pb_text _builder_version=\u00bb4.27.0&#8243; _module_preset=\u00bbd1727bff-cf16-4e5d-8879-c504e014070b\u00bb header_font_size=\u00bb42px\u00bb header_font_size_tablet=\u00bb42px\u00bb header_font_size_phone=\u00bb30px\u00bb global_colors_info=\u00bb{}\u00bb]<\/p>\n<h2>Si se centra en lo esencial, sus estudios de MTC ser\u00e1n un \u00e9xito.<\/h2>\n<p>Con los fundamentos de la MTC en la App de Acupuntura Shen, encontrar\u00e1 una introducci\u00f3n a la Medicina Tradicional China mucho m\u00e1s r\u00e1pida que con un libro de referencia convencional.<\/p>\n<p>Las dificultades s\u00f3lo aparecen con los pacientes realmente problem\u00e1ticos. Los fundamentos de la MTC ya est\u00e1n incluidos en la versi\u00f3n gratuita.<\/p>\n<p>[\/et_pb_text][\/et_pb_column][\/et_pb_row][\/et_pb_section][et_pb_section fb_built=\u00bb1&#8243; _builder_version=\u00bb4.16&#8243; background_color=\u00bb#e0e0e0&#8243; custom_padding=\u00bb0|0px|76.1094px|0px|false|false\u00bb animation_style=\u00bbslide\u00bb animation_direction=\u00bbright\u00bb animation_duration=\u00bb1500ms\u00bb global_colors_info=\u00bb{}\u00bb][et_pb_row _builder_version=\u00bb4.16&#8243; custom_padding=\u00bb38.0469px|0px|0|0px|false|false\u00bb global_colors_info=\u00bb{}\u00bb][et_pb_column type=\u00bb4_4&#8243; _builder_version=\u00bb4.16&#8243; custom_padding=\u00bb|||\u00bb global_colors_info=\u00bb{}\u00bb custom_padding__hover=\u00bb|||\u00bb][et_pb_text _builder_version=\u00bb4.27.0&#8243; _module_preset=\u00bb7fad7065-1385-4284-ab54-a32286194bcc\u00bb header_text_color=\u00bb#353535&#8243; header_font_size_tablet=\u00bb50px\u00bb header_font_size_phone=\u00bb27px\u00bb global_colors_info=\u00bb{}\u00bb]<\/p>\n<h2 style=\"text-align: center;\">Mi Base de Datos para notas, im\u00e1genes, audio y puntos de acupuntura<\/h2>\n<p style=\"text-align: center;\">Ya sea tomando notas sobre pacientes, ideas de tratamiento, listas de tareas, im\u00e1genes para diagn\u00f3sticos de lengua, audio o resultados de sus b\u00fasquedas de puntos: Mi Base de Datos en la aplicaci\u00f3n Acupuntura Shen almacena todo.<\/p>\n<p style=\"text-align: center;\">Crea tus propias categor\u00edas para notas, pacientes, enfermedades, etc.<\/p>\n<p style=\"text-align: center;\">Guarda cualquier texto, imagen, audio o puntos de acupuntura<\/p>\n<p style=\"text-align: center;\">Importar combinaciones de puntos almacenadas en MiCesta directamente a pacientes o im\u00e1genes de enfermedades<\/p>\n<p style=\"text-align: center;\">Almacenar im\u00e1genes para el diagn\u00f3stico de lengua del paciente<\/p>\n<p style=\"text-align: center;\"><strong>No te preocupes por la p\u00e9rdida de datos:<\/strong> crea una copia de seguridad y puedes restaurar tus datos en cualquier momento y desde cualquier dispositivo. \u00a1Incluso en el caso de perder o cambiar tu tel\u00e9fono inteligente!<\/p>\n<p>[\/et_pb_text][\/et_pb_column][\/et_pb_row][\/et_pb_section]<\/p>\n","protected":false},"excerpt":{"rendered":"<p>Shen-Acupuntura Atlas de Acupuntura \u2013 B\u00fasqueda Avanzada \u2013 MTC diagnostica \u2013 Fundamentos de la MTCDurante muchos siglos, la medicina tradicional china se ense\u00f1a y se aplica continuamente. No hay otra medicina que pueda comprender y tratar a las personas de forma individual. Te ayudamos a dominar este arte antiguo.\u00a1Descarga Shen-Acupuntura App en tu App Store! [&hellip;]<\/p>\n","protected":false},"author":1,"featured_media":0,"parent":0,"menu_order":0,"comment_status":"closed","ping_status":"closed","template":"","meta":{"_et_pb_use_builder":"on","_et_pb_old_content":"","_et_gb_content_width":"","footnotes":""},"class_list":["post-1014","page","type-page","status-publish","hentry"],"aioseo_notices":[],"_links":{"self":[{"href":"https:\/\/shen-apps.com\/es\/wp-json\/wp\/v2\/pages\/1014","targetHints":{"allow":["GET"]}}],"collection":[{"href":"https:\/\/shen-apps.com\/es\/wp-json\/wp\/v2\/pages"}],"about":[{"href":"https:\/\/shen-apps.com\/es\/wp-json\/wp\/v2\/types\/page"}],"author":[{"embeddable":true,"href":"https:\/\/shen-apps.com\/es\/wp-json\/wp\/v2\/users\/1"}],"replies":[{"embeddable":true,"href":"https:\/\/shen-apps.com\/es\/wp-json\/wp\/v2\/comments?post=1014"}],"version-history":[{"count":3,"href":"https:\/\/shen-apps.com\/es\/wp-json\/wp\/v2\/pages\/1014\/revisions"}],"predecessor-version":[{"id":7028,"href":"https:\/\/shen-apps.com\/es\/wp-json\/wp\/v2\/pages\/1014\/revisions\/7028"}],"wp:attachment":[{"href":"https:\/\/shen-apps.com\/es\/wp-json\/wp\/v2\/media?parent=1014"}],"curies":[{"name":"wp","href":"https:\/\/api.w.org\/{rel}","templated":true}]}}