{"id":1385,"date":"2018-12-18T14:21:19","date_gmt":"2018-12-18T14:21:19","guid":{"rendered":"http:\/\/shen-apps.com\/?page_id=1385"},"modified":"2024-08-22T16:40:26","modified_gmt":"2024-08-22T16:40:26","slug":"support","status":"publish","type":"page","link":"https:\/\/shen-apps.com\/es\/support","title":{"rendered":"Support"},"content":{"rendered":"<p>[et_pb_section fb_built=\u00bb1&#8243; _builder_version=\u00bb4.27.0&#8243; _module_preset=\u00bbdefault\u00bb custom_padding=\u00bb3px|||||\u00bb global_colors_info=\u00bb{}\u00bb][et_pb_row _builder_version=\u00bb4.27.0&#8243; _module_preset=\u00bbdefault\u00bb global_colors_info=\u00bb{}\u00bb][et_pb_column type=\u00bb4_4&#8243; _builder_version=\u00bb4.27.0&#8243; _module_preset=\u00bbdefault\u00bb global_colors_info=\u00bb{}\u00bb][et_pb_text _builder_version=\u00bb4.27.0&#8243; _module_preset=\u00bbdefault\u00bb custom_margin=\u00bb||52px|||\u00bb hover_enabled=\u00bb0&#8243; global_colors_info=\u00bb{}\u00bb sticky_enabled=\u00bb0&#8243;]<\/p>\n<h1>Soporte<\/h1>\n<p>Bienvenido a Shen-Acupuncture App. Para cualquier pregunta, por favor utilice el <a href=\"#askaquestion\">formulario de contacto<\/a> en la parte inferior de esta p\u00e1gina.<\/p>\n<p>[\/et_pb_text][et_pb_image src=\u00bbhttp:\/\/shen-apps.com\/wp-content\/uploads\/2023\/03\/Category-Water.png\u00bb title_text=\u00bbCategory-Water\u00bb align=\u00bbcenter\u00bb _builder_version=\u00bb4.27.0&#8243; _module_preset=\u00bbdefault\u00bb width=\u00bb10%\u00bb global_colors_info=\u00bb{}\u00bb][\/et_pb_image][et_pb_text _builder_version=\u00bb4.27.0&#8243; _module_preset=\u00bbdefault\u00bb background_color=\u00bb#d3d3d3&#8243; custom_padding=\u00bb5px||||false|false\u00bb hover_enabled=\u00bb0&#8243; border_radii=\u00bbon|5px|5px|5px|5px\u00bb global_colors_info=\u00bb{}\u00bb sticky_enabled=\u00bb0&#8243;]<\/p>\n<h2 style=\"text-align: center;\">Primeros pasos<\/h2>\n<p>[\/et_pb_text][chiac_divi_accordions chiac_toggle_speed=\u00bb300&#8243; chiac_mode=\u00bbsingle\u00bb chiac_i_left_icon_clr=\u00bb#000000&#8243; chiac_i_item_margin=\u00bb5px||5px||false|false\u00bb _builder_version=\u00bb4.27.0&#8243; _module_preset=\u00bbdefault\u00bb chiac_i_title_level=\u00bbh6&#8243; chiac_i_title_font=\u00bb|||on|||||\u00bb hover_enabled=\u00bb0&#8243; global_colors_info=\u00bb{}\u00bb sticky_enabled=\u00bb0&#8243;][chiac_divi_accordions_item title=\u00bbDescargar e instalar\u00bb chiac_subtitle_state=\u00bboff\u00bb chiac_l_icon_state=\u00bboff\u00bb chiac_state=\u00bboff\u00bb _builder_version=\u00bb4.27.0&#8243; _module_preset=\u00bbdefault\u00bb hover_enabled=\u00bb0&#8243; global_colors_info=\u00bb{}\u00bb sticky_enabled=\u00bb0&#8243;]<\/p>\n<p>Shen-Acupuncture est\u00e1 disponible en las siguientes Appstores:<\/p>\n<ul>\n<li><a href=\"https:\/\/play.google.com\/store\/apps\/details?id=com.digitalbithub.shen\">Google Playstore<\/a><\/li>\n<li><a href=\"https:\/\/itunes.apple.com\/us\/app\/shen-acupuncture\/id1384099547?ls=1&amp;mt=8\">Apple AppStore<\/a><\/li>\n<li><a href=\"https:\/\/appgallery.huawei.com\/app\/C105509091\">Huawei AppGallery<\/a><\/li>\n<\/ul>\n<p>Descargue y siga las instrucciones de instalaci\u00f3n.<\/p>\n<p>Puede instalar Shen-Acupuncture App en los siguientes idiomas:<\/p>\n<ul>\n<li>English<\/li>\n<li>Espa\u00f1ol<\/li>\n<li>Fran\u00e7ais<\/li>\n<li>Netherlands<\/li>\n<li>Deutsch<\/li>\n<li>Italiano<\/li>\n<li>Indonesian<\/li>\n<li>Portugu\u00eas<\/li>\n<li>P\u0443\u0441\u0441\u043a\u0438\u0439<\/li>\n<li>\u4e2d\u6587<\/li>\n<li>\u0939\u093f\u0928\u094d\u0926\u0940<\/li>\n<li>\u0641\u0627\u0631\u0633\u06cc<\/li>\n<\/ul>\n<p>[\/chiac_divi_accordions_item][chiac_divi_accordions_item title=\u00bbComparaci\u00f3n de versiones\u00bb chiac_subtitle_state=\u00bboff\u00bb chiac_l_icon_state=\u00bboff\u00bb _builder_version=\u00bb4.27.0&#8243; _module_preset=\u00bbdefault\u00bb hover_enabled=\u00bb0&#8243; global_colors_info=\u00bb{}\u00bb sticky_enabled=\u00bb0&#8243;]<\/p>\n<p>Shen-Acupuntura est\u00e1 disponible en versi\u00f3n gratuita y completa:<\/p>\n<p>&nbsp;<\/p>\n<table style=\"height: 549px; width: 100%; border-collapse: collapse;\" border=\"0\">\n<tbody>\n<tr style=\"height: 24px;\">\n<td style=\"width: 33.3333%; height: 24px;\"><\/td>\n<td style=\"width: 33.3333%; text-align: center; height: 24px;\"><strong>VERSI\u00d3N GRATUITA<\/strong><\/td>\n<td style=\"width: 33.3333%; text-align: center; height: 24px;\"><strong>VERSI\u00d3N COMPLETA<\/strong><\/td>\n<\/tr>\n<tr>\n<td width=\"86\" style=\"width: 33.3333%;\"><strong>Puntos de Acupuntura (Informaci\u00f3n sobre puntos y gr\u00e1ficos de acupuntura)<\/strong><\/td>\n<td style=\"width: 33.3333%; text-align: center; height: 72px;\">150<\/td>\n<td style=\"width: 33.3333%; text-align: center; height: 72px;\">409<\/td>\n<\/tr>\n<tr>\n<td width=\"86\" style=\"width: 33.3333%;\"><strong>Diagn\u00f3sticos de MTC con causas, consejos de tratamiento y combinaciones de puntos<\/strong><\/td>\n<td style=\"width: 33.3333%; text-align: center; height: 72px;\">50<\/td>\n<td style=\"width: 33.3333%; text-align: center; height: 72px;\">100<\/td>\n<\/tr>\n<tr>\n<td width=\"86\" style=\"width: 33.3333%;\"><strong>S\u00edntomas y patrones de enfermedad occidentales con diagn\u00f3stico de MTC<\/strong><\/td>\n<td style=\"width: 33.3333%; text-align: center; height: 72px;\">50<\/td>\n<td style=\"width: 33.3333%; text-align: center; height: 72px;\">4200<\/td>\n<\/tr>\n<tr>\n<td width=\"86\" style=\"width: 33.3333%;\"><strong>Notas<\/strong><\/td>\n<td style=\"width: 33.3333%; text-align: center; height: 55px;\"><img loading=\"lazy\" decoding=\"async\" src=\"http:\/\/shen-apps.com\/wp-content\/uploads\/2023\/03\/available.png\" width=\"40\" height=\"40\" alt=\"\" class=\"wp-image-5497 alignnone size-full\" \/><\/td>\n<td style=\"width: 33.3333%; text-align: center; height: 55px;\"><img loading=\"lazy\" decoding=\"async\" src=\"http:\/\/shen-apps.com\/wp-content\/uploads\/2023\/03\/available.png\" width=\"40\" height=\"40\" alt=\"\" class=\"wp-image-5497 alignnone size-full\" \/><\/td>\n<\/tr>\n<tr>\n<td width=\"86\" style=\"width: 33.3333%;\"><strong>Fundamentos de la MTC<\/strong><\/td>\n<td style=\"width: 33.3333%; height: 55px; text-align: center;\"><img loading=\"lazy\" decoding=\"async\" src=\"http:\/\/shen-apps.com\/wp-content\/uploads\/2023\/03\/available.png\" width=\"40\" height=\"40\" alt=\"\" class=\"wp-image-5497 alignnone size-full\" \/><\/td>\n<td style=\"width: 33.3333%; text-align: center; height: 55px;\"><img loading=\"lazy\" decoding=\"async\" src=\"http:\/\/shen-apps.com\/wp-content\/uploads\/2023\/03\/available.png\" width=\"40\" height=\"40\" alt=\"\" class=\"wp-image-5497 alignnone size-full\" \/><\/td>\n<\/tr>\n<tr>\n<td width=\"86\" style=\"width: 33.3333%;\"><strong>Diagn\u00f3stico lingual con la galer\u00eda lingual<\/strong><\/td>\n<td style=\"width: 33.3333%; height: 55px; text-align: center;\"><img loading=\"lazy\" decoding=\"async\" src=\"http:\/\/shen-apps.com\/wp-content\/uploads\/2023\/03\/available.png\" width=\"40\" height=\"40\" alt=\"\" class=\"wp-image-5497 alignnone size-full\" \/><\/td>\n<td style=\"width: 33.3333%; text-align: center; height: 55px;\"><img loading=\"lazy\" decoding=\"async\" src=\"http:\/\/shen-apps.com\/wp-content\/uploads\/2023\/03\/available.png\" width=\"40\" height=\"40\" alt=\"\" class=\"wp-image-5497 alignnone size-full\" \/><\/td>\n<\/tr>\n<tr>\n<td width=\"86\" style=\"width: 33.3333%;\"><strong>Fu Ke \u2013 Ginecolog\u00eda China<br \/>(pr\u00f3ximamente)<\/strong><\/td>\n<td style=\"width: 33.3333%; height: 72px;\"><img loading=\"lazy\" decoding=\"async\" src=\"http:\/\/shen-apps.com\/wp-content\/uploads\/2023\/03\/notavailable.png\" width=\"40\" height=\"40\" alt=\"\" class=\"wp-image-5507 alignnone size-full\" style=\"display: block; margin-left: auto; margin-right: auto;\" \/><\/td>\n<td style=\"width: 33.3333%; text-align: center; height: 72px;\"><img loading=\"lazy\" decoding=\"async\" src=\"http:\/\/shen-apps.com\/wp-content\/uploads\/2023\/03\/available.png\" width=\"40\" height=\"40\" alt=\"\" class=\"wp-image-5497 alignnone size-full\" \/><\/td>\n<\/tr>\n<tr>\n<td width=\"86\" style=\"width: 33.3333%;\"><strong>RESPALDO<\/strong><\/td>\n<td style=\"width: 33.3333%; height: 24px;\"><img loading=\"lazy\" decoding=\"async\" src=\"http:\/\/shen-apps.com\/wp-content\/uploads\/2023\/03\/notavailable.png\" width=\"40\" height=\"40\" alt=\"\" class=\"wp-image-5507 alignnone size-full\" style=\"display: block; margin-left: auto; margin-right: auto;\" \/><\/td>\n<td style=\"width: 33.3333%; height: 24px; text-align: center;\"><img loading=\"lazy\" decoding=\"async\" src=\"http:\/\/shen-apps.com\/wp-content\/uploads\/2023\/03\/available.png\" width=\"40\" height=\"40\" alt=\"\" class=\"wp-image-5497 alignnone size-full\" \/><\/td>\n<\/tr>\n<tr style=\"height: 0px;\">\n<td style=\"width: 33.3333%; height: 0px;\"><\/td>\n<td style=\"width: 33.3333%; height: 0px;\"><\/td>\n<td style=\"width: 33.3333%; height: 0px;\"><\/td>\n<\/tr>\n<tr style=\"height: 48px;\">\n<td style=\"width: 33.3333%; height: 48px;\"><strong>Precio<\/strong><\/td>\n<td style=\"width: 33.3333%; height: 48px; text-align: center;\">GRATIS<\/td>\n<td width=\"142\" style=\"width: 33.3333%;\">\n<p style=\"text-align: center;\">\u20ac3,59\/mes o \u20ac24,99\/a\u00f1o<br \/>(ofertas disponibles)<\/p>\n<\/td>\n<\/tr>\n<\/tbody>\n<\/table>\n<p>[\/chiac_divi_accordions_item][\/chiac_divi_accordions][\/et_pb_column][\/et_pb_row][et_pb_row _builder_version=\u00bb4.27.0&#8243; _module_preset=\u00bbdefault\u00bb custom_padding=\u00bb49px|||||\u00bb global_colors_info=\u00bb{}\u00bb][et_pb_column type=\u00bb4_4&#8243; _builder_version=\u00bb4.27.0&#8243; _module_preset=\u00bbdefault\u00bb global_colors_info=\u00bb{}\u00bb][et_pb_image src=\u00bbhttp:\/\/shen-apps.com\/wp-content\/uploads\/2024\/05\/Category-Fire.png\u00bb title_text=\u00bbCategory-Fire\u00bb align=\u00bbcenter\u00bb _builder_version=\u00bb4.27.0&#8243; _module_preset=\u00bbdefault\u00bb width=\u00bb10%\u00bb global_colors_info=\u00bb{}\u00bb][\/et_pb_image][et_pb_text _builder_version=\u00bb4.27.0&#8243; _module_preset=\u00bbdefault\u00bb header_2_text_color=\u00bb#883f3e\u00bb background_color=\u00bb#d3d3d3&#8243; custom_padding=\u00bb5px||||false|false\u00bb hover_enabled=\u00bb0&#8243; border_radii=\u00bbon|5px|5px|5px|5px\u00bb global_colors_info=\u00bb{}\u00bb sticky_enabled=\u00bb0&#8243;]<\/p>\n<h2 style=\"text-align: center;\">Caracter\u00edsticas<\/h2>\n<p>[\/et_pb_text][chiac_divi_accordions chiac_toggle_speed=\u00bb300&#8243; chiac_mode=\u00bbsingle\u00bb chiac_i_left_icon_clr=\u00bb#000000&#8243; chiac_i_item_margin=\u00bb5px||5px||false|false\u00bb _builder_version=\u00bb4.27.0&#8243; _module_preset=\u00bbdefault\u00bb chiac_i_title_level=\u00bbh6&#8243; chiac_i_title_font=\u00bb|||on|||||\u00bb hover_enabled=\u00bb0&#8243; global_colors_info=\u00bb{}\u00bb sticky_enabled=\u00bb0&#8243;][chiac_divi_accordions_item title=\u00bbShen-Atlas de Acupuntura\u00bb chiac_subtitle_state=\u00bboff\u00bb chiac_icon_or_image=\u00bbimage\u00bb chiac_left_image=\u00bbhttp:\/\/shen-apps.com\/wp-content\/uploads\/2022\/02\/acupuncturepoints.png\u00bb chiac_l_image_width=\u00bb35px\u00bb _builder_version=\u00bb4.27.0&#8243; _module_preset=\u00bbdefault\u00bb hover_enabled=\u00bb0&#8243; global_colors_info=\u00bb{}\u00bb sticky_enabled=\u00bb0&#8243;]<\/p>\n<p>En Shen-Acupuntura App, tienes acceso al Shen-Atlas de Acupuntura con 409 puntos de acupuntura (nombre, ubicaci\u00f3n, indicaci\u00f3n, funci\u00f3n, cualificaci\u00f3n, punci\u00f3n) y m\u00e1s de 400 tablas de acupuntura con diferentes capas anat\u00f3micas.<\/p>\n<p>Si desea guardar combinaciones de puntos en sus notas, puede guardar cada punto de acupuntura en \u201cMiCesta\u201d.\u00a0 Los puntos de acupuntura guardados en la cesta estar\u00e1n entonces a su disposici\u00f3n en la secci\u00f3n Notas.<\/p>\n<p>[\/chiac_divi_accordions_item][chiac_divi_accordions_item title=\u00bbB\u00fasqueda y B\u00fasqueda Avanzada\u00bb chiac_subtitle_state=\u00bboff\u00bb chiac_icon_or_image=\u00bbimage\u00bb chiac_left_image=\u00bbhttp:\/\/shen-apps.com\/wp-content\/uploads\/2018\/12\/search-1.png\u00bb chiac_l_image_width=\u00bb36px\u00bb chiac_state=\u00bboff\u00bb _builder_version=\u00bb4.27.0&#8243; _module_preset=\u00bbdefault\u00bb hover_enabled=\u00bb0&#8243; global_colors_info=\u00bb{}\u00bb sticky_enabled=\u00bb0&#8243;]<\/p>\n<p>Shen Acupuntura App tiene dos funciones de b\u00fasqueda diferentes: B\u00fasqueda y B\u00fasqueda Avanzada.<\/p>\n<p>&nbsp;<\/p>\n<p><strong>B\u00fasqueda<\/strong><br \/>La B\u00fasqueda es una b\u00fasqueda de texto completo que busca en todo el atlas los t\u00e9rminos de b\u00fasqueda en milisegundos. Con s\u00f3lo introducir dos letras obtendr\u00e1 todos los resultados de la b\u00fasqueda.<\/p>\n<p>&nbsp;<\/p>\n<p><strong>B\u00fasqueda Avanzada<\/strong><br \/>El B\u00fasqueda Avanzada tiene una inteligencia m\u00e1s profunda, basada en 5000 conexiones especiales entre los diagn\u00f3sticos de MTC y los puntos de acupuntura. B\u00fasqueda Avanzada muestra inmediatamente todos los puntos de acupuntura para el tratamiento de un diagn\u00f3stico de MTC.<\/p>\n<p>Adem\u00e1s, puede buscar dos diagn\u00f3sticos de MTC (u otros t\u00e9rminos de MTC) al mismo tiempo (por ejemplo, Deficiencia de Yin de Ri\u00f1\u00f3n y Deficiencia de Yin de Pulm\u00f3n) y recibir como resultado s\u00f3lo los puntos de acupuntura que tratan ambos diagn\u00f3sticos. Esto ya no puede hacerse con la literatura convencional. Basta con seleccionar dos t\u00e9rminos de MTC de la lista.<\/p>\n<p>[\/chiac_divi_accordions_item][chiac_divi_accordions_item title=\u00bbDiagn\u00f3stico MTC\u00bb chiac_subtitle_state=\u00bboff\u00bb chiac_icon_or_image=\u00bbimage\u00bb chiac_left_image=\u00bbhttp:\/\/shen-apps.com\/wp-content\/uploads\/2022\/02\/diagnosis.png\u00bb chiac_l_image_width=\u00bb36px\u00bb chiac_state=\u00bboff\u00bb _builder_version=\u00bb4.27.0&#8243; _module_preset=\u00bbdefault\u00bb hover_enabled=\u00bb0&#8243; global_colors_info=\u00bb{}\u00bb sticky_enabled=\u00bb0&#8243;]<\/p>\n<p>En la secci\u00f3n Diagn\u00f3sticos de MTC, puede estudiar los s\u00edntomas cardinales, las causas y los consejos de tratamiento para cada diagn\u00f3stico de MTC de forma claramente estructurada. Hay disponibles m\u00e1s de 100 diagn\u00f3sticos de MTC.<\/p>\n<p>Tambi\u00e9n est\u00e1 disponible una combinaci\u00f3n de puntos probada para su tratamiento. No obstante, las combinaciones de puntos deben adaptarse siempre a su paciente.<\/p>\n<p>[\/chiac_divi_accordions_item][chiac_divi_accordions_item title=\u00bbS\u00edntomas &#038; Enfermedades\u00bb chiac_subtitle_state=\u00bboff\u00bb chiac_icon_or_image=\u00bbimage\u00bb chiac_left_image=\u00bbhttp:\/\/shen-apps.com\/wp-content\/uploads\/2022\/02\/symptoms.png\u00bb chiac_l_image_width=\u00bb36px\u00bb chiac_state=\u00bboff\u00bb _builder_version=\u00bb4.27.0&#8243; _module_preset=\u00bbdefault\u00bb hover_enabled=\u00bb0&#8243; global_colors_info=\u00bb{}\u00bb sticky_enabled=\u00bb0&#8243;]<\/p>\n<p>Con m\u00e1s de 4000 s\u00edntomas y patrones de enfermedades occidentales, la aplicaci\u00f3n Shen Acupuntura contiene el compendio de diagn\u00f3sticos de MTC m\u00e1s completo del mundo. Para cada s\u00edntoma obtendr\u00e1 el diagn\u00f3stico chino correspondiente.<\/p>\n<p>T\u00f3mese su tiempo para orientarse en la estructura.<\/p>\n<p>[\/chiac_divi_accordions_item][chiac_divi_accordions_item title=\u00bbTeor\u00eda de la MTC\u00bb chiac_subtitle_state=\u00bboff\u00bb chiac_icon_or_image=\u00bbimage\u00bb chiac_left_image=\u00bbhttp:\/\/shen-apps.com\/wp-content\/uploads\/2022\/02\/TCMTheory-2.png\u00bb chiac_l_image_width=\u00bb36px\u00bb chiac_state=\u00bboff\u00bb _builder_version=\u00bb4.27.0&#8243; _module_preset=\u00bbdefault\u00bb hover_enabled=\u00bb0&#8243; global_colors_info=\u00bb{}\u00bb sticky_enabled=\u00bb0&#8243;]<\/p>\n<p>En la Aplicaci\u00f3n de Acupuntura Shen tiene a su disposici\u00f3n de forma gratuita los Fundamentos completos de la MTC. Estos son did\u00e1cticamente tan simples y claramente preparados que usted encontrar\u00e1 una entrada mucho m\u00e1s r\u00e1pida en el mundo de la Medicina Tradicional China que con un libro de texto convencional.<\/p>\n<p>Tambi\u00e9n de forma gratuita y did\u00e1cticamente preparada, encontrar\u00e1 el Diagn\u00f3stico Chino de la Lengua en la Aplicaci\u00f3n de Acupuntura Shen. En la galer\u00eda lingual adjunta encontrar\u00e1 m\u00e1s de 25 casos pr\u00e1cticos ilustrados.<\/p>\n<p>En la versi\u00f3n completa pronto recibir\u00e1 adem\u00e1s Ginecolog\u00eda China \u2013 Fu Ke, tambi\u00e9n preparado did\u00e1cticamente con claridad. Imprescindible para todo profesional de la MTC.<\/p>\n<p>[\/chiac_divi_accordions_item][chiac_divi_accordions_item title=\u00bbFunci\u00f3n Notas\u00bb chiac_subtitle_state=\u00bboff\u00bb chiac_icon_or_image=\u00bbimage\u00bb chiac_left_image=\u00bbhttp:\/\/shen-apps.com\/wp-content\/uploads\/2018\/12\/notes.png\u00bb chiac_l_image_width=\u00bb36px\u00bb chiac_state=\u00bboff\u00bb _builder_version=\u00bb4.27.0&#8243; _module_preset=\u00bbdefault\u00bb hover_enabled=\u00bb0&#8243; global_colors_info=\u00bb{}\u00bb sticky_enabled=\u00bb0&#8243;]<\/p>\n<p>Con la funci\u00f3n Nota, puede guardar notas en la aplicaci\u00f3n Shen Acupuncture, pero tambi\u00e9n guardar una colecci\u00f3n de pacientes con documentaci\u00f3n sobre el tratamiento.<\/p>\n<p>Cree categor\u00edas para patrones de enfermedad o clientes y guarde im\u00e1genes, audio y puntos de acupuntura adem\u00e1s de textos. Hay dos botones en la parte inferior de la pantalla de Notas, el de la izquierda es para a\u00f1adir una categor\u00eda, el de la derecha para a\u00f1adir una nota.<\/p>\n<p>En la versi\u00f3n completa puedes hacer copias de seguridad de los datos guardados y tambi\u00e9n transferirlos a otros dispositivos.<\/p>\n<p>[\/chiac_divi_accordions_item][\/chiac_divi_accordions][\/et_pb_column][\/et_pb_row][et_pb_row _builder_version=\u00bb4.27.0&#8243; _module_preset=\u00bbdefault\u00bb custom_padding=\u00bb48px|||||\u00bb global_colors_info=\u00bb{}\u00bb][et_pb_column type=\u00bb4_4&#8243; _builder_version=\u00bb4.27.0&#8243; _module_preset=\u00bbdefault\u00bb global_colors_info=\u00bb{}\u00bb][et_pb_image src=\u00bbhttp:\/\/shen-apps.com\/wp-content\/uploads\/2024\/05\/Category-Wood.png\u00bb title_text=\u00bbCategory-Wood\u00bb align=\u00bbcenter\u00bb _builder_version=\u00bb4.27.0&#8243; _module_preset=\u00bbdefault\u00bb width=\u00bb10%\u00bb global_colors_info=\u00bb{}\u00bb][\/et_pb_image][et_pb_text _builder_version=\u00bb4.27.0&#8243; _module_preset=\u00bbdefault\u00bb header_2_text_color=\u00bb#349e59&#8243; background_color=\u00bb#d3d3d3&#8243; custom_padding=\u00bb5px||||false|false\u00bb hover_enabled=\u00bb0&#8243; border_radii=\u00bbon|5px|5px|5px|5px\u00bb global_colors_info=\u00bb{}\u00bb sticky_enabled=\u00bb0&#8243;]<\/p>\n<h2 style=\"text-align: center;\">Preguntas frecuentes<\/h2>\n<p>[\/et_pb_text][chiac_divi_accordions chiac_toggle_speed=\u00bb300&#8243; chiac_mode=\u00bbsingle\u00bb chiac_i_left_icon_clr=\u00bb#000000&#8243; chiac_i_item_margin=\u00bb5px||5px||false|false\u00bb _builder_version=\u00bb4.27.0&#8243; _module_preset=\u00bbdefault\u00bb chiac_i_title_level=\u00bbh6&#8243; chiac_i_title_font=\u00bb|||on|||||\u00bb hover_enabled=\u00bb0&#8243; global_colors_info=\u00bb{}\u00bb sticky_enabled=\u00bb0&#8243;][chiac_divi_accordions_item title=\u00bb\u00bfCambiar de Playstore a App Store o viceversa?\u00bb chiac_subtitle_state=\u00bboff\u00bb chiac_l_icon_state=\u00bboff\u00bb _builder_version=\u00bb4.27.0&#8243; _module_preset=\u00bbdefault\u00bb hover_enabled=\u00bb0&#8243; global_colors_info=\u00bb{}\u00bb sticky_enabled=\u00bb0&#8243;]<\/p>\n<p><strong>Versi\u00f3n gratuita:<\/strong><br \/>La versi\u00f3n gratuita est\u00e1 disponible en Playstore y App Store, por lo que, cambiar entre estas plataformas con la versi\u00f3n gratuita no es ning\u00fan problema.<\/p>\n<p><strong>Versi\u00f3n de pago:<\/strong><br \/>Lamentablemente, si ya tienes una suscripci\u00f3n, esta no se puede migrar de Playstore a App Store o viceversa. Ni Google, ni Apple lo permiten.<\/p>\n<p>Pide un reembolso: Si cambias de Google a Apple, puedes simplemente pedirme (a Juergen, el Autor) un reembolso. Por mi parte, esto siempre es aceptado.<\/p>\n<p>Si cambia de Apple a Google, por favor, pregunte directamente al soporte de Apple, no tengo acceso a los datos de usuario en Apple.<\/p>\n<p>[\/chiac_divi_accordions_item][\/chiac_divi_accordions][\/et_pb_column][\/et_pb_row][et_pb_row module_id=\u00bbaskaquestion\u00bb _builder_version=\u00bb4.27.0&#8243; _module_preset=\u00bbdefault\u00bb custom_padding=\u00bb49px|||||\u00bb global_colors_info=\u00bb{}\u00bb][et_pb_column type=\u00bb4_4&#8243; _builder_version=\u00bb4.27.0&#8243; _module_preset=\u00bbdefault\u00bb global_colors_info=\u00bb{}\u00bb][et_pb_image src=\u00bbhttp:\/\/shen-apps.com\/wp-content\/uploads\/2024\/08\/Category-Earth.png\u00bb title_text=\u00bbCategory-Earth\u00bb align=\u00bbcenter\u00bb _builder_version=\u00bb4.27.0&#8243; _module_preset=\u00bbdefault\u00bb width=\u00bb10%\u00bb global_colors_info=\u00bb{}\u00bb][\/et_pb_image][et_pb_text _builder_version=\u00bb4.27.0&#8243; _module_preset=\u00bbdefault\u00bb header_2_text_color=\u00bb#f58345&#8243; background_color=\u00bb#d3d3d3&#8243; custom_padding=\u00bb5px||||false|false\u00bb hover_enabled=\u00bb0&#8243; border_radii=\u00bbon|5px|5px|5px|5px\u00bb global_colors_info=\u00bb{}\u00bb sticky_enabled=\u00bb0&#8243;]<\/p>\n<h2 style=\"text-align: center;\">Formulario de contacto<\/h2>\n<p>[\/et_pb_text][et_pb_contact_form success_message=\u00bbGracias por su mensaje.\u00bb _builder_version=\u00bb4.27.0&#8243; _module_preset=\u00bbdefault\u00bb _unique_id=\u00bb6737afbc-784c-4ab7-9842-ceff2805f00d\u00bb custom_button=\u00bbon\u00bb button_bg_color=\u00bb#f58345&#8243; hover_enabled=\u00bb0&#8243; global_colors_info=\u00bb{}\u00bb submit_button_text=\u00bbEnviar\u00bb sticky_enabled=\u00bb0&#8243;][et_pb_contact_field field_id=\u00bbEmail\u00bb field_title=\u00bbDirecci\u00f3n de correo electr\u00f3nico\u00bb field_type=\u00bbemail\u00bb _builder_version=\u00bb4.27.0&#8243; hover_enabled=\u00bb0&#8243; global_colors_info=\u00bb{}\u00bb button_text_size__hover_enabled=\u00bboff\u00bb button_one_text_size__hover_enabled=\u00bboff\u00bb button_two_text_size__hover_enabled=\u00bboff\u00bb button_text_color__hover_enabled=\u00bboff\u00bb button_one_text_color__hover_enabled=\u00bboff\u00bb button_two_text_color__hover_enabled=\u00bboff\u00bb button_border_width__hover_enabled=\u00bboff\u00bb button_one_border_width__hover_enabled=\u00bboff\u00bb button_two_border_width__hover_enabled=\u00bboff\u00bb button_border_color__hover_enabled=\u00bboff\u00bb button_one_border_color__hover_enabled=\u00bboff\u00bb button_two_border_color__hover_enabled=\u00bboff\u00bb button_border_radius__hover_enabled=\u00bboff\u00bb button_one_border_radius__hover_enabled=\u00bboff\u00bb button_two_border_radius__hover_enabled=\u00bboff\u00bb button_letter_spacing__hover_enabled=\u00bboff\u00bb button_one_letter_spacing__hover_enabled=\u00bboff\u00bb button_two_letter_spacing__hover_enabled=\u00bboff\u00bb button_bg_color__hover_enabled=\u00bboff\u00bb button_one_bg_color__hover_enabled=\u00bboff\u00bb button_two_bg_color__hover_enabled=\u00bboff\u00bb sticky_enabled=\u00bb0&#8243;][\/et_pb_contact_field][et_pb_contact_field field_id=\u00bbMessage\u00bb field_title=\u00bbMensaje\u00bb field_type=\u00bbtext\u00bb fullwidth_field=\u00bbon\u00bb _builder_version=\u00bb4.27.0&#8243; hover_enabled=\u00bb0&#8243; global_colors_info=\u00bb{}\u00bb button_text_size__hover_enabled=\u00bboff\u00bb button_one_text_size__hover_enabled=\u00bboff\u00bb button_two_text_size__hover_enabled=\u00bboff\u00bb button_text_color__hover_enabled=\u00bboff\u00bb button_one_text_color__hover_enabled=\u00bboff\u00bb button_two_text_color__hover_enabled=\u00bboff\u00bb button_border_width__hover_enabled=\u00bboff\u00bb button_one_border_width__hover_enabled=\u00bboff\u00bb button_two_border_width__hover_enabled=\u00bboff\u00bb button_border_color__hover_enabled=\u00bboff\u00bb button_one_border_color__hover_enabled=\u00bboff\u00bb button_two_border_color__hover_enabled=\u00bboff\u00bb button_border_radius__hover_enabled=\u00bboff\u00bb button_one_border_radius__hover_enabled=\u00bboff\u00bb button_two_border_radius__hover_enabled=\u00bboff\u00bb button_letter_spacing__hover_enabled=\u00bboff\u00bb button_one_letter_spacing__hover_enabled=\u00bboff\u00bb button_two_letter_spacing__hover_enabled=\u00bboff\u00bb button_bg_color__hover_enabled=\u00bboff\u00bb button_one_bg_color__hover_enabled=\u00bboff\u00bb button_two_bg_color__hover_enabled=\u00bboff\u00bb sticky_enabled=\u00bb0&#8243;][\/et_pb_contact_field][\/et_pb_contact_form][\/et_pb_column][\/et_pb_row][\/et_pb_section]<\/p>\n","protected":false},"excerpt":{"rendered":"<p>Soporte Bienvenido a Shen-Acupuncture App. Para cualquier pregunta, por favor utilice el formulario de contacto en la parte inferior de esta p\u00e1gina.Primeros pasos<div class=\"et_pb_module chiac_divi_accordions chiac_divi_accordions_0\">\n\t\t\t\t\n\t\t\t\t\n\t\t\t\t\n\t\t\t\t\n\t\t\t\t\n\t\t\t\t\n\t\t\t\t<div class=\"et_pb_module_inner\">\n\t\t\t\t\t<div class=\"chiac-content-wrapper chiac_toggle_speed-300 \" data-speed=\"300\" data-mode=\"single\" data-scroll-into-view=\"off|off|0\"><\/div>\n\t\t\t\t<\/div>\n\t\t\t<\/div><div class=\"et_pb_module chiac_divi_accordions_item chiac_divi_accordions_item_0\">\n\t\t\t\t\n\t\t\t\t\n\t\t\t\t\n\t\t\t\t\n\t\t\t\t\n\t\t\t\t\n\t\t\t\t<div class=\"et_pb_module_inner\">\n\t\t\t\t\t\r\n            <div class=\"chiac-header chiac_closed chiac_subtitle_hidden chiac_left_icon_hidden chiac_right_icon_show     \">\r\n                <div class=\"chiac_left_icon_container\">\r\n                    <i class=\"chiac_left_icon et-pb-icon\"><span>\ue005<\/span><\/i>\r\n                <\/div>\r\n                <div class=\"chiac_heading_container\">\r\n                    <h6 class=\"chiac-title\">Descargar e instalar<\/h6>\r\n                    <h6 class=\"chiac-subtitle\">Your Subtitle Goes Here<\/h6>\r\n                <\/div>\r\n                <div class=\"chiac_right_icon_container\">\r\n                    <i class=\"chiac_right_icon et-pb-icon\"><span>3<\/span><\/i>\r\n                <\/div>\r\n            <\/div>   \r\n            <div class=\"chiac-content\"><\/div>\n\t\t\t\t<\/div>\n\t\t\t<\/div>Shen-Acupuncture est\u00e1 disponible en las siguientes Appstores: Google Playstore Apple AppStore [&hellip;]<\/p>\n","protected":false},"author":1,"featured_media":0,"parent":0,"menu_order":0,"comment_status":"closed","ping_status":"closed","template":"","meta":{"_et_pb_use_builder":"on","_et_pb_old_content":"","_et_gb_content_width":"","footnotes":""},"class_list":["post-1385","page","type-page","status-publish","hentry"],"aioseo_notices":[],"_links":{"self":[{"href":"https:\/\/shen-apps.com\/es\/wp-json\/wp\/v2\/pages\/1385","targetHints":{"allow":["GET"]}}],"collection":[{"href":"https:\/\/shen-apps.com\/es\/wp-json\/wp\/v2\/pages"}],"about":[{"href":"https:\/\/shen-apps.com\/es\/wp-json\/wp\/v2\/types\/page"}],"author":[{"embeddable":true,"href":"https:\/\/shen-apps.com\/es\/wp-json\/wp\/v2\/users\/1"}],"replies":[{"embeddable":true,"href":"https:\/\/shen-apps.com\/es\/wp-json\/wp\/v2\/comments?post=1385"}],"version-history":[{"count":0,"href":"https:\/\/shen-apps.com\/es\/wp-json\/wp\/v2\/pages\/1385\/revisions"}],"wp:attachment":[{"href":"https:\/\/shen-apps.com\/es\/wp-json\/wp\/v2\/media?parent=1385"}],"curies":[{"name":"wp","href":"https:\/\/api.w.org\/{rel}","templated":true}]}}