{"id":1555,"date":"2018-12-21T07:40:07","date_gmt":"2018-12-21T07:40:07","guid":{"rendered":"http:\/\/shen-apps.com\/shen-newsletter"},"modified":"2019-01-25T12:31:29","modified_gmt":"2019-01-25T12:31:29","slug":"shen-newsletter","status":"publish","type":"page","link":"https:\/\/shen-apps.com\/es\/shen-newsletter","title":{"rendered":"Shen-Newsletter"},"content":{"rendered":"<p>[et_pb_section bb_built=\u00bb1&#8243; _builder_version=\u00bb3.19&#8243; background_color=\u00bb#e5e5e5&#8243; custom_padding=\u00bb0|0px|0|0px|false|false\u00bb next_background_color=\u00bbrgba(252,150,60,0.92)\u00bb][et_pb_row custom_padding=\u00bb1px|0px|0|0px|false|false\u00bb _builder_version=\u00bb3.19&#8243; background_size=\u00bbinitial\u00bb background_position=\u00bbtop_left\u00bb background_repeat=\u00bbrepeat\u00bb][et_pb_column type=\u00bb4_4&#8243;][et_pb_text admin_label=\u00bbRegister your download\u00bb _builder_version=\u00bb3.19.9&#8243; text_text_color=\u00bb#000000&#8243; text_line_height=\u00bb1.9em\u00bb border_radii=\u00bbon|10px|10px|10px|10px\u00bb border_color_all=\u00bb#e2e2e2&#8243; max_width=\u00bb90%\u00bb module_alignment=\u00bbcenter\u00bb custom_padding=\u00bb22px|22px|22px|22px|true\u00bb hover_enabled=\u00bb0&#8243; header_font_size_last_edited=\u00bbon|phone\u00bb header_font_size_tablet=\u00bb24px\u00bb]<\/p>\n<h1 style=\"text-align: center;\">Bolet\u00edn Shen<\/h1>\n<p style=\"text-align: center;\"><span style=\"color: #000000;\"><strong>Con e-curso Qi Jing Ba Mai gratuito!<\/strong><\/span><\/p>\n<p style=\"text-align: center;\">Ejemplo Yin Wei Mai<strong>:<\/strong> El s\u00edndrome de scalenus. Ejemplo Dai Mai: Diferencia en la longitud de las piernas.<\/p>\n<p style=\"text-align: center;\">Adicionalmente, informamos sobre las actualizaciones de la Shen Acupuntura .<\/p>\n<p>[\/et_pb_text][\/et_pb_column][\/et_pb_row][\/et_pb_section][et_pb_section bb_built=\u00bb1&#8243; prev_background_color=\u00bb#e5e5e5&#8243; _builder_version=\u00bb3.19&#8243; background_color=\u00bbrgba(252,150,60,0.92)\u00bb custom_padding=\u00bb0|0px|35px|0px|false|false\u00bb top_divider_style=\u00bbtriangle\u00bb top_divider_flip=\u00bbvertical\u00bb top_divider_height=\u00bb50px\u00bb][et_pb_row custom_padding=\u00bb64px|0px|0|0px|false|false\u00bb _builder_version=\u00bb3.19&#8243; background_size=\u00bbinitial\u00bb background_position=\u00bbtop_left\u00bb background_repeat=\u00bbrepeat\u00bb][et_pb_column type=\u00bb4_4&#8243;][et_pb_text admin_label=\u00bbArigato Form\u00bb _builder_version=\u00bb3.19.9&#8243; text_text_color=\u00bb#898989&#8243; text_line_height=\u00bb1.9em\u00bb background_color=\u00bbrgba(226,226,226,0.89)\u00bb border_radii=\u00bbon|10px|10px|10px|10px\u00bb border_width_all=\u00bb3px\u00bb border_color_all=\u00bb#e2e2e2&#8243; max_width=\u00bb90%\u00bb module_alignment=\u00bbcenter\u00bb custom_padding=\u00bb22px|22px|22px|22px|true\u00bb header_text_color=\u00bb#6d6d6d\u00bb header_font_size=\u00bb18px\u00bb text_font=\u00bb|600|||||||\u00bb]<\/p>\n<p style=\"text-align: center;\"><div class=\"et_bloom_inline_form et_bloom_optin et_bloom_make_form_visible et_bloom_optin_6\" style=\"display: none;\">\n\t\t\t\t<style type=\"text\/css\">.et_bloom .et_bloom_optin_6 .et_bloom_form_content { background-color: #d3d4cd !important; } .et_bloom .et_bloom_optin_6 .et_bloom_form_container .et_bloom_form_header { background-color: #eff2e9 !important; } .et_bloom .et_bloom_optin_6 .carrot_edge .et_bloom_form_content:before { border-top-color: #eff2e9 !important; } .et_bloom .et_bloom_optin_6 .carrot_edge.et_bloom_form_right .et_bloom_form_content:before, .et_bloom .et_bloom_optin_6 .carrot_edge.et_bloom_form_left .et_bloom_form_content:before { border-top-color: transparent !important; border-left-color: #eff2e9 !important; }\n\t\t\t\t\t\t@media only screen and ( max-width: 767px ) {.et_bloom .et_bloom_optin_6 .carrot_edge.et_bloom_form_right .et_bloom_form_content:before { border-top-color: #eff2e9 !important; border-left-color: transparent !important; }.et_bloom .et_bloom_optin_6 .carrot_edge.et_bloom_form_left .et_bloom_form_content:after { border-bottom-color: #eff2e9 !important; border-left-color: transparent !important; }\n\t\t\t\t\t\t}.et_bloom .et_bloom_optin_6 .et_bloom_form_container { background-color: #eff2e9 !important; } .et_bloom .et_bloom_optin_6 .et_bloom_form_content button { background-color: #e85a34 !important; } .et_bloom .et_bloom_optin_6 .et_bloom_form_content .et_bloom_fields i { color: #e85a34 !important; } .et_bloom .et_bloom_optin_6 .et_bloom_form_content .et_bloom_custom_field_radio i:before { background: #e85a34 !important; } .et_bloom .et_bloom_optin_6 .et_bloom_border_dashed .et_bloom_form_container_wrapper { border-color: #f58345 !important } .et_bloom .et_bloom_optin_6 .et_bloom_form_content button { background-color: #e85a34 !important; } .et_bloom .et_bloom_optin_6 .et_bloom_form_container h2, .et_bloom .et_bloom_optin_6 .et_bloom_form_container h2 span, .et_bloom .et_bloom_optin_6 .et_bloom_form_container h2 strong { font-family: \"Open Sans\", Helvetica, Arial, Lucida, sans-serif; }.et_bloom .et_bloom_optin_6 .et_bloom_form_container p, .et_bloom .et_bloom_optin_6 .et_bloom_form_container p span, .et_bloom .et_bloom_optin_6 .et_bloom_form_container p strong, .et_bloom .et_bloom_optin_6 .et_bloom_form_container form input, .et_bloom .et_bloom_optin_6 .et_bloom_form_container form button span { font-family: \"Open Sans\", Helvetica, Arial, Lucida, sans-serif; } <\/style>\n\t\t\t\t<div class=\"et_bloom_form_container  with_edge carrot_edge et_bloom_border_dashed et_bloom_border_position_top et_bloom_rounded et_bloom_form_text_dark et_bloom_form_bottom et_bloom_inline_1_field\">\n\t\t\t\t\t\n\t\t\t<div class=\"et_bloom_form_container_wrapper clearfix\">\n\t\t\t\t<div class=\"et_bloom_header_outer\">\n\t\t\t\t\t<div class=\"et_bloom_form_header split et_bloom_header_text_dark\">\n\t\t\t\t\t\t<img loading=\"lazy\" decoding=\"async\" width=\"610\" height=\"440\" src=\"https:\/\/shen-apps.com\/wp-content\/uploads\/2018\/12\/Dai_Palp-610x440.jpg\" class=\" et_bloom_image_slideup et_bloom_image\" alt=\"\" srcset=\"https:\/\/shen-apps.com\/wp-content\/uploads\/2018\/12\/Dai_Palp-610x440.jpg 610w, https:\/\/shen-apps.com\/wp-content\/uploads\/2018\/12\/Dai_Palp-300x217.jpg 300w, https:\/\/shen-apps.com\/wp-content\/uploads\/2018\/12\/Dai_Palp.jpg 629w\" sizes=\"(max-width: 610px) 100vw, 610px\" \/>\n\t\t\t\t\t\t<div class=\"et_bloom_form_text\">\n\t\t\t\t\t\t<h1 style=\"text-align: center;\">Bolet\u00edn Shen]!<\/h1><p style=\"text-align: center;\">\u00a0<\/p>\r\n<p style=\"text-align: center;\"><strong>NUEVO: Qi Jing Ba Mai - Palpaci\u00f3n con im\u00e1genes!<\/strong><\/p>\r\n<p style=\"text-align: center;\">Ingrese su direcci\u00f3n de correo electr\u00f3nico y haga clic en \"Enviar\".<\/p>\n\t\t\t\t\t<\/div>\n\t\t\t\t\t\t\n\t\t\t\t\t<\/div>\n\t\t\t\t<\/div>\n\t\t\t\t<div class=\"et_bloom_form_content et_bloom_1_field et_bloom_bottom_inline et_bloom_custom_html_form\" data-optin_id=\"optin_6\" data-service=\"custom_form\" data-list_id=\"custom_form\" data-page_id=\"1555\" data-account=\"custom_form\">\n\t\t\t\t\t<script type=\"text\/javascript\">\r\nfunction validateBFTProUser(frm, requireName) {\r\n\trequireName = requireName || false;\r\n\t\r\n\tif(requireName && frm.bftpro_name.value==\"\") {\r\n\t\talert(\"Please provide name\");\r\n\t\tfrm.bftpro_name.focus();\r\n\t\treturn false;\r\n\t}\r\n\t\r\n\tif(frm.email.value==\"\" || frm.email.value.indexOf(\"@\")<1 || frm.email.value.indexOf(\".\")<1) {\r\n\t\talert(\"Por favor ingrese su direcci\u00f3n de correo electr\u00f3nico v\u00e1lida\");\r\n\t\tfrm.email.focus();\r\n\t\treturn false;\r\n\t}\r\n\t\r\n\t\/\/ check custom fields\r\n\tvar req_cnt = frm.elements[\"required_fields[]\"].length; \/\/ there's always at least 1\r\n\tif(req_cnt > 1) {\r\n\t\tfor(i = 0; i<req_cnt; i++) {\r\n\t\t\tvar fieldName = frm.elements[\"required_fields[]\"][i].value;\r\n\t\t\tif(fieldName !='') {\r\n\t\t\t\tvar isFilled = false;\r\n\t\t\t\t\/\/ ignore radios\r\n\t\t\t\tif(frm.elements[fieldName].type == 'radio') continue;\r\n\t\t\t\t\r\n\t\t\t\t\/\/ checkbox\r\n\t\t\t\tif(frm.elements[fieldName].type == 'checkbox' && !frm.elements[fieldName].checked) {\r\n\t\t\t\t\talert(\"This field is required\");\r\n\t\t\t\t\tfrm.elements[fieldName].focus();\r\n\t\t\t\t\treturn false;\r\n\t\t\t\t}\t\t\r\n\t\t\t\t\r\n\t\t\t\t\/\/ all other fields\r\n\t\t\t\tif(frm.elements[fieldName].value==\"\") {\r\n\t\t\t\t\talert(\"This field is required\");\r\n\t\t\t\t\tfrm.elements[fieldName].focus();\r\n\t\t\t\t\treturn false;\r\n\t\t\t\t}\r\n\t\t\t}\r\n\t\t}\r\n\t}\r\n\t\t\r\n\treturn true;\r\n}\r\n<\/script>\r\n\r\n<form method=\"post\" enctype=\"multipart\/form-data\" onsubmit=\"return validateBFTProUser(this,false);\" action=\"https:\/\/shen-apps.com\/\" style=\"\">\r\n\t\t<fieldset>\r\n\t\t<div style=\"display: block; margin: 0.5rem auto;\"><input type=\"text\" name=\"email\" value=\"\" placeholder=\"Email\">\r\n\t\t<\/div>\r\n<input type='hidden' name='required_fields[]' value='email'>\t\t\t<div style=\"display: block; margin: 0.5rem auto;\">\t\t\t\r\n\t\t\t\t\r\n\t\t\r\n\t\t\t\t\r\n\r\n\t\t\t\r\n\t\t\t\r\n\t\r\n\t<div style=\"display: block; margin: 1rem auto;\">\r\n\t\t\t\t\t<input type=\"submit\" value=\"Enviar\" style=\"color:white;background-color:#f58345;\">\r\n\t\t\t\t\r\n\t<\/div>\r\n\t<\/fieldset>\r\n\t<input type=\"hidden\" name=\"bftpro_subscribe\" value=\"1\">\r\n\t\t\t<input type=\"hidden\" name=\"list_id\" value=\"4\">\r\n\t\t\r\n\t<input type=\"hidden\" name=\"required_fields[]\" value=\"\">\r\n\t\r\n\t\t<\/form>\n\t\t\t\t\t<div class=\"et_bloom_success_container\">\n\t\t\t\t\t\t<span class=\"et_bloom_success_checkmark\"><\/span>\n\t\t\t\t\t<\/div>\n\t\t\t\t\t<h2 class=\"et_bloom_success_message\">You have Successfully Subscribed!<\/h2>\n\t\t\t\t\t<div class=\"et_bloom_form_footer\"><p style=\"text-align: center;\">We respect your privacy!<\/p><\/div>\n\t\t\t\t<\/div>\n\t\t\t<\/div>\n\t\t\t<span class=\"et_bloom_close_button\"><\/span>\n\t\t\t\t<\/div>\n\t\t\t<\/div><\/p>\n<p>[\/et_pb_text][\/et_pb_column][\/et_pb_row][\/et_pb_section]<\/p>\n","protected":false},"excerpt":{"rendered":"<p>Bolet\u00edn ShenCon e-curso Qi Jing Ba Mai gratuito!Ejemplo Yin Wei Mai: El s\u00edndrome de scalenus. Ejemplo Dai Mai: Diferencia en la longitud de las piernas.Adicionalmente, informamos sobre las actualizaciones de la Shen Acupuntura . <div class=\"et_bloom_inline_form et_bloom_optin et_bloom_make_form_visible et_bloom_optin_6\" style=\"display: none;\">\n\t\t\t\t<style type=\"text\/css\">.et_bloom .et_bloom_optin_6 .et_bloom_form_content { background-color: #d3d4cd !important; } .et_bloom .et_bloom_optin_6 .et_bloom_form_container .et_bloom_form_header { background-color: #eff2e9 !important; } .et_bloom .et_bloom_optin_6 .carrot_edge .et_bloom_form_content:before { border-top-color: #eff2e9 !important; } .et_bloom .et_bloom_optin_6 .carrot_edge.et_bloom_form_right .et_bloom_form_content:before, .et_bloom .et_bloom_optin_6 .carrot_edge.et_bloom_form_left .et_bloom_form_content:before { border-top-color: transparent !important; border-left-color: #eff2e9 !important; }\n\t\t\t\t\t\t@media only screen and ( max-width: 767px ) {.et_bloom .et_bloom_optin_6 .carrot_edge.et_bloom_form_right .et_bloom_form_content:before { border-top-color: #eff2e9 !important; border-left-color: transparent !important; }.et_bloom .et_bloom_optin_6 .carrot_edge.et_bloom_form_left .et_bloom_form_content:after { border-bottom-color: #eff2e9 !important; border-left-color: transparent !important; }\n\t\t\t\t\t\t}.et_bloom .et_bloom_optin_6 .et_bloom_form_container { background-color: #eff2e9 !important; } .et_bloom .et_bloom_optin_6 .et_bloom_form_content button { background-color: #e85a34 !important; } .et_bloom .et_bloom_optin_6 .et_bloom_form_content .et_bloom_fields i { color: #e85a34 !important; } .et_bloom .et_bloom_optin_6 .et_bloom_form_content .et_bloom_custom_field_radio i:before { background: #e85a34 !important; } .et_bloom .et_bloom_optin_6 .et_bloom_border_dashed .et_bloom_form_container_wrapper { border-color: #f58345 !important } .et_bloom .et_bloom_optin_6 .et_bloom_form_content button { background-color: #e85a34 !important; } .et_bloom .et_bloom_optin_6 .et_bloom_form_container h2, .et_bloom .et_bloom_optin_6 .et_bloom_form_container h2 span, .et_bloom .et_bloom_optin_6 .et_bloom_form_container h2 strong { font-family: \"Open Sans\", Helvetica, Arial, Lucida, sans-serif; }.et_bloom .et_bloom_optin_6 .et_bloom_form_container p, .et_bloom .et_bloom_optin_6 .et_bloom_form_container p span, .et_bloom .et_bloom_optin_6 .et_bloom_form_container p strong, .et_bloom .et_bloom_optin_6 .et_bloom_form_container form input, .et_bloom .et_bloom_optin_6 .et_bloom_form_container form button span { font-family: \"Open Sans\", Helvetica, Arial, Lucida, sans-serif; } <\/style>\n\t\t\t\t<div class=\"et_bloom_form_container  with_edge carrot_edge et_bloom_border_dashed et_bloom_border_position_top et_bloom_rounded et_bloom_form_text_dark et_bloom_form_bottom et_bloom_inline_1_field\">\n\t\t\t\t\t\n\t\t\t<div class=\"et_bloom_form_container_wrapper clearfix\">\n\t\t\t\t<div class=\"et_bloom_header_outer\">\n\t\t\t\t\t<div class=\"et_bloom_form_header split et_bloom_header_text_dark\">\n\t\t\t\t\t\t<img width=\"610\" height=\"440\" src=\"https:\/\/shen-apps.com\/wp-content\/uploads\/2018\/12\/Dai_Palp-610x440.jpg\" class=\" et_bloom_image_slideup et_bloom_image\" alt=\"\" decoding=\"async\" loading=\"lazy\" srcset=\"https:\/\/shen-apps.com\/wp-content\/uploads\/2018\/12\/Dai_Palp-610x440.jpg 610w, https:\/\/shen-apps.com\/wp-content\/uploads\/2018\/12\/Dai_Palp-300x217.jpg 300w, https:\/\/shen-apps.com\/wp-content\/uploads\/2018\/12\/Dai_Palp.jpg 629w\" sizes=\"(max-width: 610px) 100vw, 610px\" \/>\n\t\t\t\t\t\t<div class=\"et_bloom_form_text\">\n\t\t\t\t\t\t<h1 style=\"text-align: center;\">Bolet\u00edn Shen]!<\/h1><p style=\"text-align: center;\">\u00a0<\/p>\r\n<p style=\"text-align: center;\"><strong>NUEVO: Qi Jing Ba Mai - Palpaci\u00f3n con im\u00e1genes!<\/strong><\/p>\r\n<p style=\"text-align: center;\">Ingrese su direcci\u00f3n de correo electr\u00f3nico y haga clic en \"Enviar\".<\/p>\n\t\t\t\t\t<\/div>\n\t\t\t\t\t\t\n\t\t\t\t\t<\/div>\n\t\t\t\t<\/div>\n\t\t\t\t<div class=\"et_bloom_form_content et_bloom_1_field et_bloom_bottom_inline et_bloom_custom_html_form\" data-optin_id=\"optin_6\" data-service=\"custom_form\" data-list_id=\"custom_form\" data-page_id=\"1555\" data-account=\"custom_form\">\n\t\t\t\t\t<script type=\"text\/javascript\">\r\nfunction validateBFTProUser(frm, requireName) {\r\n\trequireName = requireName || false;\r\n\t\r\n\tif(requireName && frm.bftpro_name.value==\"\") {\r\n\t\talert(\"Please provide name\");\r\n\t\tfrm.bftpro_name.focus();\r\n\t\treturn false;\r\n\t}\r\n\t\r\n\tif(frm.email.value==\"\" || frm.email.value.indexOf(\"@\")<1 || frm.email.value.indexOf(\".\")<1) {\r\n\t\talert(\"Por favor ingrese su direcci\u00f3n de correo electr\u00f3nico v\u00e1lida\");\r\n\t\tfrm.email.focus();\r\n\t\treturn false;\r\n\t}\r\n\t\r\n\t\/\/ check custom fields\r\n\tvar req_cnt = frm.elements[\"required_fields[]\"].length; \/\/ there's always at least 1\r\n\tif(req_cnt > 1) {\r\n\t\tfor(i = 0; i<req_cnt; i++) {\r\n\t\t\tvar fieldName = frm.elements[\"required_fields[]\"][i].value;\r\n\t\t\tif(fieldName !='') {\r\n\t\t\t\tvar isFilled = false;\r\n\t\t\t\t\/\/ ignore radios\r\n\t\t\t\tif(frm.elements[fieldName].type == 'radio') continue;\r\n\t\t\t\t\r\n\t\t\t\t\/\/ checkbox\r\n\t\t\t\tif(frm.elements[fieldName].type == 'checkbox' && !frm.elements[fieldName].checked) {\r\n\t\t\t\t\talert(\"This field is required\");\r\n\t\t\t\t\tfrm.elements[fieldName].focus();\r\n\t\t\t\t\treturn false;\r\n\t\t\t\t}\t\t\r\n\t\t\t\t\r\n\t\t\t\t\/\/ all other fields\r\n\t\t\t\tif(frm.elements[fieldName].value==\"\") {\r\n\t\t\t\t\talert(\"This field is required\");\r\n\t\t\t\t\tfrm.elements[fieldName].focus();\r\n\t\t\t\t\treturn false;\r\n\t\t\t\t}\r\n\t\t\t}\r\n\t\t}\r\n\t}\r\n\t\t\r\n\treturn true;\r\n}\r\n<\/script>\r\n\r\n<form method=\"post\" enctype=\"multipart\/form-data\" onsubmit=\"return validateBFTProUser(this,false);\" action=\"https:\/\/shen-apps.com\/\" style=\"\">\r\n\t\t<fieldset>\r\n\t\t<div style=\"display: block; margin: 0.5rem auto;\"><input type=\"text\" name=\"email\" value=\"\" placeholder=\"Email\">\r\n\t\t<\/div>\r\n<input type='hidden' name='required_fields[]' value='email'>\t\t\t<div style=\"display: block; margin: 0.5rem auto;\">\t\t\t\r\n\t\t\t\t\r\n\t\t\r\n\t\t\t\t\r\n\r\n\t\t\t\r\n\t\t\t\r\n\t\r\n\t<div style=\"display: block; margin: 1rem auto;\">\r\n\t\t\t\t\t<input type=\"submit\" value=\"Enviar\" style=\"color:white;background-color:#f58345;\">\r\n\t\t\t\t\r\n\t<\/div>\r\n\t<\/fieldset>\r\n\t<input type=\"hidden\" name=\"bftpro_subscribe\" value=\"1\">\r\n\t\t\t<input type=\"hidden\" name=\"list_id\" value=\"4\">\r\n\t\t\r\n\t<input type=\"hidden\" name=\"required_fields[]\" value=\"\">\r\n\t\r\n\t\t<\/form>\n\t\t\t\t\t<div class=\"et_bloom_success_container\">\n\t\t\t\t\t\t<span class=\"et_bloom_success_checkmark\"><\/span>\n\t\t\t\t\t<\/div>\n\t\t\t\t\t<h2 class=\"et_bloom_success_message\">You have Successfully Subscribed!<\/h2>\n\t\t\t\t\t<div class=\"et_bloom_form_footer\"><p style=\"text-align: center;\">We respect your privacy!<\/p><\/div>\n\t\t\t\t<\/div>\n\t\t\t<\/div>\n\t\t\t<span class=\"et_bloom_close_button\"><\/span>\n\t\t\t\t<\/div>\n\t\t\t<\/div><\/p>\n","protected":false},"author":1,"featured_media":0,"parent":0,"menu_order":0,"comment_status":"closed","ping_status":"closed","template":"page-template-fullwidth.php","meta":{"_et_pb_use_builder":"on","_et_pb_old_content":"<p>[newsletter_signup]Signup for the newsletter[newsletter_signup_form id=1][\/newsletter_signup][newsletter_confirm]Thanks for your interest![\/newsletter_confirm][newsletter_unsubscribe]Do you really want to unsubscribe?[\/newsletter_unsubscribe]<\/p>","_et_gb_content_width":"","footnotes":""},"class_list":["post-1555","page","type-page","status-publish","hentry"],"aioseo_notices":[],"_links":{"self":[{"href":"https:\/\/shen-apps.com\/es\/wp-json\/wp\/v2\/pages\/1555","targetHints":{"allow":["GET"]}}],"collection":[{"href":"https:\/\/shen-apps.com\/es\/wp-json\/wp\/v2\/pages"}],"about":[{"href":"https:\/\/shen-apps.com\/es\/wp-json\/wp\/v2\/types\/page"}],"author":[{"embeddable":true,"href":"https:\/\/shen-apps.com\/es\/wp-json\/wp\/v2\/users\/1"}],"replies":[{"embeddable":true,"href":"https:\/\/shen-apps.com\/es\/wp-json\/wp\/v2\/comments?post=1555"}],"version-history":[{"count":0,"href":"https:\/\/shen-apps.com\/es\/wp-json\/wp\/v2\/pages\/1555\/revisions"}],"wp:attachment":[{"href":"https:\/\/shen-apps.com\/es\/wp-json\/wp\/v2\/media?parent=1555"}],"curies":[{"name":"wp","href":"https:\/\/api.w.org\/{rel}","templated":true}]}}