{"id":1569,"date":"2018-12-26T07:39:34","date_gmt":"2018-12-26T07:39:34","guid":{"rendered":"http:\/\/shen-apps.com\/privacy-policy"},"modified":"2022-02-26T09:01:55","modified_gmt":"2022-02-26T09:01:55","slug":"privacy-policy","status":"publish","type":"page","link":"https:\/\/shen-apps.com\/es\/privacy-policy","title":{"rendered":"Privacy Policy"},"content":{"rendered":"<p>[et_pb_section fb_built=\u00bb1&#8243; _builder_version=\u00bb3.22&#8243; global_colors_info=\u00bb{}\u00bb][et_pb_row _builder_version=\u00bb3.25&#8243; background_size=\u00bbinitial\u00bb background_position=\u00bbtop_left\u00bb background_repeat=\u00bbrepeat\u00bb global_colors_info=\u00bb{}\u00bb][et_pb_column type=\u00bb4_4&#8243; _builder_version=\u00bb3.25&#8243; custom_padding=\u00bb|||\u00bb global_colors_info=\u00bb{}\u00bb custom_padding__hover=\u00bb|||\u00bb][et_pb_text _builder_version=\u00bb4.14.8&#8243; header_2_font_size=\u00bb16px\u00bb header_2_line_height=\u00bb1.4em\u00bb hover_enabled=\u00bb0&#8243; global_colors_info=\u00bb{}\u00bb sticky_enabled=\u00bb0&#8243;]<\/p>\n<h1>Pol\u00edtica de privacidad de Shen-Acupuncture (\u795e\u9488\u7078)<\/h1>\n<p>No queremos utilizar sus datos sin su consentimiento, ni queremos mostrarle publicidad no deseada o rastrear su recorrido en nuestras p\u00e1ginas.<br \/>Por ello, no utilizamos Google Analytics, ni otros servicios para analizar el comportamiento de tus visitantes.<br \/>Tampoco le pedimos su nombre. Si quiere ponerse en contacto con nosotros, s\u00f3lo necesita su direcci\u00f3n de correo electr\u00f3nico.<\/p>\n<h2>Desarrollador<\/h2>\n<p>Desarrollador: shen-apps (Juergen Bschaden)<br \/>Nombre de la aplicaci\u00f3n en Playstore\/Appstore: Shen-Acupuntura<br \/>Nombre de la aplicaci\u00f3n en Huawei AppGallery: \u795e\u9488\u7078<\/p>\n<h2>Bolet\u00edn de noticias<\/h2>\n<p>Ofrecemos un bolet\u00edn de noticias. Este bolet\u00edn le informa sobre los nuevos lanzamientos de Shen Acupuncture y otras noticias sobre Leonardo. No se publica regularmente.<br \/>Tambi\u00e9n contiene un curso electr\u00f3nico gratuito sobre Diagn\u00f3stico y Terapia de los Vasos Extraordinarios.<br \/>S\u00f3lo recibir\u00e1 el bolet\u00edn si se ha registrado para recibirlo. Para ello, basta con proporcionar una direcci\u00f3n de correo electr\u00f3nico v\u00e1lida.<br \/>Para verificar que la inscripci\u00f3n es realmente deseada por usted, utilizamos el procedimiento de \u00abdoble entrada\u00bb. En este proceso, nuestro sistema le env\u00eda un correo electr\u00f3nico con un enlace de confirmaci\u00f3n. S\u00f3lo cuando nos env\u00ede el enlace de confirmaci\u00f3n recibir\u00e1 el bolet\u00edn.<br \/>De este modo se evita que terceros registren su direcci\u00f3n de correo electr\u00f3nico sin su permiso.<br \/>Su direcci\u00f3n de correo electr\u00f3nico s\u00f3lo se utilizar\u00e1 para el env\u00edo del bolet\u00edn y no se transmitir\u00e1 a terceros.<br \/>Puede revocar su consentimiento para el almacenamiento de su direcci\u00f3n de correo electr\u00f3nico y su uso para el env\u00edo del bolet\u00edn en cualquier momento con efecto para el futuro. Encontrar\u00e1 un enlace correspondiente en cada bolet\u00edn. Adem\u00e1s, puede notificarnos su revocaci\u00f3n mediante la opci\u00f3n de contacto que figura al final de esta pol\u00edtica de privacidad.<\/p>\n<h2>Formulario de contacto<\/h2>\n<p>Con el formulario de contacto queremos que pueda ponerse en contacto con nosotros de forma sencilla. La informaci\u00f3n que nos proporcione se almacenar\u00e1 con el fin de procesar su consulta y para posibles preguntas de seguimiento. Para ello, s\u00f3lo es necesario proporcionar una direcci\u00f3n de correo electr\u00f3nico v\u00e1lida. Esto sirve para la asignaci\u00f3n de la solicitud y la posterior respuesta a la misma. El suministro de otros datos es opcional.<\/p>\n<h2>Uso de Google Analytics<\/h2>\n<p>No utilizamos Google Analytics.<\/p>\n<h2>Modificaci\u00f3n de nuestra pol\u00edtica de privacidad<\/h2>\n<p>Nos reservamos el derecho de adaptar ocasionalmente esta declaraci\u00f3n de protecci\u00f3n de datos para que se ajuste siempre a los requisitos legales vigentes o para implementar cambios en nuestros servicios en la declaraci\u00f3n de protecci\u00f3n de datos, por ejemplo, al introducir nuevos servicios. La nueva declaraci\u00f3n de protecci\u00f3n de datos se aplicar\u00e1 entonces a su pr\u00f3xima visita.<\/p>\n<h2>El responsable en t\u00e9rminos de leyes de protecci\u00f3n de datos es<\/h2>\n<p>Shen-Apps (Juergen Bschaden)<br \/>Neuhoefe 4<br \/>Marburgo, 35041<br \/>Alemania<br \/>j.bschaden@shen-apps.com<\/p>\n<p>&nbsp;<\/p>\n<h1>T\u00e9rminos y condiciones<\/h1>\n<p>Al descargar o utilizar la aplicaci\u00f3n, estos t\u00e9rminos se aplicar\u00e1n autom\u00e1ticamente a usted &#8211; por lo tanto, debe asegurarse de leerlos cuidadosamente antes de usar la aplicaci\u00f3n. No est\u00e1 permitido copiar o modificar la aplicaci\u00f3n, ninguna parte de la misma o nuestras marcas comerciales de ninguna manera. No est\u00e1 permitido intentar extraer el c\u00f3digo fuente de la aplicaci\u00f3n, y tampoco debe intentar traducir la aplicaci\u00f3n a otros idiomas, o hacer versiones derivadas. La aplicaci\u00f3n en s\u00ed, y todas las marcas comerciales, derechos de autor, derechos de bases de datos y otros derechos de propiedad intelectual relacionados con ella, siguen perteneciendo a Shen-Apps.<br \/>Shen-Apps se compromete a garantizar que la aplicaci\u00f3n sea lo m\u00e1s \u00fatil y eficiente posible. Por ello, nos reservamos el derecho a realizar cambios en la aplicaci\u00f3n o a cobrar por sus servicios, en cualquier momento y por cualquier motivo. Nunca te cobraremos por la aplicaci\u00f3n o por sus servicios sin dejarte muy claro por qu\u00e9 est\u00e1s pagando.<br \/>La aplicaci\u00f3n de Shen-Acupuncture almacena y procesa los datos personales que usted nos ha proporcionado, con el fin de proporcionar nuestro Servicio. Es tu responsabilidad mantener tu tel\u00e9fono y el acceso a la aplicaci\u00f3n seguros. Por lo tanto, te recomendamos que no hagas jailbreak o root a tu tel\u00e9fono, que es el proceso de eliminar las restricciones y limitaciones de software impuestas por el sistema operativo oficial de tu dispositivo. Podr\u00eda hacer que tu tel\u00e9fono sea vulnerable a malware\/virus\/programas maliciosos, comprometer las caracter\u00edsticas de seguridad de tu tel\u00e9fono y podr\u00eda significar que la aplicaci\u00f3n de Shen-Acupuncture no funcione correctamente o en absoluto.<br \/>Debes tener en cuenta que hay ciertas cosas de las que Shen-Apps no se hace responsable. Algunas funciones de la aplicaci\u00f3n requieren que la aplicaci\u00f3n tenga una conexi\u00f3n a Internet activa. La conexi\u00f3n puede ser Wi-Fi o proporcionada por tu proveedor de red m\u00f3vil, pero Shen-Apps no puede responsabilizarse de que la aplicaci\u00f3n no funcione a pleno rendimiento si no tienes acceso a Wi-Fi y no te queda nada de tu asignaci\u00f3n de datos.<br \/>Si utilizas la aplicaci\u00f3n fuera de una zona con Wi-Fi, debes recordar que se seguir\u00e1n aplicando los t\u00e9rminos del acuerdo con tu proveedor de red m\u00f3vil. En consecuencia, es posible que tu proveedor de telefon\u00eda m\u00f3vil te cobre el coste de los datos durante la duraci\u00f3n de la conexi\u00f3n mientras accedes a la aplicaci\u00f3n, o bien otros cargos de terceros. Al utilizar la aplicaci\u00f3n, usted acepta la responsabilidad de tales cargos, incluidos los cargos por datos en itinerancia si utiliza la aplicaci\u00f3n fuera de su territorio (es decir, regi\u00f3n o pa\u00eds) sin desactivar la itinerancia de datos. Si no eres el pagador de la factura del dispositivo en el que utilizas la aplicaci\u00f3n, ten en cuenta que asumimos que has recibido el permiso del pagador de la factura para utilizar la aplicaci\u00f3n.<br \/>En la misma l\u00ednea, Shen-Apps no siempre puede asumir la responsabilidad por la forma en que usted utiliza la aplicaci\u00f3n, es decir, debe asegurarse de que su dispositivo permanece cargado; si se queda sin bater\u00eda y no puede encenderlo para utilizar el Servicio, Shen-Apps no puede aceptar la responsabilidad.<br \/>Con respecto a la responsabilidad de Shen-Apps por el uso que usted haga de la aplicaci\u00f3n, es importante que tenga en cuenta que, aunque nos esforzamos por garantizar que est\u00e9 actualizada y sea correcta en todo momento, dependemos de terceros que nos proporcionan informaci\u00f3n para poder ponerla a su disposici\u00f3n. Shen-Apps no acepta ninguna responsabilidad por cualquier p\u00e9rdida, directa o indirecta, que experimente como resultado de confiar totalmente en esta funcionalidad de la aplicaci\u00f3n.<br \/>Es posible que en alg\u00fan momento queramos actualizar la aplicaci\u00f3n. La aplicaci\u00f3n est\u00e1 actualmente disponible en Android e iOS &#8211; los requisitos para ambos sistemas (y para cualquier sistema adicional al que decidamos ampliar la disponibilidad de la aplicaci\u00f3n) pueden cambiar, y tendr\u00e1s que descargar las actualizaciones si quieres seguir utilizando la aplicaci\u00f3n. Shen-Apps no se compromete a actualizar siempre la aplicaci\u00f3n para que sea relevante para ti y\/o funcione con la versi\u00f3n de iOS\/Android que tengas instalada en tu dispositivo.<br \/>Tambi\u00e9n es posible que tengamos que dejar de ofrecer la aplicaci\u00f3n (por ejemplo, por motivos personales, de salud u otros desastres). Salvo que le indiquemos lo contrario, al producirse cualquier cese, (a) finalizar\u00e1n los derechos y licencias que se le conceden en estas condiciones.<\/p>\n<h2>Cambios en estas condiciones<\/h2>\n<p>Podemos actualizar nuestros T\u00e9rminos y Condiciones de vez en cuando. Por lo tanto, se le aconseja que revise esta p\u00e1gina peri\u00f3dicamente para ver si hay cambios. Le notificaremos cualquier cambio publicando los nuevos T\u00e9rminos y Condiciones en esta p\u00e1gina. Estos cambios son efectivos inmediatamente despu\u00e9s de ser publicados en esta p\u00e1gina.<\/p>\n<h2>Contacto con nosotros<\/h2>\n<p>Si tiene alguna pregunta o sugerencia sobre nuestros T\u00e9rminos y Condiciones, no dude en ponerse en contacto con nosotros.<\/p>\n<p>&nbsp;<\/p>\n<p>[\/et_pb_text][\/et_pb_column][\/et_pb_row][\/et_pb_section]<\/p>\n","protected":false},"excerpt":{"rendered":"<p>Pol\u00edtica de privacidad de Shen-Acupuncture (\u795e\u9488\u7078) No queremos utilizar sus datos sin su consentimiento, ni queremos mostrarle publicidad no deseada o rastrear su recorrido en nuestras p\u00e1ginas.Por ello, no utilizamos Google Analytics, ni otros servicios para analizar el comportamiento de tus visitantes.Tampoco le pedimos su nombre. Si quiere ponerse en contacto con nosotros, s\u00f3lo necesita [&hellip;]<\/p>\n","protected":false},"author":1,"featured_media":0,"parent":0,"menu_order":0,"comment_status":"closed","ping_status":"closed","template":"","meta":{"_et_pb_use_builder":"on","_et_pb_old_content":"","_et_gb_content_width":"","footnotes":""},"class_list":["post-1569","page","type-page","status-publish","hentry"],"aioseo_notices":[],"_links":{"self":[{"href":"https:\/\/shen-apps.com\/es\/wp-json\/wp\/v2\/pages\/1569","targetHints":{"allow":["GET"]}}],"collection":[{"href":"https:\/\/shen-apps.com\/es\/wp-json\/wp\/v2\/pages"}],"about":[{"href":"https:\/\/shen-apps.com\/es\/wp-json\/wp\/v2\/types\/page"}],"author":[{"embeddable":true,"href":"https:\/\/shen-apps.com\/es\/wp-json\/wp\/v2\/users\/1"}],"replies":[{"embeddable":true,"href":"https:\/\/shen-apps.com\/es\/wp-json\/wp\/v2\/comments?post=1569"}],"version-history":[{"count":0,"href":"https:\/\/shen-apps.com\/es\/wp-json\/wp\/v2\/pages\/1569\/revisions"}],"wp:attachment":[{"href":"https:\/\/shen-apps.com\/es\/wp-json\/wp\/v2\/media?parent=1569"}],"curies":[{"name":"wp","href":"https:\/\/api.w.org\/{rel}","templated":true}]}}