{"id":1604,"date":"2018-12-18T14:21:19","date_gmt":"2018-12-18T14:21:19","guid":{"rendered":"http:\/\/shen-apps.com\/support"},"modified":"2024-08-23T11:34:55","modified_gmt":"2024-08-23T11:34:55","slug":"support","status":"publish","type":"page","link":"https:\/\/shen-apps.com\/it\/support","title":{"rendered":"Support"},"content":{"rendered":"<p>[et_pb_section fb_built=&#8221;1&#8243; _builder_version=&#8221;4.27.0&#8243; _module_preset=&#8221;default&#8221; custom_padding=&#8221;3px|||||&#8221; global_colors_info=&#8221;{}&#8221;][et_pb_row _builder_version=&#8221;4.27.0&#8243; _module_preset=&#8221;default&#8221; global_colors_info=&#8221;{}&#8221;][et_pb_column type=&#8221;4_4&#8243; _builder_version=&#8221;4.27.0&#8243; _module_preset=&#8221;default&#8221; global_colors_info=&#8221;{}&#8221;][et_pb_text _builder_version=&#8221;4.27.0&#8243; _module_preset=&#8221;default&#8221; custom_margin=&#8221;||52px|||&#8221; hover_enabled=&#8221;0&#8243; global_colors_info=&#8221;{}&#8221; sticky_enabled=&#8221;0&#8243;]<\/p>\n<h1>Assistenza<\/h1>\n<p>Benvenuti su Shen-Agopuntura App. Per qualsiasi domanda, utilizzate il <a href=\"#askaquestion\">modulo di contatto<\/a> in fondo a questa pagina.[\/et_pb_text][et_pb_image src=&#8221;http:\/\/shen-apps.com\/wp-content\/uploads\/2023\/03\/Category-Water.png&#8221; title_text=&#8221;Category-Water&#8221; align=&#8221;center&#8221; _builder_version=&#8221;4.27.0&#8243; _module_preset=&#8221;default&#8221; width=&#8221;10%&#8221; global_colors_info=&#8221;{}&#8221;][\/et_pb_image][et_pb_text _builder_version=&#8221;4.27.0&#8243; _module_preset=&#8221;default&#8221; background_color=&#8221;#d3d3d3&#8243; custom_padding=&#8221;5px||||false|false&#8221; hover_enabled=&#8221;0&#8243; border_radii=&#8221;on|5px|5px|5px|5px&#8221; global_colors_info=&#8221;{}&#8221; sticky_enabled=&#8221;0&#8243;]<\/p>\n<h2 style=\"text-align: center;\">Primi passi<\/h2>\n<p>[\/et_pb_text][chiac_divi_accordions chiac_toggle_speed=&#8221;300&#8243; chiac_mode=&#8221;single&#8221; chiac_i_left_icon_clr=&#8221;#000000&#8243; chiac_i_item_margin=&#8221;5px||5px||false|false&#8221; _builder_version=&#8221;4.27.0&#8243; _module_preset=&#8221;default&#8221; chiac_i_title_level=&#8221;h6&#8243; chiac_i_title_font=&#8221;|||on|||||&#8221; hover_enabled=&#8221;0&#8243; global_colors_info=&#8221;{}&#8221; sticky_enabled=&#8221;0&#8243;][chiac_divi_accordions_item title=&#8221;Download e installazione&#8221; chiac_subtitle_state=&#8221;off&#8221; chiac_l_icon_state=&#8221;off&#8221; chiac_state=&#8221;off&#8221; _builder_version=&#8221;4.27.0&#8243; _module_preset=&#8221;default&#8221; hover_enabled=&#8221;0&#8243; global_colors_info=&#8221;{}&#8221; sticky_enabled=&#8221;0&#8243;]<\/p>\n<p>Shen-Agopuntura \u00e8 disponibile nei seguenti App Store:<\/p>\n<ul>\n<li><a href=\"https:\/\/play.google.com\/store\/apps\/details?id=com.digitalbithub.shen\">Google Playstore<\/a><\/li>\n<li><a href=\"https:\/\/itunes.apple.com\/us\/app\/shen-acupuncture\/id1384099547?ls=1&amp;mt=8\">Apple AppStore<\/a><\/li>\n<li><a href=\"https:\/\/appgallery.huawei.com\/app\/C105509091\">Huawei AppGallery<\/a><\/li>\n<\/ul>\n<p>Scaricare e seguire le istruzioni di installazione.<\/p>\n<p>\u00c8 possibile installare l\u2019applicazione Shen-Agopuntura nelle seguenti lingue:<\/p>\n<p>&nbsp;<\/p>\n<ul>\n<li>English<\/li>\n<li>Espa\u00f1ol<\/li>\n<li>Fran\u00e7ais<\/li>\n<li>Netherlands<\/li>\n<li>Deutsch<\/li>\n<li>Italiano<\/li>\n<li>Indonesian<\/li>\n<li>Portugu\u00eas<\/li>\n<li>P\u0443\u0441\u0441\u043a\u0438\u0439<\/li>\n<li>\u4e2d\u6587<\/li>\n<li>\u0939\u093f\u0928\u094d\u0926\u0940<\/li>\n<li>\u0641\u0627\u0631\u0633\u06cc<\/li>\n<\/ul>\n<p>[\/chiac_divi_accordions_item][chiac_divi_accordions_item title=&#8221;Confronto tra le versioni&#8221; chiac_subtitle_state=&#8221;off&#8221; chiac_l_icon_state=&#8221;off&#8221; _builder_version=&#8221;4.27.0&#8243; _module_preset=&#8221;default&#8221; hover_enabled=&#8221;0&#8243; global_colors_info=&#8221;{}&#8221; sticky_enabled=&#8221;0&#8243;]<\/p>\n<p>Shen Agopuntura \u00e8 disponibile in versione gratuita e completa:<\/p>\n<p>&nbsp;<\/p>\n<table style=\"height: 549px; width: 100%; border-collapse: collapse;\" border=\"0\">\n<tbody>\n<tr style=\"height: 24px;\">\n<td style=\"width: 33.3333%; height: 24px;\"><\/td>\n<td style=\"width: 33.3333%; text-align: center; height: 24px;\"><strong>VERSIONE GRATUITA<\/strong><\/td>\n<td style=\"width: 33.3333%; text-align: center; height: 24px;\"><strong>VERSIONE COMPLETA<\/strong><\/td>\n<\/tr>\n<tr>\n<td width=\"77\" style=\"width: 33.3333%;\">\n<p><strong>Punti di agopuntura (Informazioni sui punti e diagrammi di agopuntura)<\/strong><\/p>\n<\/td>\n<td style=\"width: 33.3333%; text-align: center; height: 72px;\">150<\/td>\n<td style=\"width: 33.3333%; text-align: center; height: 72px;\">409<\/td>\n<\/tr>\n<tr>\n<td width=\"77\" style=\"width: 33.3333%;\">\n<p><strong>Diagnosi di MTC con cause, suggerimenti per il trattamento e combinazioni di punti<\/strong><\/p>\n<\/td>\n<td style=\"width: 33.3333%; text-align: center; height: 72px;\">50<\/td>\n<td style=\"width: 33.3333%; text-align: center; height: 72px;\">100<\/td>\n<\/tr>\n<tr>\n<td width=\"77\" style=\"width: 33.3333%;\">\n<p><strong>Sintomi e modelli di malattia occidentali con diagnosi MTC<\/strong><\/p>\n<\/td>\n<td style=\"width: 33.3333%; text-align: center; height: 72px;\">50<\/td>\n<td style=\"width: 33.3333%; text-align: center; height: 72px;\">4200<\/td>\n<\/tr>\n<tr>\n<td width=\"77\" style=\"width: 33.3333%;\">\n<p><strong>Note<\/strong><\/p>\n<\/td>\n<td style=\"width: 33.3333%; text-align: center; height: 55px;\"><img loading=\"lazy\" decoding=\"async\" src=\"http:\/\/shen-apps.com\/wp-content\/uploads\/2023\/03\/available.png\" width=\"40\" height=\"40\" alt=\"\" class=\"wp-image-5497 alignnone size-full\" \/><\/td>\n<td style=\"width: 33.3333%; text-align: center; height: 55px;\"><img loading=\"lazy\" decoding=\"async\" src=\"http:\/\/shen-apps.com\/wp-content\/uploads\/2023\/03\/available.png\" width=\"40\" height=\"40\" alt=\"\" class=\"wp-image-5497 alignnone size-full\" \/><\/td>\n<\/tr>\n<tr>\n<td width=\"77\" style=\"width: 33.3333%;\">\n<p><strong>Fondamenti della MTC<\/strong><\/p>\n<\/td>\n<td style=\"width: 33.3333%; height: 55px; text-align: center;\"><img loading=\"lazy\" decoding=\"async\" src=\"http:\/\/shen-apps.com\/wp-content\/uploads\/2023\/03\/available.png\" width=\"40\" height=\"40\" alt=\"\" class=\"wp-image-5497 alignnone size-full\" \/><\/td>\n<td style=\"width: 33.3333%; text-align: center; height: 55px;\"><img loading=\"lazy\" decoding=\"async\" src=\"http:\/\/shen-apps.com\/wp-content\/uploads\/2023\/03\/available.png\" width=\"40\" height=\"40\" alt=\"\" class=\"wp-image-5497 alignnone size-full\" \/><\/td>\n<\/tr>\n<tr>\n<td width=\"77\" style=\"width: 33.3333%;\">\n<p><strong>Diagnosi della lingua con la Galleria della lingua<\/strong><\/p>\n<\/td>\n<td style=\"width: 33.3333%; height: 55px; text-align: center;\"><img loading=\"lazy\" decoding=\"async\" src=\"http:\/\/shen-apps.com\/wp-content\/uploads\/2023\/03\/available.png\" width=\"40\" height=\"40\" alt=\"\" class=\"wp-image-5497 alignnone size-full\" \/><\/td>\n<td style=\"width: 33.3333%; text-align: center; height: 55px;\"><img loading=\"lazy\" decoding=\"async\" src=\"http:\/\/shen-apps.com\/wp-content\/uploads\/2023\/03\/available.png\" width=\"40\" height=\"40\" alt=\"\" class=\"wp-image-5497 alignnone size-full\" \/><\/td>\n<\/tr>\n<tr>\n<td width=\"77\" style=\"width: 33.3333%;\">\n<p><strong>Fu Ke \u2013 Ginecologia cinese<br \/>(in arrivo)<\/strong><\/p>\n<\/td>\n<td style=\"width: 33.3333%; height: 72px;\"><img loading=\"lazy\" decoding=\"async\" src=\"http:\/\/shen-apps.com\/wp-content\/uploads\/2023\/03\/notavailable.png\" width=\"40\" height=\"40\" alt=\"\" class=\"wp-image-5507 alignnone size-full\" style=\"display: block; margin-left: auto; margin-right: auto;\" \/><\/td>\n<td style=\"width: 33.3333%; text-align: center; height: 72px;\"><img loading=\"lazy\" decoding=\"async\" src=\"http:\/\/shen-apps.com\/wp-content\/uploads\/2023\/03\/available.png\" width=\"40\" height=\"40\" alt=\"\" class=\"wp-image-5497 alignnone size-full\" \/><\/td>\n<\/tr>\n<tr>\n<td width=\"77\" style=\"width: 33.3333%;\">\n<p><strong>Backup<\/strong><\/p>\n<\/td>\n<td style=\"width: 33.3333%; height: 24px;\"><img loading=\"lazy\" decoding=\"async\" src=\"http:\/\/shen-apps.com\/wp-content\/uploads\/2023\/03\/notavailable.png\" width=\"40\" height=\"40\" alt=\"\" class=\"wp-image-5507 alignnone size-full\" style=\"display: block; margin-left: auto; margin-right: auto;\" \/><\/td>\n<td style=\"width: 33.3333%; height: 24px; text-align: center;\"><img loading=\"lazy\" decoding=\"async\" src=\"http:\/\/shen-apps.com\/wp-content\/uploads\/2023\/03\/available.png\" width=\"40\" height=\"40\" alt=\"\" class=\"wp-image-5497 alignnone size-full\" \/><\/td>\n<\/tr>\n<tr style=\"height: 0px;\">\n<td style=\"width: 33.3333%; height: 0px;\"><\/td>\n<td style=\"width: 33.3333%; height: 0px;\"><\/td>\n<td style=\"width: 33.3333%; height: 0px;\"><\/td>\n<\/tr>\n<tr style=\"height: 48px;\">\n<td style=\"width: 33.3333%; height: 48px;\"><strong>Prezzo<\/strong><\/td>\n<td style=\"width: 33.3333%; height: 48px; text-align: center;\">GRATUITO<\/td>\n<td style=\"width: 33.3333%; height: 48px; text-align: center;\">3,59 \u20ac\/mese o 24,99 \u20ac\/anno<br \/>(offerte disponibili)<\/td>\n<\/tr>\n<\/tbody>\n<\/table>\n<p>[\/chiac_divi_accordions_item][\/chiac_divi_accordions][\/et_pb_column][\/et_pb_row][et_pb_row _builder_version=&#8221;4.27.0&#8243; _module_preset=&#8221;default&#8221; custom_padding=&#8221;49px|||||&#8221; global_colors_info=&#8221;{}&#8221;][et_pb_column type=&#8221;4_4&#8243; _builder_version=&#8221;4.27.0&#8243; _module_preset=&#8221;default&#8221; global_colors_info=&#8221;{}&#8221;][et_pb_image src=&#8221;http:\/\/shen-apps.com\/wp-content\/uploads\/2024\/05\/Category-Fire.png&#8221; title_text=&#8221;Category-Fire&#8221; align=&#8221;center&#8221; _builder_version=&#8221;4.27.0&#8243; _module_preset=&#8221;default&#8221; width=&#8221;10%&#8221; global_colors_info=&#8221;{}&#8221;][\/et_pb_image][et_pb_text _builder_version=&#8221;4.27.0&#8243; _module_preset=&#8221;default&#8221; header_2_text_color=&#8221;#883f3e&#8221; background_color=&#8221;#d3d3d3&#8243; custom_padding=&#8221;5px||||false|false&#8221; hover_enabled=&#8221;0&#8243; border_radii=&#8221;on|5px|5px|5px|5px&#8221; global_colors_info=&#8221;{}&#8221; sticky_enabled=&#8221;0&#8243;]<\/p>\n<h2 style=\"text-align: center;\">Caratteristiche<\/h2>\n<p>[\/et_pb_text][chiac_divi_accordions chiac_toggle_speed=&#8221;300&#8243; chiac_mode=&#8221;single&#8221; chiac_i_left_icon_clr=&#8221;#000000&#8243; chiac_i_item_margin=&#8221;5px||5px||false|false&#8221; _builder_version=&#8221;4.27.0&#8243; _module_preset=&#8221;default&#8221; chiac_i_title_level=&#8221;h6&#8243; chiac_i_title_font=&#8221;|||on|||||&#8221; hover_enabled=&#8221;0&#8243; global_colors_info=&#8221;{}&#8221; sticky_enabled=&#8221;0&#8243;][chiac_divi_accordions_item title=&#8221;Shen-Atlante di Agopuntura&#8221; chiac_subtitle_state=&#8221;off&#8221; chiac_icon_or_image=&#8221;image&#8221; chiac_left_image=&#8221;http:\/\/shen-apps.com\/wp-content\/uploads\/2022\/02\/acupuncturepoints.png&#8221; chiac_l_image_width=&#8221;35px&#8221; _builder_version=&#8221;4.27.0&#8243; _module_preset=&#8221;default&#8221; hover_enabled=&#8221;0&#8243; global_colors_info=&#8221;{}&#8221; sticky_enabled=&#8221;0&#8243;]<\/p>\n<p>Nell\u2019App Shen-Agopuntura, avete accesso allo \u201d Shen-Atlante diAgopuntura\u201d con 409 punti di agopuntura (nome, posizione, indicazione, funzione, qualifica, agopuntura) e oltre 400 grafici di agopuntura con diversi strati anatomici.<\/p>\n<p>Se si desidera salvare le combinazioni di punti nelle proprie note, \u00e8 possibile salvare ogni punto di agopuntura in \u201cMyBasket\u201d.\u00a0 I punti di agopuntura salvati nel cestino saranno poi disponibili nella sezione Note.<\/p>\n<p>[\/chiac_divi_accordions_item][chiac_divi_accordions_item title=&#8221;Ricerca e Ricerca Avanzata&#8221; chiac_subtitle_state=&#8221;off&#8221; chiac_icon_or_image=&#8221;image&#8221; chiac_left_image=&#8221;http:\/\/shen-apps.com\/wp-content\/uploads\/2018\/12\/search-1.png&#8221; chiac_l_image_width=&#8221;36px&#8221; chiac_state=&#8221;off&#8221; _builder_version=&#8221;4.27.0&#8243; _module_preset=&#8221;default&#8221; hover_enabled=&#8221;0&#8243; global_colors_info=&#8221;{}&#8221; sticky_enabled=&#8221;0&#8243;]<\/p>\n<p>L\u2019applicazione Shen Agoupuntura ha due diverse funzioni di ricerca: Ricerca e Ricerca Avanzata.<\/p>\n<p>&nbsp;<\/p>\n<p><strong>Ricerca<\/strong><br \/>La Ricerca \u00e8 una ricerca a tutto testo che cerca i termini di ricerca nell\u2019intero atlante in pochi millisecondi. Basta inserire due lettere per ottenere tutti i risultati della ricerca.<\/p>\n<p>&nbsp;<\/p>\n<p><strong>Ricerca Avanzata<\/strong><br \/>La Ricerca Avanzata ha un\u2019intelligenza pi\u00f9 profonda, basata su 5000 connessioni speciali tra le diagnosi della MTC e i punti di agopuntura. Power Search mostra immediatamente tutti i punti di agopuntura per il trattamento di una diagnosi MTC.<\/p>\n<p>Inoltre, \u00e8 possibile cercare due diagnosi MTC (o altri termini MTC) contemporaneamente (ad esempio, deficit di Yin del rene e deficit di Yin del polmone) e ricevere come risultato solo i punti di agopuntura che trattano entrambe le diagnosi. Questo non pu\u00f2 pi\u00f9 essere fatto con la letteratura convenzionale. \u00c8 sufficiente selezionare due termini della MTC dall\u2019elenco.<\/p>\n<p>[\/chiac_divi_accordions_item][chiac_divi_accordions_item title=&#8221;Diagnosi MTC&#8221; chiac_subtitle_state=&#8221;off&#8221; chiac_icon_or_image=&#8221;image&#8221; chiac_left_image=&#8221;http:\/\/shen-apps.com\/wp-content\/uploads\/2022\/02\/diagnosis.png&#8221; chiac_l_image_width=&#8221;36px&#8221; chiac_state=&#8221;off&#8221; _builder_version=&#8221;4.27.0&#8243; _module_preset=&#8221;default&#8221; hover_enabled=&#8221;0&#8243; global_colors_info=&#8221;{}&#8221; sticky_enabled=&#8221;0&#8243;]<\/p>\n<p>Nella sezione Diagnosi MTC \u00e8 possibile studiare i sintomi cardinali, le cause e i consigli terapeutici per ciascuna diagnosi MTC in modo chiaramente strutturato. Sono disponibili pi\u00f9 di 100 diagnosi MTC.<\/p>\n<p>\u00c8 disponibile anche una combinazione di punti comprovata per il trattamento. Le combinazioni di punti, tuttavia, devono sempre essere adattate al paziente.<\/p>\n<p>[\/chiac_divi_accordions_item][chiac_divi_accordions_item title=&#8221;Sintomi e malattie&#8221; chiac_subtitle_state=&#8221;off&#8221; chiac_icon_or_image=&#8221;image&#8221; chiac_left_image=&#8221;http:\/\/shen-apps.com\/wp-content\/uploads\/2022\/02\/symptoms.png&#8221; chiac_l_image_width=&#8221;36px&#8221; chiac_state=&#8221;off&#8221; _builder_version=&#8221;4.27.0&#8243; _module_preset=&#8221;default&#8221; hover_enabled=&#8221;0&#8243; global_colors_info=&#8221;{}&#8221; sticky_enabled=&#8221;0&#8243;]<\/p>\n<p>Con oltre 4.000 sintomi e modelli di malattie occidentali, l\u2019App Shen Agopuntura contiene il compendio pi\u00f9 completo al mondo di diagnosi della MTC. Per ogni sintomo si ottiene la diagnosi cinese corrispondente.<\/p>\n<p>Prendetevi un po\u2019 di tempo per orientarvi nella struttura.<\/p>\n<p>[\/chiac_divi_accordions_item][chiac_divi_accordions_item title=&#8221;Teoria della MTC&#8221; chiac_subtitle_state=&#8221;off&#8221; chiac_icon_or_image=&#8221;image&#8221; chiac_left_image=&#8221;http:\/\/shen-apps.com\/wp-content\/uploads\/2022\/02\/TCMTheory-2.png&#8221; chiac_l_image_width=&#8221;36px&#8221; chiac_state=&#8221;off&#8221; _builder_version=&#8221;4.27.0&#8243; _module_preset=&#8221;default&#8221; hover_enabled=&#8221;0&#8243; global_colors_info=&#8221;{}&#8221; sticky_enabled=&#8221;0&#8243;]<\/p>\n<p>Nell\u2019App Shen Agopuntura sono disponibili gratuitamente i Fondamenti completi della MTC. Questi sono didatticamente cos\u00ec semplici e chiaramente preparati che vi permetteranno di entrare nel mondo della Medicina Tradizionale Cinese molto pi\u00f9 rapidamente che con un libro di testo convenzionale.<\/p>\n<p>Sempre gratuitamente e con una preparazione didattica chiara, troverete la diagnostica della lingua cinese nell\u2019App Shen Agopuntura. Nella galleria della lingua allegata troverete oltre 25 casi di studio illustrati.<\/p>\n<p>Nella versione completa riceverete presto anche Ginecologia cinese \u2013 Fu Ke, anch\u2019essa preparata in modo didattico e chiaro. Un must per ogni professionista della MTC.<\/p>\n<p>[\/chiac_divi_accordions_item][chiac_divi_accordions_item title=&#8221;Funzione Note&#8221; chiac_subtitle_state=&#8221;off&#8221; chiac_icon_or_image=&#8221;image&#8221; chiac_left_image=&#8221;http:\/\/shen-apps.com\/wp-content\/uploads\/2018\/12\/notes.png&#8221; chiac_l_image_width=&#8221;36px&#8221; chiac_state=&#8221;off&#8221; _builder_version=&#8221;4.27.0&#8243; _module_preset=&#8221;default&#8221; hover_enabled=&#8221;0&#8243; global_colors_info=&#8221;{}&#8221; sticky_enabled=&#8221;0&#8243;]<\/p>\n<p>Con la funzione Note, \u00e8 possibile salvare le note nell\u2019app Shen Agopuntura, ma anche una raccolta di pazienti con la documentazione del trattamento.<\/p>\n<p>\u00c8 possibile creare categorie per modelli di malattia o clienti e salvare immagini, audio e punti di agopuntura oltre ai testi. Nella parte inferiore della schermata delle note sono presenti due pulsanti: quello di sinistra serve per aggiungere una categoria, quello di destra per aggiungere una nota.<\/p>\n<p>Nella versione completa \u00e8 possibile eseguire il backup dei dati salvati e trasferirli su altri dispositivi.<\/p>\n<p>[\/chiac_divi_accordions_item][\/chiac_divi_accordions][\/et_pb_column][\/et_pb_row][et_pb_row _builder_version=&#8221;4.27.0&#8243; _module_preset=&#8221;default&#8221; custom_padding=&#8221;48px|||||&#8221; global_colors_info=&#8221;{}&#8221;][et_pb_column type=&#8221;4_4&#8243; _builder_version=&#8221;4.27.0&#8243; _module_preset=&#8221;default&#8221; global_colors_info=&#8221;{}&#8221;][et_pb_image src=&#8221;http:\/\/shen-apps.com\/wp-content\/uploads\/2024\/05\/Category-Wood.png&#8221; title_text=&#8221;Category-Wood&#8221; align=&#8221;center&#8221; _builder_version=&#8221;4.27.0&#8243; _module_preset=&#8221;default&#8221; width=&#8221;10%&#8221; global_colors_info=&#8221;{}&#8221;][\/et_pb_image][et_pb_text _builder_version=&#8221;4.27.0&#8243; _module_preset=&#8221;default&#8221; header_2_text_color=&#8221;#349e59&#8243; background_color=&#8221;#d3d3d3&#8243; custom_padding=&#8221;5px||||false|false&#8221; hover_enabled=&#8221;0&#8243; border_radii=&#8221;on|5px|5px|5px|5px&#8221; global_colors_info=&#8221;{}&#8221; sticky_enabled=&#8221;0&#8243;]<\/p>\n<h2 style=\"text-align: center;\">Domande frequenti<\/h2>\n<p>[\/et_pb_text][chiac_divi_accordions chiac_toggle_speed=&#8221;300&#8243; chiac_mode=&#8221;single&#8221; chiac_i_left_icon_clr=&#8221;#000000&#8243; chiac_i_item_margin=&#8221;5px||5px||false|false&#8221; _builder_version=&#8221;4.27.0&#8243; _module_preset=&#8221;default&#8221; chiac_i_title_level=&#8221;h6&#8243; chiac_i_title_font=&#8221;|||on|||||&#8221; hover_enabled=&#8221;0&#8243; global_colors_info=&#8221;{}&#8221; sticky_enabled=&#8221;0&#8243;][chiac_divi_accordions_item title=&#8221;Passare da Playstore ad App Store o viceversa?&#8221; chiac_subtitle_state=&#8221;off&#8221; chiac_l_icon_state=&#8221;off&#8221; _builder_version=&#8221;4.27.0&#8243; _module_preset=&#8221;default&#8221; hover_enabled=&#8221;0&#8243; global_colors_info=&#8221;{}&#8221; sticky_enabled=&#8221;0&#8243;]<\/p>\n<p><strong>Versione gratuita:<\/strong><br \/>La versione gratuita \u00e8 disponibile su Playstore e App Store, quindi il passaggio da una piattaforma all\u2019altra con la versione gratuita non \u00e8 un problema.<\/p>\n<p>&nbsp;<\/p>\n<p><strong>Versione a pagamento:<\/strong><br \/>Purtroppo, se avete gi\u00e0 un abbonamento, questo non pu\u00f2 essere migrato dal Playstore all\u2019App Store o viceversa. N\u00e9 Google n\u00e9 Apple lo permettono.<\/p>\n<p>Chiedere un rimborso: Se passate da Google ad Apple, potete semplicemente chiedere a me (Juergen, l\u2019autore) un rimborso. Da parte mia, questo \u00e8 sempre accettato.<\/p>\n<p>Se passate da Apple a Google, chiedete direttamente all\u2019assistenza Apple; non ho accesso ai dati degli utenti di Apple.<\/p>\n<p>[\/chiac_divi_accordions_item][\/chiac_divi_accordions][\/et_pb_column][\/et_pb_row][et_pb_row module_id=&#8221;askaquestion&#8221; _builder_version=&#8221;4.27.0&#8243; _module_preset=&#8221;default&#8221; custom_padding=&#8221;49px|||||&#8221; global_colors_info=&#8221;{}&#8221;][et_pb_column type=&#8221;4_4&#8243; _builder_version=&#8221;4.27.0&#8243; _module_preset=&#8221;default&#8221; global_colors_info=&#8221;{}&#8221;][et_pb_image src=&#8221;http:\/\/shen-apps.com\/wp-content\/uploads\/2024\/08\/Category-Earth.png&#8221; title_text=&#8221;Category-Earth&#8221; align=&#8221;center&#8221; _builder_version=&#8221;4.27.0&#8243; _module_preset=&#8221;default&#8221; width=&#8221;10%&#8221; global_colors_info=&#8221;{}&#8221;][\/et_pb_image][et_pb_text _builder_version=&#8221;4.27.0&#8243; _module_preset=&#8221;default&#8221; header_2_text_color=&#8221;#f58345&#8243; background_color=&#8221;#d3d3d3&#8243; custom_padding=&#8221;5px||||false|false&#8221; hover_enabled=&#8221;0&#8243; border_radii=&#8221;on|5px|5px|5px|5px&#8221; global_colors_info=&#8221;{}&#8221; sticky_enabled=&#8221;0&#8243;]<\/p>\n<h2 style=\"text-align: center;\">Modulo di contatto<\/h2>\n<p>[\/et_pb_text][et_pb_contact_form success_message=&#8221;Grazie per il suo messaggio.&#8221; _builder_version=&#8221;4.27.0&#8243; _module_preset=&#8221;default&#8221; _unique_id=&#8221;6737afbc-784c-4ab7-9842-ceff2805f00d&#8221; custom_button=&#8221;on&#8221; button_bg_color=&#8221;#f58345&#8243; hover_enabled=&#8221;0&#8243; global_colors_info=&#8221;{}&#8221; submit_button_text=&#8221;Invia&#8221; sticky_enabled=&#8221;0&#8243;][et_pb_contact_field field_id=&#8221;Email&#8221; field_title=&#8221;Indirizzo e-mail&#8221; field_type=&#8221;email&#8221; _builder_version=&#8221;4.27.0&#8243; hover_enabled=&#8221;0&#8243; global_colors_info=&#8221;{}&#8221; button_text_size__hover_enabled=&#8221;off&#8221; button_one_text_size__hover_enabled=&#8221;off&#8221; button_two_text_size__hover_enabled=&#8221;off&#8221; button_text_color__hover_enabled=&#8221;off&#8221; button_one_text_color__hover_enabled=&#8221;off&#8221; button_two_text_color__hover_enabled=&#8221;off&#8221; button_border_width__hover_enabled=&#8221;off&#8221; button_one_border_width__hover_enabled=&#8221;off&#8221; button_two_border_width__hover_enabled=&#8221;off&#8221; button_border_color__hover_enabled=&#8221;off&#8221; button_one_border_color__hover_enabled=&#8221;off&#8221; button_two_border_color__hover_enabled=&#8221;off&#8221; button_border_radius__hover_enabled=&#8221;off&#8221; button_one_border_radius__hover_enabled=&#8221;off&#8221; button_two_border_radius__hover_enabled=&#8221;off&#8221; button_letter_spacing__hover_enabled=&#8221;off&#8221; button_one_letter_spacing__hover_enabled=&#8221;off&#8221; button_two_letter_spacing__hover_enabled=&#8221;off&#8221; button_bg_color__hover_enabled=&#8221;off&#8221; button_one_bg_color__hover_enabled=&#8221;off&#8221; button_two_bg_color__hover_enabled=&#8221;off&#8221; sticky_enabled=&#8221;0&#8243;][\/et_pb_contact_field][et_pb_contact_field field_id=&#8221;Message&#8221; field_title=&#8221;Messaggio&#8221; field_type=&#8221;text&#8221; fullwidth_field=&#8221;on&#8221; _builder_version=&#8221;4.27.0&#8243; hover_enabled=&#8221;0&#8243; global_colors_info=&#8221;{}&#8221; button_text_size__hover_enabled=&#8221;off&#8221; button_one_text_size__hover_enabled=&#8221;off&#8221; button_two_text_size__hover_enabled=&#8221;off&#8221; button_text_color__hover_enabled=&#8221;off&#8221; button_one_text_color__hover_enabled=&#8221;off&#8221; button_two_text_color__hover_enabled=&#8221;off&#8221; button_border_width__hover_enabled=&#8221;off&#8221; button_one_border_width__hover_enabled=&#8221;off&#8221; button_two_border_width__hover_enabled=&#8221;off&#8221; button_border_color__hover_enabled=&#8221;off&#8221; button_one_border_color__hover_enabled=&#8221;off&#8221; button_two_border_color__hover_enabled=&#8221;off&#8221; button_border_radius__hover_enabled=&#8221;off&#8221; button_one_border_radius__hover_enabled=&#8221;off&#8221; button_two_border_radius__hover_enabled=&#8221;off&#8221; button_letter_spacing__hover_enabled=&#8221;off&#8221; button_one_letter_spacing__hover_enabled=&#8221;off&#8221; button_two_letter_spacing__hover_enabled=&#8221;off&#8221; button_bg_color__hover_enabled=&#8221;off&#8221; button_one_bg_color__hover_enabled=&#8221;off&#8221; button_two_bg_color__hover_enabled=&#8221;off&#8221; sticky_enabled=&#8221;0&#8243;][\/et_pb_contact_field][\/et_pb_contact_form][\/et_pb_column][\/et_pb_row][\/et_pb_section]<\/p>\n","protected":false},"excerpt":{"rendered":"<p>Assistenza Benvenuti su Shen-Agopuntura App. Per qualsiasi domanda, utilizzate il modulo di contatto in fondo a questa pagina.Primi passi<div class=\"et_pb_module chiac_divi_accordions chiac_divi_accordions_0\">\n\t\t\t\t\n\t\t\t\t\n\t\t\t\t\n\t\t\t\t\n\t\t\t\t\n\t\t\t\t\n\t\t\t\t<div class=\"et_pb_module_inner\">\n\t\t\t\t\t<div class=\"chiac-content-wrapper chiac_toggle_speed-300 \" data-speed=\"300\" data-mode=\"single\" data-scroll-into-view=\"off|off|0\"><\/div>\n\t\t\t\t<\/div>\n\t\t\t<\/div><div class=\"et_pb_module chiac_divi_accordions_item chiac_divi_accordions_item_0\">\n\t\t\t\t\n\t\t\t\t\n\t\t\t\t\n\t\t\t\t\n\t\t\t\t\n\t\t\t\t\n\t\t\t\t<div class=\"et_pb_module_inner\">\n\t\t\t\t\t\r\n            <div class=\"chiac-header chiac_closed chiac_subtitle_hidden chiac_left_icon_hidden chiac_right_icon_show     \">\r\n                <div class=\"chiac_left_icon_container\">\r\n                    <i class=\"chiac_left_icon et-pb-icon\"><span>\ue005<\/span><\/i>\r\n                <\/div>\r\n                <div class=\"chiac_heading_container\">\r\n                    <h6 class=\"chiac-title\">Download e installazione<\/h6>\r\n                    <h6 class=\"chiac-subtitle\">Your Subtitle Goes Here<\/h6>\r\n                <\/div>\r\n                <div class=\"chiac_right_icon_container\">\r\n                    <i class=\"chiac_right_icon et-pb-icon\"><span>3<\/span><\/i>\r\n                <\/div>\r\n            <\/div>   \r\n            <div class=\"chiac-content\"><\/div>\n\t\t\t\t<\/div>\n\t\t\t<\/div>Shen-Agopuntura \u00e8 disponibile nei seguenti App Store: Google Playstore Apple AppStore Huawei AppGallery Scaricare e [&hellip;]<\/p>\n","protected":false},"author":1,"featured_media":0,"parent":0,"menu_order":0,"comment_status":"closed","ping_status":"closed","template":"","meta":{"_et_pb_use_builder":"on","_et_pb_old_content":"","_et_gb_content_width":"","footnotes":""},"class_list":["post-1604","page","type-page","status-publish","hentry"],"aioseo_notices":[],"_links":{"self":[{"href":"https:\/\/shen-apps.com\/it\/wp-json\/wp\/v2\/pages\/1604","targetHints":{"allow":["GET"]}}],"collection":[{"href":"https:\/\/shen-apps.com\/it\/wp-json\/wp\/v2\/pages"}],"about":[{"href":"https:\/\/shen-apps.com\/it\/wp-json\/wp\/v2\/types\/page"}],"author":[{"embeddable":true,"href":"https:\/\/shen-apps.com\/it\/wp-json\/wp\/v2\/users\/1"}],"replies":[{"embeddable":true,"href":"https:\/\/shen-apps.com\/it\/wp-json\/wp\/v2\/comments?post=1604"}],"version-history":[{"count":0,"href":"https:\/\/shen-apps.com\/it\/wp-json\/wp\/v2\/pages\/1604\/revisions"}],"wp:attachment":[{"href":"https:\/\/shen-apps.com\/it\/wp-json\/wp\/v2\/media?parent=1604"}],"curies":[{"name":"wp","href":"https:\/\/api.w.org\/{rel}","templated":true}]}}