{"id":1155,"date":"2019-01-01T07:37:18","date_gmt":"2019-01-01T07:37:18","guid":{"rendered":"http:\/\/shen-apps.com\/home"},"modified":"2024-09-15T14:53:00","modified_gmt":"2024-09-15T14:53:00","slug":"home","status":"publish","type":"page","link":"https:\/\/shen-apps.com\/pt-br","title":{"rendered":"Home"},"content":{"rendered":"<p>[et_pb_section fb_built=&#8221;1&#8243; _builder_version=&#8221;4.16&#8243; background_color=&#8221;#efefef&#8221; custom_padding=&#8221;1px|0px|3px|0px|false|false&#8221; top_divider_style=&#8221;triangle&#8221; top_divider_color=&#8221;#666666&#8243; top_divider_height=&#8221;42px&#8221; top_divider_flip=&#8221;vertical&#8221; animation_style=&#8221;fade&#8221; animation_duration=&#8221;1400ms&#8221; global_colors_info=&#8221;{}&#8221;][et_pb_row module_class=&#8221; et_pb_row_fullwidth&#8221; _builder_version=&#8221;4.16&#8243; width=&#8221;89%&#8221; width_tablet=&#8221;80%&#8221; width_phone=&#8221;&#8221; width_last_edited=&#8221;on|desktop&#8221; max_width=&#8221;89%&#8221; max_width_tablet=&#8221;80%&#8221; max_width_phone=&#8221;&#8221; max_width_last_edited=&#8221;on|desktop&#8221; custom_padding=&#8221;58px|0px|46px|0px|false|false&#8221; make_fullwidth=&#8221;on&#8221; global_colors_info=&#8221;{}&#8221;][et_pb_column type=&#8221;4_4&#8243; _builder_version=&#8221;4.16&#8243; custom_padding=&#8221;|||&#8221; global_colors_info=&#8221;{}&#8221; custom_padding__hover=&#8221;|||&#8221;][et_pb_text _builder_version=&#8221;4.27.0&#8243; _module_preset=&#8221;c1f0b0df-a252-44db-b59f-4c29c45506ae&#8221; text_font=&#8221;|700|||||||&#8221; text_font_size=&#8221;25px&#8221; custom_margin=&#8221;||28px|||&#8221; text_font_size_phone=&#8221;20px&#8221; global_colors_info=&#8221;{}&#8221;]<\/p>\n<h1 style=\"text-align: center;\">Aplica\u00e7\u00e3o Acupuntura-Shen<\/h1>\n<p style=\"text-align: center;\"><strong>Atlas de Acupuntura \u2013 Pesquisa de Poder \u2013 Diagn\u00f3stico de MTC \u2013 Fundamentos da MTC<br \/><\/strong><\/p>\n<p>[\/et_pb_text][et_pb_image src=&#8221;http:\/\/shen-apps.com\/wp-content\/uploads\/2022\/03\/title-three-PRT-1.png&#8221; title_text=&#8221;title-three-PRT&#8221; align=&#8221;center&#8221; _builder_version=&#8221;4.16&#8243; _module_preset=&#8221;default&#8221; global_colors_info=&#8221;{}&#8221;][\/et_pb_image][\/et_pb_column][\/et_pb_row][et_pb_row module_class=&#8221; et_pb_row_fullwidth&#8221; _builder_version=&#8221;4.16&#8243; width=&#8221;89%&#8221; width_tablet=&#8221;80%&#8221; width_phone=&#8221;&#8221; width_last_edited=&#8221;on|desktop&#8221; max_width=&#8221;89%&#8221; max_width_tablet=&#8221;80%&#8221; max_width_phone=&#8221;&#8221; max_width_last_edited=&#8221;on|desktop&#8221; custom_padding=&#8221;0|0px|0|0px|false|false&#8221; make_fullwidth=&#8221;on&#8221; global_colors_info=&#8221;{}&#8221;][et_pb_column type=&#8221;4_4&#8243; _builder_version=&#8221;4.16&#8243; custom_padding=&#8221;|||&#8221; global_colors_info=&#8221;{}&#8221; custom_padding__hover=&#8221;|||&#8221;][et_pb_text _builder_version=&#8221;4.27.0&#8243; _module_preset=&#8221;d1727bff-cf16-4e5d-8879-c504e014070b&#8221; text_font_size=&#8221;19px&#8221; global_colors_info=&#8221;{}&#8221; custom_margin=&#8221;||2px||false|false&#8221;]<\/p>\n<p style=\"text-align: center;\"><strong style=\"font-size: x-large; color: black; text-align: center;\"><span style=\"background-color: transparent; color: #5e5e5e; font-family: Arial; font-size: 19.6px; font-style: normal; font-variant: normal; font-weight: 400; line-height: 23.52px;\">Durante muitos s\u00e9culos, a Medicina Tradicional Chinesa \u00e9 continuamente ensinada e aplicada. N\u00e3o h\u00e1 nenhuma outra medicina que possa entender e tratar as pessoas de forma individual.<br \/><\/span><\/strong><\/p>\n<p style=\"text-align: center;\"><strong style=\"font-size: x-large; color: black; text-align: center;\"><span style=\"background-color: transparent; color: #5e5e5e; font-family: Arial; font-size: 19.6px; font-style: normal; font-variant: normal; font-weight: 400; line-height: 23.52px;\">N\u00f3s ajudamo-lo a dominar esta arte antiga.<\/span><\/strong><\/p>\n<p>[\/et_pb_text][et_pb_image src=&#8221;http:\/\/shen-apps.com\/wp-content\/uploads\/2022\/03\/Shen-buttons-PRT.png&#8221; title_text=&#8221;Shen-buttons-PRT&#8221; align=&#8221;center&#8221; _builder_version=&#8221;4.16&#8243; _module_preset=&#8221;default&#8221; global_colors_info=&#8221;{}&#8221; custom_margin=&#8221;||15px|||&#8221;][\/et_pb_image][et_pb_text _builder_version=&#8221;4.27.0&#8243; _module_preset=&#8221;07bb8339-cb4d-483f-b29f-31ec790f3664&#8243; hover_enabled=&#8221;0&#8243; sticky_enabled=&#8221;0&#8243;]<\/p>\n<h2 style=\"text-align: center;\">Descarregue a aplica\u00e7\u00e3o Acupuntura-Shen na sua App Store!<\/h2>\n<p style=\"text-align: center;\"><span style=\"color: #333333;\">2 livros de refer\u00eancia de MTC, 150 pontos de acupuntura, 50 diagn\u00f3sticos de MTC e 500 sintomas com diagn\u00f3sticos de MTC est\u00e3o dispon\u00edveis <strong>gratuitamente<\/strong> na aplica\u00e7\u00e3o Acupuntura-Shen.<\/span><\/p>\n<p style=\"text-align: center;\"><span style=\"color: #333333;\">E h\u00e1 ainda mais na <strong>vers\u00e3o completa do Acupuntura-She<\/strong>n!<\/span><\/p>\n<p>[\/et_pb_text][et_pb_text _builder_version=&#8221;4.27.0&#8243; _module_preset=&#8221;07bb8339-cb4d-483f-b29f-31ec790f3664&#8243; text_line_height=&#8221;1em&#8221; header_2_font_size=&#8221;24px&#8221; text_orientation=&#8221;center&#8221; hover_enabled=&#8221;0&#8243; text_font_size_phone=&#8221;10px&#8221; text_line_height_phone=&#8221;1em&#8221; header_2_font_size_tablet=&#8221;20px&#8221; header_2_font_size_phone=&#8221;15px&#8221; saved_tabs=&#8221;all&#8221; global_colors_info=&#8221;{}&#8221; theme_builder_area=&#8221;post_content&#8221; sticky_enabled=&#8221;0&#8243;]<\/p>\n<table style=\"width: 60%; border-collapse: collapse; border-style: none; border-color: #ffffff; margin-left: auto; margin-right: auto;\" border=\"0\">\n<tbody>\n<tr>\n<td style=\"width: 33.3333%; text-align: center;\"><a href=\"https:\/\/play.google.com\/store\/apps\/details?id=com.digitalbithub.shen\" target=\"_blank\" rel=\"noopener\"><img loading=\"lazy\" decoding=\"async\" class=\"wp-image-3459 alignnone size-full\" src=\"http:\/\/shen-apps.com\/wp-content\/uploads\/2022\/03\/Playstore.png\" alt=\"\" width=\"94\" height=\"93\" srcset=\"https:\/\/shen-apps.com\/wp-content\/uploads\/2022\/03\/Playstore.png 154w, https:\/\/shen-apps.com\/wp-content\/uploads\/2022\/03\/Playstore-150x150.png 150w\" sizes=\"(max-width: 94px) 100vw, 94px\" \/><\/a><\/td>\n<td style=\"width: 33.3333%; text-align: center;\"><a href=\"https:\/\/appgallery.huawei.com\/app\/C105509091\" target=\"_blank\" rel=\"noopener\"><img loading=\"lazy\" decoding=\"async\" class=\"wp-image-3466 alignnone size-full\" src=\"http:\/\/shen-apps.com\/wp-content\/uploads\/2022\/03\/AppGallery.png\" alt=\"\" width=\"100\" height=\"99\" srcset=\"https:\/\/shen-apps.com\/wp-content\/uploads\/2022\/03\/AppGallery.png 154w, https:\/\/shen-apps.com\/wp-content\/uploads\/2022\/03\/AppGallery-150x150.png 150w\" sizes=\"(max-width: 100px) 100vw, 100px\" \/><\/a><\/td>\n<td style=\"width: 33.3333%; text-align: center;\"><a href=\"https:\/\/itunes.apple.com\/us\/app\/shen-acupuncture\/id1384099547?ls=1&amp;mt=8\" target=\"_blank\" rel=\"noopener\"><img loading=\"lazy\" decoding=\"async\" class=\"wp-image-3473 alignnone size-full\" src=\"http:\/\/shen-apps.com\/wp-content\/uploads\/2022\/03\/AppStore.png\" alt=\"\" width=\"81\" height=\"80\" srcset=\"https:\/\/shen-apps.com\/wp-content\/uploads\/2022\/03\/AppStore.png 154w, https:\/\/shen-apps.com\/wp-content\/uploads\/2022\/03\/AppStore-150x150.png 150w\" sizes=\"(max-width: 81px) 100vw, 81px\" \/><\/a><\/td>\n<\/tr>\n<tr>\n<td style=\"width: 33.3333%; text-align: center;\">Google<br \/><a href=\"https:\/\/play.google.com\/store\/apps\/details?id=com.digitalbithub.shen\" target=\"_blank\" rel=\"noopener\"><strong>PlayStore<\/strong><\/a><\/td>\n<td style=\"width: 33.3333%; text-align: center;\">Huawei<br \/><a href=\"https:\/\/appgallery.huawei.com\/app\/C105509091\" target=\"_blank\" rel=\"noopener\"><strong>AppGallery<\/strong><\/a><\/td>\n<td style=\"width: 33.3333%; text-align: center;\">Apple<br \/><a href=\"https:\/\/itunes.apple.com\/us\/app\/shen-acupuncture\/id1384099547?ls=1&amp;mt=8\" target=\"_blank\" rel=\"noopener\"><strong>AppStore<\/strong><\/a><\/td>\n<\/tr>\n<\/tbody>\n<\/table>\n<p>[\/et_pb_text][\/et_pb_column][\/et_pb_row][\/et_pb_section][et_pb_section fb_built=&#8221;1&#8243; prev_background_color=&#8221;#efefef&#8221; _builder_version=&#8221;4.16&#8243; background_color=&#8221;#666666&#8243; custom_padding=&#8221;0|0px|59.9479px|0px|false|false&#8221; top_divider_style=&#8221;arrow&#8221; animation_style=&#8221;fade&#8221; animation_duration=&#8221;1400ms&#8221; global_colors_info=&#8221;{}&#8221;][et_pb_row column_structure=&#8221;1_2,1_2&#8243; _builder_version=&#8221;4.16&#8243; custom_padding=&#8221;168px|0px|0|0px|false|false&#8221; global_colors_info=&#8221;{}&#8221;][et_pb_column type=&#8221;1_2&#8243; _builder_version=&#8221;4.16&#8243; custom_padding=&#8221;|||&#8221; global_colors_info=&#8221;{}&#8221; custom_padding__hover=&#8221;|||&#8221;][et_pb_image src=&#8221;http:\/\/shen-apps.com\/wp-content\/uploads\/2022\/03\/Atlas-PRT.png&#8221; title_text=&#8221;Atlas-PRT&#8221; align=&#8221;center&#8221; align_tablet=&#8221;center&#8221; align_phone=&#8221;&#8221; align_last_edited=&#8221;on|desktop&#8221; _builder_version=&#8221;4.16&#8243; global_colors_info=&#8221;{}&#8221;]<\/p>\n<p>[\/et_pb_image][\/et_pb_column][et_pb_column type=&#8221;1_2&#8243; _builder_version=&#8221;4.16&#8243; custom_padding=&#8221;|||&#8221; global_colors_info=&#8221;{}&#8221; custom_padding__hover=&#8221;|||&#8221;][et_pb_text _builder_version=&#8221;4.27.0&#8243; _module_preset=&#8221;a7da8209-bfa4-4ddc-80f3-b4e5d9f9f940&#8243; text_text_color=&#8221;#FFFFFF&#8221; header_font_size=&#8221;31px&#8221; header_font_size_tablet=&#8221;31px&#8221; header_font_size_phone=&#8221;28px&#8221; global_colors_info=&#8221;{}&#8221;]<\/p>\n<h2>Pesquisar 1000 p\u00e1ginas do atlas de acupuntura demora apenas uma fra\u00e7\u00e3o de segundo.<\/h2>\n<p>Na aplica\u00e7\u00e3o voc\u00ea ter\u00e1 acesso total ao Atlas-Shen de Acupuntura \u2013 um livro de refer\u00eancia com mais de 1000 p\u00e1ginas, al\u00e9m de 400 gr\u00e1ficos de acupuntura de alta qualidade. O Atlas de Acupuntura \u00e9 f\u00e1cil de usar e \u00e9 otimizado para trabalhar em ecr\u00e3s pequenos, como um smartphone ou tablet.<\/p>\n<p><strong>409 Pontos de Acupuntura!<\/strong><br \/>Cada ponto de acupuntura inclui uma descri\u00e7\u00e3o detalhada da localiza\u00e7\u00e3o, fun\u00e7\u00f5es MTC, indica\u00e7\u00f5es, qualifica\u00e7\u00f5es especiais, agulhas e muito mais.<\/p>\n<p><strong>469 Gr\u00e1ficos de acupuntura!<\/strong><br \/>Gr\u00e1ficos de acupuntura de alta qualidade mostram cada ponto em quatro n\u00edveis anat\u00f3micos: pele, musculatura, esqueleto e \u00f3rg\u00e3os internos com vasos e nervos.<\/p>\n<p><strong>Pesquisa e Pesquisa de Poder!<\/strong><br \/>Procure o atlas completo dentro de Nano segundos para doen\u00e7as, indica\u00e7\u00f5es e diagn\u00f3sticos MTC. A op\u00e7\u00e3o de pesquisa na aplica\u00e7\u00e3o Acupuntura Shen torna o seu trabalho consistente e r\u00e1pido. Pesquisar 1000 p\u00e1ginas do atlas de acupuntura para \u201casma\u201d demora apenas uma fra\u00e7\u00e3o de segundo e n\u00e3o requer conex\u00e3o com a Internet.<\/p>\n<p>[\/et_pb_text][\/et_pb_column][\/et_pb_row][\/et_pb_section][et_pb_section fb_built=&#8221;1&#8243; prev_background_color=&#8221;#666666&#8243; next_background_color=&#8221;#095fa0&#8243; _builder_version=&#8221;4.16&#8243; custom_padding=&#8221;||49px|||&#8221; top_divider_style=&#8221;wave&#8221; bottom_divider_style=&#8221;arrow2&#8243; animation_style=&#8221;slide&#8221; animation_direction=&#8221;left&#8221; animation_duration=&#8221;1500ms&#8221; global_colors_info=&#8221;{}&#8221;][et_pb_row column_structure=&#8221;1_2,1_2&#8243; module_class=&#8221; et_pb_row_fullwidth&#8221; _builder_version=&#8221;4.16&#8243; width_tablet=&#8221;80%&#8221; width_phone=&#8221;&#8221; width_last_edited=&#8221;on|desktop&#8221; max_width_tablet=&#8221;80%&#8221; max_width_phone=&#8221;&#8221; max_width_last_edited=&#8221;on|desktop&#8221; custom_padding=&#8221;38.0469px|0px|0|0px|false|false&#8221; make_fullwidth=&#8221;on&#8221; global_colors_info=&#8221;{}&#8221;][et_pb_column type=&#8221;1_2&#8243; _builder_version=&#8221;4.16&#8243; custom_padding=&#8221;|||&#8221; global_colors_info=&#8221;{}&#8221; custom_padding__hover=&#8221;|||&#8221;][et_pb_text _builder_version=&#8221;4.27.0&#8243; _module_preset=&#8221;7fad7065-1385-4284-ab54-a32286194bcc&#8221; header_font_size=&#8221;39px&#8221; header_font_size_tablet=&#8221;39px&#8221; header_font_size_phone=&#8221;29px&#8221; global_colors_info=&#8221;{}&#8221;]<\/p>\n<h2 style=\"text-align: left;\">Pesquisa de Poder \u2013 Um recurso impressionante!<\/h2>\n<p>Esta \u00e9 uma fun\u00e7\u00e3o \u00fanica integrada na aplica\u00e7\u00e3o Acupuntura-Shen para ajud\u00e1-lo a criar combina\u00e7\u00f5es \u00f3ptimas de pontos para o seu tratamento e salv\u00e1-las para uso posterior. A pesquisa avan\u00e7ada \u00e9 uma brilhante adi\u00e7\u00e3o \u00e0 pesquisa de texto completo e tem uma intelig\u00eancia especial somente dispon\u00edvel com a aplica\u00e7\u00e3o. Esta intelig\u00eancia consiste em 5000 links criados individualmente entre diagn\u00f3sticos MTC e pontos de acupuntura que voc\u00ea nunca encontraria com pesquisa de texto completo.<\/p>\n<p>Somente a Pesquisa de Poder pode mostrar todos os pontos de acupuntura para um tratamento espec\u00edfico. Por exemplo, Defici\u00eancia Yin do Rim. As pesquisas combinadas tamb\u00e9m s\u00e3o poss\u00edveis: por exemplo, para procurar todos os pontos que fortalecem o Yin do Rim e o Yin do Cora\u00e7\u00e3o, ou mostrar todos os pontos Shu-Stream que expelem o Calor.<\/p>\n<p>Esta funcionalidade facilita e ajuda a criar as suas pr\u00f3prias combina\u00e7\u00f5es de pontos para a sua pr\u00e1tica. Use o Meu Cesto como um cache para as suas combina\u00e7\u00f5es de pontos e de modo confort\u00e1vel geri-las para pacientes ou doen\u00e7as na aplica\u00e7\u00e3o.<\/p>\n<p>[\/et_pb_text][\/et_pb_column][et_pb_column type=&#8221;1_2&#8243; _builder_version=&#8221;4.16&#8243; custom_padding=&#8221;|||&#8221; global_colors_info=&#8221;{}&#8221; custom_padding__hover=&#8221;|||&#8221;][et_pb_image src=&#8221;http:\/\/shen-apps.com\/wp-content\/uploads\/2022\/03\/PowerSearch-PRT.png&#8221; title_text=&#8221;PowerSearch-PRT&#8221; align=&#8221;center&#8221; align_tablet=&#8221;center&#8221; align_phone=&#8221;&#8221; align_last_edited=&#8221;on|desktop&#8221; _builder_version=&#8221;4.16&#8243; global_colors_info=&#8221;{}&#8221;]<\/p>\n<p>[\/et_pb_image][\/et_pb_column][\/et_pb_row][\/et_pb_section][et_pb_section fb_built=&#8221;1&#8243; next_background_color=&#8221;#137a41&#8243; _builder_version=&#8221;4.16&#8243; background_color=&#8221;#095fa0&#8243; custom_padding=&#8221;16px|||||&#8221; bottom_divider_style=&#8221;ramp&#8221; bottom_divider_flip=&#8221;vertical|horizontal&#8221; animation_style=&#8221;slide&#8221; animation_direction=&#8221;right&#8221; animation_duration=&#8221;1500ms&#8221; global_colors_info=&#8221;{}&#8221;][et_pb_row column_structure=&#8221;1_2,1_2&#8243; _builder_version=&#8221;4.16&#8243; custom_padding=&#8221;38.0469px|0px|0|0px|false|false&#8221; global_colors_info=&#8221;{}&#8221;][et_pb_column type=&#8221;1_2&#8243; _builder_version=&#8221;4.16&#8243; custom_padding=&#8221;|||&#8221; global_colors_info=&#8221;{}&#8221; custom_padding__hover=&#8221;|||&#8221;][et_pb_image src=&#8221;http:\/\/shen-apps.com\/wp-content\/uploads\/2022\/03\/TCMDiagnoses-PRT.png&#8221; title_text=&#8221;TCMDiagnoses-PRT&#8221; align_tablet=&#8221;center&#8221; align_phone=&#8221;&#8221; align_last_edited=&#8221;on|desktop&#8221; _builder_version=&#8221;4.16&#8243; global_colors_info=&#8221;{}&#8221;]<\/p>\n<p>[\/et_pb_image][\/et_pb_column][et_pb_column type=&#8221;1_2&#8243; _builder_version=&#8221;4.16&#8243; custom_padding=&#8221;|||&#8221; global_colors_info=&#8221;{}&#8221; custom_padding__hover=&#8221;|||&#8221;][et_pb_text _builder_version=&#8221;4.27.0&#8243; _module_preset=&#8221;a7da8209-bfa4-4ddc-80f3-b4e5d9f9f940&#8243; text_text_color=&#8221;#FFFFFF&#8221; header_font_size=&#8221;36px&#8221; header_font_size_tablet=&#8221;36px&#8221; header_font_size_phone=&#8221;30px&#8221; global_colors_info=&#8221;{}&#8221;]<\/p>\n<h2>Sintomas cardinais,\u00a0 Causas e Dicas de Tratamento<\/h2>\n<p>Claramente estruturada, a aplica\u00e7\u00e3o Acupuntura- Shen cont\u00e9m conhecimentos pr\u00e1ticos sobre Fatores patog\u00e9nicos, padr\u00f5es de Subst\u00e2ncias, Zang Fu e -NOVAS-, bem como os 8 Vasos Extraordin\u00e1rios.<\/p>\n<ul>\n<li>Sintomas cardinais para a identifica\u00e7\u00e3o eficiente de padr\u00f5es<\/li>\n<li>Causas: Explica\u00e7\u00e3o da causa dos padr\u00f5es juntamente com aspetos emocionais e nutri\u00e7\u00e3o<\/li>\n<li>Dicas de Tratamento: Poss\u00edveis estrat\u00e9gias de tratamento<\/li>\n<li>Combina\u00e7\u00f5es pontuais comprovadas para tratar cada diagn\u00f3stico de MTC<\/li>\n<\/ul>\n<p>[\/et_pb_text][\/et_pb_column][\/et_pb_row][\/et_pb_section][et_pb_section fb_built=&#8221;1&#8243; next_background_color=&#8221;#ffffff&#8221; _builder_version=&#8221;4.16&#8243; background_color=&#8221;#137a41&#8243; custom_padding=&#8221;0|0px|76.1094px|0px|false|false&#8221; bottom_divider_style=&#8221;arrow2&#8243; animation_style=&#8221;slide&#8221; animation_direction=&#8221;left&#8221; animation_duration=&#8221;1500ms&#8221; global_colors_info=&#8221;{}&#8221;][et_pb_row column_structure=&#8221;1_2,1_2&#8243; _builder_version=&#8221;4.16&#8243; custom_padding=&#8221;5px|0px|0|0px|false|false&#8221; global_colors_info=&#8221;{}&#8221;][et_pb_column type=&#8221;1_2&#8243; _builder_version=&#8221;4.16&#8243; custom_padding=&#8221;|||&#8221; global_colors_info=&#8221;{}&#8221; custom_padding__hover=&#8221;|||&#8221;][et_pb_text _builder_version=&#8221;4.27.0&#8243; _module_preset=&#8221;a7da8209-bfa4-4ddc-80f3-b4e5d9f9f940&#8243; text_text_color=&#8221;#FFFFFF&#8221; header_font_size=&#8221;40px&#8221; header_font_size_tablet=&#8221;40px&#8221; header_font_size_phone=&#8221;31px&#8221; global_colors_info=&#8221;{}&#8221;]<\/p>\n<h2>A maior cole\u00e7\u00e3o mundial de Sintomas e Doen\u00e7as<\/h2>\n<p>Acupunctura-Shen cont\u00e9m a maior cole\u00e7\u00e3o mundial de sintomas e padr\u00f5es de doen\u00e7as ocidentais com diagn\u00f3stico de MTC associado.<\/p>\n<p>Se voc\u00ea quiser saber o diagn\u00f3stico de MTC para um quadro cl\u00ednico ou sintoma particular, voc\u00ea tem a garantia de encontr\u00e1-lo aqui.<\/p>\n<p>[\/et_pb_text][\/et_pb_column][et_pb_column type=&#8221;1_2&#8243; _builder_version=&#8221;4.16&#8243; custom_padding=&#8221;|||&#8221; global_colors_info=&#8221;{}&#8221; custom_padding__hover=&#8221;|||&#8221;][et_pb_image src=&#8221;http:\/\/shen-apps.com\/wp-content\/uploads\/2022\/03\/Symptoms-PRT.png&#8221; title_text=&#8221;Symptoms-PRT&#8221; align=&#8221;center&#8221; _builder_version=&#8221;4.16&#8243; _module_preset=&#8221;default&#8221; global_colors_info=&#8221;{}&#8221;][\/et_pb_image][\/et_pb_column][\/et_pb_row][\/et_pb_section][et_pb_section fb_built=&#8221;1&#8243; next_background_color=&#8221;#e0e0e0&#8243; _builder_version=&#8221;4.16&#8243; _module_preset=&#8221;default&#8221; bottom_divider_style=&#8221;curve2&#8243; global_colors_info=&#8221;{}&#8221;][et_pb_row column_structure=&#8221;1_2,1_2&#8243; _builder_version=&#8221;4.16&#8243; _module_preset=&#8221;default&#8221; global_colors_info=&#8221;{}&#8221;][et_pb_column type=&#8221;1_2&#8243; _builder_version=&#8221;4.16&#8243; _module_preset=&#8221;default&#8221; global_colors_info=&#8221;{}&#8221;][et_pb_image src=&#8221;http:\/\/shen-apps.com\/wp-content\/uploads\/2022\/03\/TCMTheory-PRT.png&#8221; title_text=&#8221;TCMTheory-PRT&#8221; align=&#8221;center&#8221; _builder_version=&#8221;4.16&#8243; _module_preset=&#8221;default&#8221; global_colors_info=&#8221;{}&#8221;][\/et_pb_image][\/et_pb_column][et_pb_column type=&#8221;1_2&#8243; _builder_version=&#8221;4.16&#8243; _module_preset=&#8221;default&#8221; global_colors_info=&#8221;{}&#8221;][et_pb_text _builder_version=&#8221;4.27.0&#8243; _module_preset=&#8221;d1727bff-cf16-4e5d-8879-c504e014070b&#8221; header_font_size=&#8221;38px&#8221; header_font_size_tablet=&#8221;38px&#8221; header_font_size_phone=&#8221;30px&#8221; global_colors_info=&#8221;{}&#8221;]<\/p>\n<h2>Ao concentrar-se no essencial, seus estudos de MTC ser\u00e3o um sucesso!<\/h2>\n<p>Com os fundamentos da MTC no aplicativo Shen Acupuncture, voc\u00ea come\u00e7ar\u00e1 com a Medicina Tradicional Chinesa muito mais r\u00e1pido do que usando um livro de refer\u00eancia convencional.<\/p>\n<p>As dificuldades s\u00f3 v\u00eam com pacientes com problemas reais. As Funda\u00e7\u00f5es da MTC j\u00e1 est\u00e3o inclu\u00eddas na vers\u00e3o gratuita.<\/p>\n<p>[\/et_pb_text][\/et_pb_column][\/et_pb_row][\/et_pb_section][et_pb_section fb_built=&#8221;1&#8243; _builder_version=&#8221;4.16&#8243; background_color=&#8221;#e0e0e0&#8243; custom_padding=&#8221;0|0px|76.1094px|0px|false|false&#8221; animation_style=&#8221;slide&#8221; animation_direction=&#8221;right&#8221; animation_duration=&#8221;1500ms&#8221; global_colors_info=&#8221;{}&#8221;][et_pb_row _builder_version=&#8221;4.16&#8243; custom_padding=&#8221;38.0469px|0px|0|0px|false|false&#8221; global_colors_info=&#8221;{}&#8221;][et_pb_column type=&#8221;4_4&#8243; _builder_version=&#8221;4.16&#8243; custom_padding=&#8221;|||&#8221; global_colors_info=&#8221;{}&#8221; custom_padding__hover=&#8221;|||&#8221;][et_pb_text _builder_version=&#8221;4.27.0&#8243; _module_preset=&#8221;7fad7065-1385-4284-ab54-a32286194bcc&#8221; header_text_align=&#8221;center&#8221; header_text_color=&#8221;#6d6d6d&#8221; header_font_size_tablet=&#8221;44px&#8221; header_font_size_phone=&#8221;30px&#8221; global_colors_info=&#8221;{}&#8221;]<\/p>\n<h2 style=\"text-align: center;\">A Minha Base de Dados para notas, imagens, \u00e1udio e pontos de acupuntura<\/h2>\n<p style=\"text-align: center;\">Seja a tomar notas sobre pacientes, ideias de tratamento, fazer listas, imagens para diagn\u00f3sticos de l\u00edngua, \u00e1udio ou resultados de suas pesquisas de pontos \u2013 a Minha Base de Dados na aplica\u00e7\u00e3o Acupuntura- Shen armazena tudo.<\/p>\n<div class=\"su-list su-list-style-\">\n<p style=\"text-align: center;\"><i class=\"fa fa-check\"><\/i> Crie as suas pr\u00f3prias categorias para notas, pacientes, doen\u00e7as, etc.<\/p>\n<p style=\"text-align: center;\"><i class=\"fa fa-check\"><\/i> Salve qualquer texto, imagem, \u00e1udio ou pontos de acupuntura<\/p>\n<p style=\"text-align: center;\"><i class=\"fa fa-check\"><\/i> Importe combina\u00e7\u00f5es de pontos armazenadas no Meu Cesto diretamente para pacientes ou imagens de doen\u00e7as<\/p>\n<p style=\"text-align: center;\"><i class=\"fa fa-check\"><\/i> Armazene imagens para o diagn\u00f3stico da l\u00edngua do paciente<\/p>\n<p style=\"text-align: center;\"><i class=\"fa fa-check\"><\/i> <strong>N\u00e3o se preocupe com a perda de dados: <\/strong>crie um backup e pode restaurar os seus dados a qualquer momento e a partir de qualquer dispositivo. Mesmo no caso de perder ou alterar o seu smartphone!<\/p>\n<\/div>\n<p>[\/et_pb_text][\/et_pb_column][\/et_pb_row][\/et_pb_section]<\/p>\n","protected":false},"excerpt":{"rendered":"<p>Aplica\u00e7\u00e3o Acupuntura-Shen Atlas de Acupuntura \u2013 Pesquisa de Poder \u2013 Diagn\u00f3stico de MTC \u2013 Fundamentos da MTCDurante muitos s\u00e9culos, a Medicina Tradicional Chinesa \u00e9 continuamente ensinada e aplicada. N\u00e3o h\u00e1 nenhuma outra medicina que possa entender e tratar as pessoas de forma individual. N\u00f3s ajudamo-lo a dominar esta arte antiga.Descarregue a aplica\u00e7\u00e3o Acupuntura-Shen na sua [&hellip;]<\/p>\n","protected":false},"author":1,"featured_media":0,"parent":0,"menu_order":0,"comment_status":"closed","ping_status":"closed","template":"","meta":{"_et_pb_use_builder":"on","_et_pb_old_content":"","_et_gb_content_width":"","footnotes":""},"class_list":["post-1155","page","type-page","status-publish","hentry"],"aioseo_notices":[],"_links":{"self":[{"href":"https:\/\/shen-apps.com\/pt-br\/wp-json\/wp\/v2\/pages\/1155","targetHints":{"allow":["GET"]}}],"collection":[{"href":"https:\/\/shen-apps.com\/pt-br\/wp-json\/wp\/v2\/pages"}],"about":[{"href":"https:\/\/shen-apps.com\/pt-br\/wp-json\/wp\/v2\/types\/page"}],"author":[{"embeddable":true,"href":"https:\/\/shen-apps.com\/pt-br\/wp-json\/wp\/v2\/users\/1"}],"replies":[{"embeddable":true,"href":"https:\/\/shen-apps.com\/pt-br\/wp-json\/wp\/v2\/comments?post=1155"}],"version-history":[{"count":2,"href":"https:\/\/shen-apps.com\/pt-br\/wp-json\/wp\/v2\/pages\/1155\/revisions"}],"predecessor-version":[{"id":7021,"href":"https:\/\/shen-apps.com\/pt-br\/wp-json\/wp\/v2\/pages\/1155\/revisions\/7021"}],"wp:attachment":[{"href":"https:\/\/shen-apps.com\/pt-br\/wp-json\/wp\/v2\/media?parent=1155"}],"curies":[{"name":"wp","href":"https:\/\/api.w.org\/{rel}","templated":true}]}}