{"id":1566,"date":"2018-12-26T07:39:34","date_gmt":"2018-12-26T07:39:34","guid":{"rendered":"http:\/\/shen-apps.com\/privacy-policy"},"modified":"2022-02-26T09:11:12","modified_gmt":"2022-02-26T09:11:12","slug":"privacy-policy","status":"publish","type":"page","link":"https:\/\/shen-apps.com\/pt-br\/privacy-policy","title":{"rendered":"Privacy Policy"},"content":{"rendered":"<p>[et_pb_section fb_built=&#8221;1&#8243; _builder_version=&#8221;3.22&#8243; global_colors_info=&#8221;{}&#8221;][et_pb_row _builder_version=&#8221;3.25&#8243; background_size=&#8221;initial&#8221; background_position=&#8221;top_left&#8221; background_repeat=&#8221;repeat&#8221; global_colors_info=&#8221;{}&#8221;][et_pb_column type=&#8221;4_4&#8243; _builder_version=&#8221;3.25&#8243; custom_padding=&#8221;|||&#8221; global_colors_info=&#8221;{}&#8221; custom_padding__hover=&#8221;|||&#8221;][et_pb_text _builder_version=&#8221;4.14.8&#8243; header_2_font_size=&#8221;16px&#8221; header_2_line_height=&#8221;1.4em&#8221; hover_enabled=&#8221;0&#8243; global_colors_info=&#8221;{}&#8221; sticky_enabled=&#8221;0&#8243;]<\/p>\n<h1>Pol\u00edtica de Privacidade Shen-Acupuntura (\u795e\u9488\u7078)<\/h1>\n<p>N\u00e3o queremos usar seus dados sem seu consentimento, nem mostrar-lhe publicidade indesejada ou rastrear seu caminho em nossas p\u00e1ginas.<br \/>Portanto, n\u00e3o usamos o Google Analytics, nem utilizamos outros servi\u00e7os para analisar seu comportamento como visitante.<br \/>Tamb\u00e9m n\u00e3o lhe pedimos seu nome. Se voc\u00ea quiser entrar em contato conosco, tudo que voc\u00ea precisa \u00e9 seu endere\u00e7o de e-mail.<\/p>\n<h2>Desenvolvedor<\/h2>\n<p>Desenvolvedor: shen-apps (Juergen Bschaden)<br \/>Nome do aplicativo na Playstore\/Appstore: Shen-Acupunctura<br \/>Nome do aplicativo na Huawei AppGallery: \u795e\u9488\u7078<\/p>\n<h2>Boletim informativo<\/h2>\n<p>Oferecemos um boletim informativo. Este boletim informativo informa sobre os novos lan\u00e7amentos da Shen Acupuncture e outras not\u00edcias sobre Leonardo. N\u00e3o \u00e9 publicado regularmente.<br \/>Ele tamb\u00e9m cont\u00e9m um curso eletr\u00f4nico gratuito sobre Diagn\u00f3stico e Terapia Extraordin\u00e1ria de Vasos.<br \/>Voc\u00ea s\u00f3 receber\u00e1 o boletim se tiver se registrado para receb\u00ea-lo. Para este fim, \u00e9 suficiente fornecer um endere\u00e7o de e-mail v\u00e1lido.<br \/>A fim de verificar se o registro \u00e9 realmente desejado por voc\u00ea, usamos o procedimento &#8220;double-opt-in&#8221;. Neste processo, um e-mail com um link de confirma\u00e7\u00e3o \u00e9 enviado a voc\u00ea por nosso sistema. Somente quando voc\u00ea nos enviar o link de confirma\u00e7\u00e3o, voc\u00ea receber\u00e1 o boletim informativo.<br \/>Isto impede que terceiros registrem seu endere\u00e7o de e-mail conosco sem sua permiss\u00e3o.<br \/>Seu endere\u00e7o de e-mail s\u00f3 ser\u00e1 utilizado para o envio do boletim e n\u00e3o ser\u00e1 repassado a terceiros.<br \/>Voc\u00ea pode revogar seu consentimento para o armazenamento de seu endere\u00e7o de e-mail e seu uso para o envio da newsletter a qualquer momento com efeito para o futuro. Voc\u00ea encontrar\u00e1 um link correspondente em cada boletim informativo. Al\u00e9m disso, voc\u00ea pode nos notificar de sua revoga\u00e7\u00e3o usando a op\u00e7\u00e3o de contato fornecida no final desta pol\u00edtica de privacidade.<\/p>\n<h2>Formul\u00e1rio para contato<\/h2>\n<p>Ao fornecer o formul\u00e1rio de contato, gostar\u00edamos de permitir que voc\u00ea nos contate de forma descomplicada. As informa\u00e7\u00f5es que voc\u00ea nos fornecer ser\u00e3o armazenadas com a finalidade de processar sua consulta e para poss\u00edveis perguntas de acompanhamento. Para este fim, \u00e9 necess\u00e1rio apenas fornecer um endere\u00e7o de e-mail v\u00e1lido. Isto serve para a atribui\u00e7\u00e3o do pedido e para a resposta subseq\u00fcente ao mesmo. O fornecimento de outros dados \u00e9 opcional.<\/p>\n<h2>Uso do Google Analytics<\/h2>\n<p>N\u00e3o utilizamos o Google Analytics.<\/p>\n<h2>Mudan\u00e7a de nossa pol\u00edtica de privacidade<\/h2>\n<p>Reservamo-nos o direito de adaptar ocasionalmente esta declara\u00e7\u00e3o de prote\u00e7\u00e3o de dados para que ela sempre cumpra os requisitos legais atuais ou para implementar mudan\u00e7as em nossos servi\u00e7os na declara\u00e7\u00e3o de prote\u00e7\u00e3o de dados, por exemplo, ao introduzir novos servi\u00e7os. A nova declara\u00e7\u00e3o de prote\u00e7\u00e3o de dados ser\u00e1 ent\u00e3o aplicada \u00e0 sua pr\u00f3xima visita.<\/p>\n<h2>A parte respons\u00e1vel em termos das leis de prote\u00e7\u00e3o de dados \u00e9:<\/h2>\n<p>Shen-Apps (Juergen Bschaden)<br \/>Neuhoefe 4<br \/>Marburg, 35041<br \/>Alemanha<br \/>j.bschaden@shen-apps.com<\/p>\n<p>&nbsp;<\/p>\n<h1>Termos e condi\u00e7\u00f5es<\/h1>\n<p>Ao baixar ou usar o aplicativo, estes termos se aplicar\u00e3o automaticamente a voc\u00ea &#8211; voc\u00ea deve certificar-se, portanto, de l\u00ea-los cuidadosamente antes de usar o aplicativo. Voc\u00ea n\u00e3o est\u00e1 autorizado a copiar, ou modificar o aplicativo, qualquer parte do aplicativo, ou nossas marcas registradas de qualquer forma. Voc\u00ea n\u00e3o est\u00e1 autorizado a tentar extrair o c\u00f3digo fonte do aplicativo e tamb\u00e9m n\u00e3o deve tentar traduzir o aplicativo para outros idiomas, ou fazer vers\u00f5es derivadas. O aplicativo em si e todas as marcas registradas, direitos autorais, direitos de banco de dados e outros direitos de propriedade intelectual relacionados a ele, ainda pertencem a Shen-Apps.<br \/>Shen-Apps est\u00e1 empenhado em assegurar que o aplicativo seja o mais \u00fatil e eficiente poss\u00edvel. Por esta raz\u00e3o, nos reservamos o direito de fazer altera\u00e7\u00f5es no aplicativo ou cobrar por seus servi\u00e7os, a qualquer momento e por qualquer raz\u00e3o. Nunca cobraremos pelo aplicativo ou por seus servi\u00e7os sem deixar muito claro para voc\u00ea exatamente o que est\u00e1 pagando.<br \/>O aplicativo Shen-Acupuncture armazena e processa os dados pessoais que voc\u00ea nos forneceu, a fim de fornecer nosso servi\u00e7o. \u00c9 de sua responsabilidade manter seu telefone e acesso ao aplicativo seguros. Recomendamos, portanto, que voc\u00ea n\u00e3o quebre a pris\u00e3o nem crie ra\u00edzes em seu telefone, que \u00e9 o processo de remo\u00e7\u00e3o das restri\u00e7\u00f5es e limita\u00e7\u00f5es de software impostas pelo sistema operacional oficial de seu dispositivo. Isso pode tornar seu telefone vulner\u00e1vel a malware\/v\u00edrus\/ programas maliciosos, comprometer os recursos de seguran\u00e7a de seu telefone e pode significar que o aplicativo Shen-Acupuncture n\u00e3o funcionar\u00e1 corretamente ou n\u00e3o funcionar\u00e1 de forma alguma.<br \/>Voc\u00ea deve estar ciente de que h\u00e1 certas coisas pelas quais o Shen-Apps n\u00e3o assumir\u00e1 responsabilidade. Certas fun\u00e7\u00f5es do aplicativo exigir\u00e3o que o aplicativo tenha uma conex\u00e3o ativa com a Internet. A conex\u00e3o pode ser Wi-Fi, ou fornecida por seu provedor de rede m\u00f3vel, mas Shen-Apps n\u00e3o pode assumir a responsabilidade pelo aplicativo n\u00e3o funcionar em plena funcionalidade se voc\u00ea n\u00e3o tiver acesso a Wi-Fi, e n\u00e3o tiver nenhuma de suas licen\u00e7as de dados restantes.<br \/>Se voc\u00ea estiver usando o aplicativo fora de uma \u00e1rea com Wi-Fi, voc\u00ea deve se lembrar que seus termos do acordo com seu provedor de rede m\u00f3vel ainda ser\u00e3o aplic\u00e1veis. Como resultado, voc\u00ea poder\u00e1 ser cobrado por seu provedor m\u00f3vel pelo custo de dados durante a dura\u00e7\u00e3o da conex\u00e3o enquanto estiver acessando o aplicativo, ou outras cobran\u00e7as de terceiros. Ao utilizar o aplicativo, voc\u00ea est\u00e1 aceitando a responsabilidade por tais tarifas, incluindo tarifas de roaming de dados se utilizar o aplicativo fora de seu territ\u00f3rio (isto \u00e9, regi\u00e3o ou pa\u00eds) sem desligar o roaming de dados. Se voc\u00ea n\u00e3o for o pagador da conta do aparelho no qual est\u00e1 usando o aplicativo, esteja ciente de que assumimos que voc\u00ea recebeu permiss\u00e3o do pagador da conta para usar o aplicativo.<br \/>Da mesma forma, Shen-Apps nem sempre pode assumir a responsabilidade pela maneira como voc\u00ea usa o aplicativo, ou seja, voc\u00ea precisa ter certeza de que seu dispositivo permanecer\u00e1 carregado &#8211; se ele ficar sem bateria e voc\u00ea n\u00e3o puder lig\u00e1-lo para aproveitar o Servi\u00e7o, Shen-Apps n\u00e3o pode aceitar a responsabilidade<br \/>Com rela\u00e7\u00e3o \u00e0 responsabilidade de Shen-Apps pelo seu uso do aplicativo, quando voc\u00ea estiver usando o aplicativo, \u00e9 importante ter em mente que, embora nos esforcemos para garantir que ele esteja sempre atualizado e correto, dependemos de terceiros para nos fornecer informa\u00e7\u00f5es para que possamos disponibiliz\u00e1-las a voc\u00ea. Shen-Apps n\u00e3o aceita qualquer responsabilidade por qualquer perda, direta ou indireta, que o cliente experimente como resultado de confiar totalmente nesta funcionalidade do aplicativo.<br \/>Em algum momento, podemos desejar atualizar o aplicativo. O aplicativo est\u00e1 atualmente dispon\u00edvel no Android e iOS &#8211; os requisitos para ambos os sistemas (e para quaisquer sistemas adicionais aos quais decidimos estender a disponibilidade do aplicativo) podem mudar, e voc\u00ea precisar\u00e1 baixar as atualiza\u00e7\u00f5es se quiser continuar usando o aplicativo. Shen-Apps n\u00e3o promete que sempre atualizar\u00e1 o aplicativo para que ele seja relevante para voc\u00ea e\/ou funcione com a vers\u00e3o iOS\/Android que voc\u00ea tem instalada em seu dispositivo.<br \/>Podemos tamb\u00e9m ter que parar de fornecer o aplicativo (por exemplo, por raz\u00f5es pessoais, de sa\u00fade pr\u00f3pria ou outros desastres). A menos que lhe digamos o contr\u00e1rio, ap\u00f3s qualquer rescis\u00e3o, (a) os direitos e licen\u00e7as concedidos a voc\u00ea nestes termos cessar\u00e3o.<\/p>\n<h2>Altera\u00e7\u00f5es a estes Termos e Condi\u00e7\u00f5es<\/h2>\n<p>Podemos atualizar nossos Termos e Condi\u00e7\u00f5es de tempos em tempos. Assim, voc\u00ea \u00e9 aconselhado a revisar esta p\u00e1gina periodicamente para quaisquer altera\u00e7\u00f5es. Notificaremos voc\u00ea sobre quaisquer mudan\u00e7as, colocando os novos Termos e Condi\u00e7\u00f5es nesta p\u00e1gina. Estas altera\u00e7\u00f5es entram em vigor imediatamente ap\u00f3s serem postadas nesta p\u00e1gina.<\/p>\n<h2>Entre em contato conosco<\/h2>\n<p>Se voc\u00ea tiver alguma d\u00favida ou sugest\u00e3o sobre nossos Termos e Condi\u00e7\u00f5es, n\u00e3o hesite em entrar em contato conosco.<\/p>\n<p>&nbsp;<\/p>\n<p>[\/et_pb_text][\/et_pb_column][\/et_pb_row][\/et_pb_section]<\/p>\n","protected":false},"excerpt":{"rendered":"<p>Pol\u00edtica de Privacidade Shen-Acupuntura (\u795e\u9488\u7078) N\u00e3o queremos usar seus dados sem seu consentimento, nem mostrar-lhe publicidade indesejada ou rastrear seu caminho em nossas p\u00e1ginas.Portanto, n\u00e3o usamos o Google Analytics, nem utilizamos outros servi\u00e7os para analisar seu comportamento como visitante.Tamb\u00e9m n\u00e3o lhe pedimos seu nome. Se voc\u00ea quiser entrar em contato conosco, tudo que voc\u00ea precisa [&hellip;]<\/p>\n","protected":false},"author":1,"featured_media":0,"parent":0,"menu_order":0,"comment_status":"closed","ping_status":"closed","template":"","meta":{"_et_pb_use_builder":"on","_et_pb_old_content":"","_et_gb_content_width":"","footnotes":""},"class_list":["post-1566","page","type-page","status-publish","hentry"],"aioseo_notices":[],"_links":{"self":[{"href":"https:\/\/shen-apps.com\/pt-br\/wp-json\/wp\/v2\/pages\/1566","targetHints":{"allow":["GET"]}}],"collection":[{"href":"https:\/\/shen-apps.com\/pt-br\/wp-json\/wp\/v2\/pages"}],"about":[{"href":"https:\/\/shen-apps.com\/pt-br\/wp-json\/wp\/v2\/types\/page"}],"author":[{"embeddable":true,"href":"https:\/\/shen-apps.com\/pt-br\/wp-json\/wp\/v2\/users\/1"}],"replies":[{"embeddable":true,"href":"https:\/\/shen-apps.com\/pt-br\/wp-json\/wp\/v2\/comments?post=1566"}],"version-history":[{"count":0,"href":"https:\/\/shen-apps.com\/pt-br\/wp-json\/wp\/v2\/pages\/1566\/revisions"}],"wp:attachment":[{"href":"https:\/\/shen-apps.com\/pt-br\/wp-json\/wp\/v2\/media?parent=1566"}],"curies":[{"name":"wp","href":"https:\/\/api.w.org\/{rel}","templated":true}]}}