{"id":1585,"date":"2018-12-21T07:40:07","date_gmt":"2018-12-21T07:40:07","guid":{"rendered":"http:\/\/shen-apps.com\/shen-newsletter"},"modified":"2019-01-25T12:03:02","modified_gmt":"2019-01-25T12:03:02","slug":"shen-newsletter","status":"publish","type":"page","link":"https:\/\/shen-apps.com\/pt-br\/shen-newsletter","title":{"rendered":"Shen-Newsletter"},"content":{"rendered":"<p>[et_pb_section bb_built=&#8221;1&#8243; _builder_version=&#8221;3.19&#8243; background_color=&#8221;#e5e5e5&#8243; custom_padding=&#8221;0|0px|0|0px|false|false&#8221; next_background_color=&#8221;rgba(252,150,60,0.92)&#8221;][et_pb_row custom_padding=&#8221;1px|0px|0|0px|false|false&#8221; _builder_version=&#8221;3.19&#8243; background_size=&#8221;initial&#8221; background_position=&#8221;top_left&#8221; background_repeat=&#8221;repeat&#8221;][et_pb_column type=&#8221;4_4&#8243;][et_pb_text admin_label=&#8221;Register your download&#8221; _builder_version=&#8221;3.19.8&#8243; text_text_color=&#8221;#000000&#8243; text_line_height=&#8221;1.9em&#8221; border_radii=&#8221;on|10px|10px|10px|10px&#8221; border_color_all=&#8221;#e2e2e2&#8243; max_width=&#8221;90%&#8221; module_alignment=&#8221;center&#8221; custom_padding=&#8221;22px|22px|22px|22px|true&#8221; hover_enabled=&#8221;0&#8243; header_font_size_last_edited=&#8221;on|phone&#8221; header_font_size_tablet=&#8221;24px&#8221;]<\/p>\n<h1 style=\"text-align: center;\">Boletim de Not\u00edcias &#8211; Shen<\/h1>\n<p style=\"text-align: center;\"><strong>Com e-curso Qi Jing Ba Mai\u00a0gr\u00e1tis<\/strong><\/p>\n<p style=\"text-align: center;\">Exemplo de Yin Wei Mai: A S\u00edndrome do Escaleno. Exemplo de Dai Mai: Diferen\u00e7a no Comprimento das Pernas<\/p>\n<p style=\"text-align: center;\">Al\u00e9m disso, informamos sobre as atualiza\u00e7\u00f5es do Shen-Acupuncture.<\/p>\n<p>[\/et_pb_text][\/et_pb_column][\/et_pb_row][\/et_pb_section][et_pb_section bb_built=&#8221;1&#8243; prev_background_color=&#8221;#e5e5e5&#8243; _builder_version=&#8221;3.19&#8243; background_color=&#8221;rgba(252,150,60,0.92)&#8221; custom_padding=&#8221;0|0px|35px|0px|false|false&#8221; top_divider_style=&#8221;triangle&#8221; top_divider_flip=&#8221;vertical&#8221; top_divider_height=&#8221;50px&#8221;][et_pb_row custom_padding=&#8221;64px|0px|0|0px|false|false&#8221; _builder_version=&#8221;3.19&#8243; background_size=&#8221;initial&#8221; background_position=&#8221;top_left&#8221; background_repeat=&#8221;repeat&#8221;][et_pb_column type=&#8221;4_4&#8243;][et_pb_text admin_label=&#8221;Arigato Form&#8221; _builder_version=&#8221;3.19.9&#8243; text_text_color=&#8221;#898989&#8243; text_line_height=&#8221;1.9em&#8221; background_color=&#8221;rgba(226,226,226,0.89)&#8221; border_radii=&#8221;on|10px|10px|10px|10px&#8221; border_width_all=&#8221;3px&#8221; border_color_all=&#8221;#e2e2e2&#8243; max_width=&#8221;90%&#8221; module_alignment=&#8221;center&#8221; custom_padding=&#8221;22px|22px|22px|22px|true&#8221; header_text_color=&#8221;#6d6d6d&#8221; header_font_size=&#8221;18px&#8221; text_font=&#8221;|600|||||||&#8221;]<\/p>\n<p style=\"text-align: center;\"><div class=\"et_bloom_inline_form et_bloom_optin et_bloom_make_form_visible et_bloom_optin_5\" style=\"display: none;\">\n\t\t\t\t<style type=\"text\/css\">.et_bloom .et_bloom_optin_5 .et_bloom_form_content { background-color: #d3d4cd !important; } .et_bloom .et_bloom_optin_5 .et_bloom_form_container .et_bloom_form_header { background-color: #eff2e9 !important; } .et_bloom .et_bloom_optin_5 .carrot_edge .et_bloom_form_content:before { border-top-color: #eff2e9 !important; } .et_bloom .et_bloom_optin_5 .carrot_edge.et_bloom_form_right .et_bloom_form_content:before, .et_bloom .et_bloom_optin_5 .carrot_edge.et_bloom_form_left .et_bloom_form_content:before { border-top-color: transparent !important; border-left-color: #eff2e9 !important; }\n\t\t\t\t\t\t@media only screen and ( max-width: 767px ) {.et_bloom .et_bloom_optin_5 .carrot_edge.et_bloom_form_right .et_bloom_form_content:before { border-top-color: #eff2e9 !important; border-left-color: transparent !important; }.et_bloom .et_bloom_optin_5 .carrot_edge.et_bloom_form_left .et_bloom_form_content:after { border-bottom-color: #eff2e9 !important; border-left-color: transparent !important; }\n\t\t\t\t\t\t}.et_bloom .et_bloom_optin_5 .et_bloom_form_container { background-color: #eff2e9 !important; } .et_bloom .et_bloom_optin_5 .et_bloom_form_content button { background-color: #e85a34 !important; } .et_bloom .et_bloom_optin_5 .et_bloom_form_content .et_bloom_fields i { color: #e85a34 !important; } .et_bloom .et_bloom_optin_5 .et_bloom_form_content .et_bloom_custom_field_radio i:before { background: #e85a34 !important; } .et_bloom .et_bloom_optin_5 .et_bloom_border_dashed .et_bloom_form_container_wrapper { border-color: #f58345 !important } .et_bloom .et_bloom_optin_5 .et_bloom_form_content button { background-color: #e85a34 !important; } .et_bloom .et_bloom_optin_5 .et_bloom_form_container h2, .et_bloom .et_bloom_optin_5 .et_bloom_form_container h2 span, .et_bloom .et_bloom_optin_5 .et_bloom_form_container h2 strong { font-family: \"Open Sans\", Helvetica, Arial, Lucida, sans-serif; }.et_bloom .et_bloom_optin_5 .et_bloom_form_container p, .et_bloom .et_bloom_optin_5 .et_bloom_form_container p span, .et_bloom .et_bloom_optin_5 .et_bloom_form_container p strong, .et_bloom .et_bloom_optin_5 .et_bloom_form_container form input, .et_bloom .et_bloom_optin_5 .et_bloom_form_container form button span { font-family: \"Open Sans\", Helvetica, Arial, Lucida, sans-serif; } <\/style>\n\t\t\t\t<div class=\"et_bloom_form_container  with_edge carrot_edge et_bloom_border_dashed et_bloom_border_position_top et_bloom_rounded et_bloom_form_text_dark et_bloom_form_bottom et_bloom_inline_1_field\">\n\t\t\t\t\t\n\t\t\t<div class=\"et_bloom_form_container_wrapper clearfix\">\n\t\t\t\t<div class=\"et_bloom_header_outer\">\n\t\t\t\t\t<div class=\"et_bloom_form_header split et_bloom_header_text_dark\">\n\t\t\t\t\t\t<img loading=\"lazy\" decoding=\"async\" width=\"610\" height=\"440\" src=\"https:\/\/shen-apps.com\/wp-content\/uploads\/2018\/12\/Dai_Palp-610x440.jpg\" class=\" et_bloom_image_slideup et_bloom_image\" alt=\"\" srcset=\"https:\/\/shen-apps.com\/wp-content\/uploads\/2018\/12\/Dai_Palp-610x440.jpg 610w, https:\/\/shen-apps.com\/wp-content\/uploads\/2018\/12\/Dai_Palp-300x217.jpg 300w, https:\/\/shen-apps.com\/wp-content\/uploads\/2018\/12\/Dai_Palp.jpg 629w\" sizes=\"(max-width: 610px) 100vw, 610px\" \/>\n\t\t\t\t\t\t<div class=\"et_bloom_form_text\">\n\t\t\t\t\t\t<h1 style=\"text-align: center;\">Boletim de Not\u00edcias-Shen!<\/h1><p style=\"text-align: center;\">\u00a0<\/p>\r\n<p style=\"text-align: center;\"><strong>NOVO: Qi Jing Ba Mai - Palpa\u00e7\u00e3o com imagens!<\/strong><\/p>\r\n<p style=\"text-align: center;\">Digite seu endere\u00e7o de e-mail e clique em \"Enviar\".<\/p>\n\t\t\t\t\t<\/div>\n\t\t\t\t\t\t\n\t\t\t\t\t<\/div>\n\t\t\t\t<\/div>\n\t\t\t\t<div class=\"et_bloom_form_content et_bloom_1_field et_bloom_bottom_inline et_bloom_custom_html_form\" data-optin_id=\"optin_5\" data-service=\"custom_form\" data-list_id=\"custom_form\" data-page_id=\"1585\" data-account=\"custom_form\">\n\t\t\t\t\t<script type=\"text\/javascript\">\r\nfunction validateBFTProUser(frm, requireName) {\r\n\trequireName = requireName || false;\r\n\t\r\n\tif(requireName && frm.bftpro_name.value==\"\") {\r\n\t\talert(\"Please provide name\");\r\n\t\tfrm.bftpro_name.focus();\r\n\t\treturn false;\r\n\t}\r\n\t\r\n\tif(frm.email.value==\"\" || frm.email.value.indexOf(\"@\")<1 || frm.email.value.indexOf(\".\")<1) {\r\n\t\talert(\"Por favor, forne\u00e7a um endere\u00e7o de e-mail v\u00e1lido\");\r\n\t\tfrm.email.focus();\r\n\t\treturn false;\r\n\t}\r\n\t\r\n\t\/\/ check custom fields\r\n\tvar req_cnt = frm.elements[\"required_fields[]\"].length; \/\/ there's always at least 1\r\n\tif(req_cnt > 1) {\r\n\t\tfor(i = 0; i<req_cnt; i++) {\r\n\t\t\tvar fieldName = frm.elements[\"required_fields[]\"][i].value;\r\n\t\t\tif(fieldName !='') {\r\n\t\t\t\tvar isFilled = false;\r\n\t\t\t\t\/\/ ignore radios\r\n\t\t\t\tif(frm.elements[fieldName].type == 'radio') continue;\r\n\t\t\t\t\r\n\t\t\t\t\/\/ checkbox\r\n\t\t\t\tif(frm.elements[fieldName].type == 'checkbox' && !frm.elements[fieldName].checked) {\r\n\t\t\t\t\talert(\"This field is required\");\r\n\t\t\t\t\tfrm.elements[fieldName].focus();\r\n\t\t\t\t\treturn false;\r\n\t\t\t\t}\t\t\r\n\t\t\t\t\r\n\t\t\t\t\/\/ all other fields\r\n\t\t\t\tif(frm.elements[fieldName].value==\"\") {\r\n\t\t\t\t\talert(\"This field is required\");\r\n\t\t\t\t\tfrm.elements[fieldName].focus();\r\n\t\t\t\t\treturn false;\r\n\t\t\t\t}\r\n\t\t\t}\r\n\t\t}\r\n\t}\r\n\t\t\r\n\treturn true;\r\n}\r\n<\/script>\r\n\r\n<form method=\"post\" enctype=\"multipart\/form-data\" onsubmit=\"return validateBFTProUser(this,false);\" action=\"https:\/\/shen-apps.com\/\" style=\"\">\r\n\t\t<fieldset>\r\n\t\t<div style=\"display: block; margin: 0.5rem auto;\"><input type=\"text\" name=\"email\" value=\"\" placeholder=\"Email\">\r\n\t\t<\/div>\r\n<input type='hidden' name='required_fields[]' value='email'>\t\t\t<div style=\"display: block; margin: 0.5rem auto;\">\t\t\t\r\n\t\t\t\t\r\n\t\t\r\n\t\t\t\t\r\n\r\n\t\t\t\r\n\t\t\t\r\n\t\r\n\t<div style=\"display: block; margin: 1rem auto;\">\r\n\t\t\t\t\t<input type=\"submit\" value=\"Enviar\" style=\"color:white;background-color:#f58345;\">\r\n\t\t\t\t\r\n\t<\/div>\r\n\t<\/fieldset>\r\n\t<input type=\"hidden\" name=\"bftpro_subscribe\" value=\"1\">\r\n\t\t\t<input type=\"hidden\" name=\"list_id\" value=\"6\">\r\n\t\t\r\n\t<input type=\"hidden\" name=\"required_fields[]\" value=\"\">\r\n\t\r\n\t\t<\/form>\n\t\t\t\t\t<div class=\"et_bloom_success_container\">\n\t\t\t\t\t\t<span class=\"et_bloom_success_checkmark\"><\/span>\n\t\t\t\t\t<\/div>\n\t\t\t\t\t<h2 class=\"et_bloom_success_message\">You have Successfully Subscribed!<\/h2>\n\t\t\t\t\t<div class=\"et_bloom_form_footer\"><p style=\"text-align: center;\"><span style=\"font-family: Arial; font-size: 12px;\">Respeitamos a sua privacidade!<\/span><\/p><\/div>\n\t\t\t\t<\/div>\n\t\t\t<\/div>\n\t\t\t<span class=\"et_bloom_close_button\"><\/span>\n\t\t\t\t<\/div>\n\t\t\t<\/div><\/p>\n<p>[\/et_pb_text][\/et_pb_column][\/et_pb_row][\/et_pb_section]<\/p>\n","protected":false},"excerpt":{"rendered":"<p>Boletim de Not\u00edcias &#8211; Shen Com e-curso Qi Jing Ba Mai\u00a0gr\u00e1tis Exemplo de Yin Wei Mai: A S\u00edndrome do Escaleno. Exemplo de Dai Mai: Diferen\u00e7a no Comprimento das Pernas Al\u00e9m disso, informamos sobre as atualiza\u00e7\u00f5es do Shen-Acupuncture. <div class=\"et_bloom_inline_form et_bloom_optin et_bloom_make_form_visible et_bloom_optin_5\" style=\"display: none;\">\n\t\t\t\t<style type=\"text\/css\">.et_bloom .et_bloom_optin_5 .et_bloom_form_content { background-color: #d3d4cd !important; } .et_bloom .et_bloom_optin_5 .et_bloom_form_container .et_bloom_form_header { background-color: #eff2e9 !important; } .et_bloom .et_bloom_optin_5 .carrot_edge .et_bloom_form_content:before { border-top-color: #eff2e9 !important; } .et_bloom .et_bloom_optin_5 .carrot_edge.et_bloom_form_right .et_bloom_form_content:before, .et_bloom .et_bloom_optin_5 .carrot_edge.et_bloom_form_left .et_bloom_form_content:before { border-top-color: transparent !important; border-left-color: #eff2e9 !important; }\n\t\t\t\t\t\t@media only screen and ( max-width: 767px ) {.et_bloom .et_bloom_optin_5 .carrot_edge.et_bloom_form_right .et_bloom_form_content:before { border-top-color: #eff2e9 !important; border-left-color: transparent !important; }.et_bloom .et_bloom_optin_5 .carrot_edge.et_bloom_form_left .et_bloom_form_content:after { border-bottom-color: #eff2e9 !important; border-left-color: transparent !important; }\n\t\t\t\t\t\t}.et_bloom .et_bloom_optin_5 .et_bloom_form_container { background-color: #eff2e9 !important; } .et_bloom .et_bloom_optin_5 .et_bloom_form_content button { background-color: #e85a34 !important; } .et_bloom .et_bloom_optin_5 .et_bloom_form_content .et_bloom_fields i { color: #e85a34 !important; } .et_bloom .et_bloom_optin_5 .et_bloom_form_content .et_bloom_custom_field_radio i:before { background: #e85a34 !important; } .et_bloom .et_bloom_optin_5 .et_bloom_border_dashed .et_bloom_form_container_wrapper { border-color: #f58345 !important } .et_bloom .et_bloom_optin_5 .et_bloom_form_content button { background-color: #e85a34 !important; } .et_bloom .et_bloom_optin_5 .et_bloom_form_container h2, .et_bloom .et_bloom_optin_5 .et_bloom_form_container h2 span, .et_bloom .et_bloom_optin_5 .et_bloom_form_container h2 strong { font-family: \"Open Sans\", Helvetica, Arial, Lucida, sans-serif; }.et_bloom .et_bloom_optin_5 .et_bloom_form_container p, .et_bloom .et_bloom_optin_5 .et_bloom_form_container p span, .et_bloom .et_bloom_optin_5 .et_bloom_form_container p strong, .et_bloom .et_bloom_optin_5 .et_bloom_form_container form input, .et_bloom .et_bloom_optin_5 .et_bloom_form_container form button span { font-family: \"Open Sans\", Helvetica, Arial, Lucida, sans-serif; } <\/style>\n\t\t\t\t<div class=\"et_bloom_form_container  with_edge carrot_edge et_bloom_border_dashed et_bloom_border_position_top et_bloom_rounded et_bloom_form_text_dark et_bloom_form_bottom et_bloom_inline_1_field\">\n\t\t\t\t\t\n\t\t\t<div class=\"et_bloom_form_container_wrapper clearfix\">\n\t\t\t\t<div class=\"et_bloom_header_outer\">\n\t\t\t\t\t<div class=\"et_bloom_form_header split et_bloom_header_text_dark\">\n\t\t\t\t\t\t<img width=\"610\" height=\"440\" src=\"https:\/\/shen-apps.com\/wp-content\/uploads\/2018\/12\/Dai_Palp-610x440.jpg\" class=\" et_bloom_image_slideup et_bloom_image\" alt=\"\" decoding=\"async\" loading=\"lazy\" srcset=\"https:\/\/shen-apps.com\/wp-content\/uploads\/2018\/12\/Dai_Palp-610x440.jpg 610w, https:\/\/shen-apps.com\/wp-content\/uploads\/2018\/12\/Dai_Palp-300x217.jpg 300w, https:\/\/shen-apps.com\/wp-content\/uploads\/2018\/12\/Dai_Palp.jpg 629w\" sizes=\"(max-width: 610px) 100vw, 610px\" \/>\n\t\t\t\t\t\t<div class=\"et_bloom_form_text\">\n\t\t\t\t\t\t<h1 style=\"text-align: center;\">Boletim de Not\u00edcias-Shen!<\/h1><p style=\"text-align: center;\">\u00a0<\/p>\r\n<p style=\"text-align: center;\"><strong>NOVO: Qi Jing Ba Mai - Palpa\u00e7\u00e3o com imagens!<\/strong><\/p>\r\n<p style=\"text-align: center;\">Digite seu endere\u00e7o de e-mail e clique em \"Enviar\".<\/p>\n\t\t\t\t\t<\/div>\n\t\t\t\t\t\t\n\t\t\t\t\t<\/div>\n\t\t\t\t<\/div>\n\t\t\t\t<div class=\"et_bloom_form_content et_bloom_1_field et_bloom_bottom_inline et_bloom_custom_html_form\" data-optin_id=\"optin_5\" data-service=\"custom_form\" data-list_id=\"custom_form\" data-page_id=\"1585\" data-account=\"custom_form\">\n\t\t\t\t\t<script type=\"text\/javascript\">\r\nfunction validateBFTProUser(frm, requireName) {\r\n\trequireName = requireName || false;\r\n\t\r\n\tif(requireName && frm.bftpro_name.value==\"\") {\r\n\t\talert(\"Please provide name\");\r\n\t\tfrm.bftpro_name.focus();\r\n\t\treturn false;\r\n\t}\r\n\t\r\n\tif(frm.email.value==\"\" || frm.email.value.indexOf(\"@\")<1 || frm.email.value.indexOf(\".\")<1) {\r\n\t\talert(\"Por favor, forne\u00e7a um endere\u00e7o de e-mail v\u00e1lido\");\r\n\t\tfrm.email.focus();\r\n\t\treturn false;\r\n\t}\r\n\t\r\n\t\/\/ check custom fields\r\n\tvar req_cnt = frm.elements[\"required_fields[]\"].length; \/\/ there's always at least 1\r\n\tif(req_cnt > 1) {\r\n\t\tfor(i = 0; i<req_cnt; i++) {\r\n\t\t\tvar fieldName = frm.elements[\"required_fields[]\"][i].value;\r\n\t\t\tif(fieldName !='') {\r\n\t\t\t\tvar isFilled = false;\r\n\t\t\t\t\/\/ ignore radios\r\n\t\t\t\tif(frm.elements[fieldName].type == 'radio') continue;\r\n\t\t\t\t\r\n\t\t\t\t\/\/ checkbox\r\n\t\t\t\tif(frm.elements[fieldName].type == 'checkbox' && !frm.elements[fieldName].checked) {\r\n\t\t\t\t\talert(\"This field is required\");\r\n\t\t\t\t\tfrm.elements[fieldName].focus();\r\n\t\t\t\t\treturn false;\r\n\t\t\t\t}\t\t\r\n\t\t\t\t\r\n\t\t\t\t\/\/ all other fields\r\n\t\t\t\tif(frm.elements[fieldName].value==\"\") {\r\n\t\t\t\t\talert(\"This field is required\");\r\n\t\t\t\t\tfrm.elements[fieldName].focus();\r\n\t\t\t\t\treturn false;\r\n\t\t\t\t}\r\n\t\t\t}\r\n\t\t}\r\n\t}\r\n\t\t\r\n\treturn true;\r\n}\r\n<\/script>\r\n\r\n<form method=\"post\" enctype=\"multipart\/form-data\" onsubmit=\"return validateBFTProUser(this,false);\" action=\"https:\/\/shen-apps.com\/\" style=\"\">\r\n\t\t<fieldset>\r\n\t\t<div style=\"display: block; margin: 0.5rem auto;\"><input type=\"text\" name=\"email\" value=\"\" placeholder=\"Email\">\r\n\t\t<\/div>\r\n<input type='hidden' name='required_fields[]' value='email'>\t\t\t<div style=\"display: block; margin: 0.5rem auto;\">\t\t\t\r\n\t\t\t\t\r\n\t\t\r\n\t\t\t\t\r\n\r\n\t\t\t\r\n\t\t\t\r\n\t\r\n\t<div style=\"display: block; margin: 1rem auto;\">\r\n\t\t\t\t\t<input type=\"submit\" value=\"Enviar\" style=\"color:white;background-color:#f58345;\">\r\n\t\t\t\t\r\n\t<\/div>\r\n\t<\/fieldset>\r\n\t<input type=\"hidden\" name=\"bftpro_subscribe\" value=\"1\">\r\n\t\t\t<input type=\"hidden\" name=\"list_id\" value=\"6\">\r\n\t\t\r\n\t<input type=\"hidden\" name=\"required_fields[]\" value=\"\">\r\n\t\r\n\t\t<\/form>\n\t\t\t\t\t<div class=\"et_bloom_success_container\">\n\t\t\t\t\t\t<span class=\"et_bloom_success_checkmark\"><\/span>\n\t\t\t\t\t<\/div>\n\t\t\t\t\t<h2 class=\"et_bloom_success_message\">You have Successfully Subscribed!<\/h2>\n\t\t\t\t\t<div class=\"et_bloom_form_footer\"><p style=\"text-align: center;\"><span style=\"font-family: Arial; font-size: 12px;\">Respeitamos a sua privacidade!<\/span><\/p><\/div>\n\t\t\t\t<\/div>\n\t\t\t<\/div>\n\t\t\t<span class=\"et_bloom_close_button\"><\/span>\n\t\t\t\t<\/div>\n\t\t\t<\/div><\/p>\n","protected":false},"author":1,"featured_media":0,"parent":0,"menu_order":0,"comment_status":"closed","ping_status":"closed","template":"page-template-fullwidth.php","meta":{"_et_pb_use_builder":"on","_et_pb_old_content":"<p>[newsletter_signup]Signup for the newsletter[newsletter_signup_form id=1][\/newsletter_signup][newsletter_confirm]Thanks for your interest![\/newsletter_confirm][newsletter_unsubscribe]Do you really want to unsubscribe?[\/newsletter_unsubscribe]<\/p>","_et_gb_content_width":"","footnotes":""},"class_list":["post-1585","page","type-page","status-publish","hentry"],"aioseo_notices":[],"_links":{"self":[{"href":"https:\/\/shen-apps.com\/pt-br\/wp-json\/wp\/v2\/pages\/1585","targetHints":{"allow":["GET"]}}],"collection":[{"href":"https:\/\/shen-apps.com\/pt-br\/wp-json\/wp\/v2\/pages"}],"about":[{"href":"https:\/\/shen-apps.com\/pt-br\/wp-json\/wp\/v2\/types\/page"}],"author":[{"embeddable":true,"href":"https:\/\/shen-apps.com\/pt-br\/wp-json\/wp\/v2\/users\/1"}],"replies":[{"embeddable":true,"href":"https:\/\/shen-apps.com\/pt-br\/wp-json\/wp\/v2\/comments?post=1585"}],"version-history":[{"count":0,"href":"https:\/\/shen-apps.com\/pt-br\/wp-json\/wp\/v2\/pages\/1585\/revisions"}],"wp:attachment":[{"href":"https:\/\/shen-apps.com\/pt-br\/wp-json\/wp\/v2\/media?parent=1585"}],"curies":[{"name":"wp","href":"https:\/\/api.w.org\/{rel}","templated":true}]}}