{"id":7202,"date":"2018-12-17T07:56:04","date_gmt":"2018-12-17T07:56:04","guid":{"rendered":"https:\/\/shen-apps.com\/50-2"},"modified":"2026-04-14T06:57:30","modified_gmt":"2026-04-14T06:57:30","slug":"50-2","status":"publish","type":"page","link":"https:\/\/shen-apps.com\/tr","title":{"rendered":"Ana Sayfa"},"content":{"rendered":"<p>[et_pb_section fb_built=&#8221;1&#8243; _builder_version=&#8221;4.20.1&#8243; background_color=&#8221;#efefef&#8221; custom_padding=&#8221;1px|0px|3px|0px|false|false&#8221; top_divider_style=&#8221;triangle&#8221; top_divider_color=&#8221;#686868&#8243; top_divider_height=&#8221;42px&#8221; top_divider_flip=&#8221;vertical&#8221; animation_style=&#8221;fade&#8221; animation_duration=&#8221;1400ms&#8221; global_colors_info=&#8221;{}&#8221;][et_pb_row module_class=&#8221; et_pb_row_fullwidth&#8221; _builder_version=&#8221;4.16&#8243; width=&#8221;89%&#8221; width_tablet=&#8221;80%&#8221; width_phone=&#8221;&#8221; width_last_edited=&#8221;on|desktop&#8221; max_width=&#8221;89%&#8221; max_width_tablet=&#8221;80%&#8221; max_width_phone=&#8221;&#8221; max_width_last_edited=&#8221;on|desktop&#8221; custom_padding=&#8221;58px|0px|12px|0px|false|false&#8221; make_fullwidth=&#8221;on&#8221; global_colors_info=&#8221;{}&#8221;][et_pb_column type=&#8221;4_4&#8243; _builder_version=&#8221;4.16&#8243; custom_padding=&#8221;|||&#8221; global_colors_info=&#8221;{}&#8221; custom_padding__hover=&#8221;|||&#8221;][et_pb_text _builder_version=&#8221;4.27.6&#8243; _module_preset=&#8221;c1f0b0df-a252-44db-b59f-4c29c45506ae&#8221; text_font=&#8221;|700|||||||&#8221; text_font_size=&#8221;25px&#8221; custom_margin=&#8221;||8px|||&#8221; custom_padding=&#8221;||26px|||&#8221; hover_enabled=&#8221;0&#8243; text_font_size_phone=&#8221;16px&#8221; header_font_size_phone=&#8221;28px&#8221; global_colors_info=&#8221;{}&#8221; sticky_enabled=&#8221;0&#8243;]<\/p>\n<h1 style=\"text-align: center;\">Shen Akupunktur<\/h1>\n<p style=\"text-align: center;\"><strong>Akupunktur Atlas\u0131 \u2013 G\u00fc\u00e7l\u00fc Arama \u2013 TCM Tan\u0131lar\u0131 \u2013 TCM Temelleri<\/strong><\/p>\n<p>[\/et_pb_text][et_pb_code _builder_version=&#8221;4.27.4&#8243; _module_preset=&#8221;default&#8221; global_colors_info=&#8221;{}&#8221;]<!-- Event snippet for Website traffic conversion page --><!-- [et_pb_line_break_holder] --><script><!-- [et_pb_line_break_holder] -->  gtag('event', 'conversion', {'send_to': 'AW-989273792\/fxjZCO_k4rEDEMC93NcD'});<!-- [et_pb_line_break_holder] --><\/script><!-- [et_pb_line_break_holder] -->[\/et_pb_code][\/et_pb_column][\/et_pb_row][et_pb_row module_class=&#8221; et_pb_row_fullwidth&#8221; _builder_version=&#8221;4.16&#8243; width=&#8221;89%&#8221; width_tablet=&#8221;80%&#8221; width_phone=&#8221;&#8221; width_last_edited=&#8221;on|desktop&#8221; max_width=&#8221;89%&#8221; max_width_tablet=&#8221;80%&#8221; max_width_phone=&#8221;&#8221; max_width_last_edited=&#8221;on|desktop&#8221; custom_padding=&#8221;0|0px|0|0px|false|false&#8221; make_fullwidth=&#8221;on&#8221; global_colors_info=&#8221;{}&#8221;][et_pb_column type=&#8221;4_4&#8243; _builder_version=&#8221;4.16&#8243; custom_padding=&#8221;|||&#8221; global_colors_info=&#8221;{}&#8221; custom_padding__hover=&#8221;|||&#8221;][et_pb_image src=&#8221;http:\/\/shen-apps.com\/wp-content\/uploads\/2022\/02\/titlethree-EN.png&#8221; title_text=&#8221;titlethree-EN&#8221; align=&#8221;center&#8221; _builder_version=&#8221;4.16&#8243; _module_preset=&#8221;default&#8221; custom_padding=&#8221;||25px|||&#8221; global_colors_info=&#8221;{}&#8221;][\/et_pb_image][\/et_pb_column][\/et_pb_row][et_pb_row module_class=&#8221; et_pb_row_fullwidth&#8221; _builder_version=&#8221;4.16&#8243; width=&#8221;89%&#8221; width_tablet=&#8221;80%&#8221; width_phone=&#8221;&#8221; width_last_edited=&#8221;on|desktop&#8221; max_width=&#8221;89%&#8221; max_width_tablet=&#8221;80%&#8221; max_width_phone=&#8221;&#8221; max_width_last_edited=&#8221;on|desktop&#8221; custom_padding=&#8221;0|0px|38.0469px|0px|false|false&#8221; make_fullwidth=&#8221;on&#8221; global_colors_info=&#8221;{}&#8221;][et_pb_column type=&#8221;4_4&#8243; _builder_version=&#8221;4.16&#8243; custom_padding=&#8221;|||&#8221; global_colors_info=&#8221;{}&#8221; custom_padding__hover=&#8221;|||&#8221;][et_pb_text _builder_version=&#8221;4.27.6&#8243; _module_preset=&#8221;d1727bff-cf16-4e5d-8879-c504e014070b&#8221; text_font=&#8221;||||||||&#8221; custom_margin=&#8221;||0px||false|false&#8221; custom_padding=&#8221;||0px|||&#8221; hover_enabled=&#8221;0&#8243; text_font_size_phone=&#8221;14px&#8221; header_font_size_phone=&#8221;28px&#8221; global_colors_info=&#8221;{}&#8221; sticky_enabled=&#8221;0&#8243;]<\/p>\n<p style=\"text-align: center; color: #5e5e5e;\">\n    <strong style=\"font-size: x-large; color: black;\"><br \/>\n        Y\u00fczy\u0131llard\u0131r Geleneksel \u00c7in T\u0131bb\u0131 aral\u0131ks\u0131z olarak \u00f6\u011fretilmekte ve uygulanmaktad\u0131r.<br \/>\n    <\/strong>\n<\/p>\n<p style=\"text-align: center;\">\n    Ba\u015fka hi\u00e7bir t\u0131p dal\u0131 insan\u0131 bu kadar bireysel anlay\u0131p tedavi edemez.\n<\/p>\n<p style=\"text-align: center;\">\n    Biz size bu kadim sanat\u0131 ustal\u0131kla \u00f6\u011frenmenizde yard\u0131mc\u0131 oluyoruz.\n<\/p>\n<p>[\/et_pb_text][et_pb_text _builder_version=&#8221;4.27.0&#8243; text_font=&#8221;||||||||&#8221; text_font_size=&#8221;25px&#8221; custom_padding=&#8221;||0px|||&#8221; text_font_size_tablet=&#8221;&#8221; text_font_size_phone=&#8221;14px&#8221; text_font_size_last_edited=&#8221;on|phone&#8221; header_font_size_phone=&#8221;28px&#8221; global_colors_info=&#8221;{}&#8221;]<\/p>\n<p style=\"text-align: center;\"><img loading=\"lazy\" decoding=\"async\" src=\"http:\/\/shen-apps.com\/wp-content\/uploads\/2022\/02\/Shen-buttons-EN.png\" alt=\"\" class=\"wp-image-3008 aligncenter size-full\" width=\"600\" height=\"156\" srcset=\"https:\/\/shen-apps.com\/wp-content\/uploads\/2022\/02\/Shen-buttons-EN.png 600w, https:\/\/shen-apps.com\/wp-content\/uploads\/2022\/02\/Shen-buttons-EN-300x78.png 300w\" sizes=\"(max-width: 600px) 100vw, 600px\" \/><\/p>\n<p>[\/et_pb_text][et_pb_text _builder_version=&#8221;4.27.6&#8243; _module_preset=&#8221;07bb8339-cb4d-483f-b29f-31ec790f3664&#8243; custom_margin=&#8221;||-3px||false|false&#8221; hover_enabled=&#8221;0&#8243; global_colors_info=&#8221;{}&#8221; sticky_enabled=&#8221;0&#8243;]<\/p>\n<h2 style=\"text-align: center;\">Hemen App Store&#8217;dan <strong>indir<\/strong>!<\/h2>\n<p style=\"text-align: center;\"><span style=\"color: #333333;\">Shen-Akupunktur uygulamas\u0131nda <strong>\u00fccretsiz<\/strong> olarak 2 TCM uzman kitab\u0131, 150 akupunktur noktas\u0131, 50 TCM tan\u0131s\u0131 ve 500 semptom ile TCM te\u015fhis bilgisi bulunmaktad\u0131r.<\/span><\/p>\n<p style=\"text-align: center;\"><span style=\"color: #333333;\">Ve daha fazlas\u0131 <strong>Shen-Akupunktur Tam S\u00fcr\u00fcm<\/strong>&#8216;de sizi bekliyor!<\/span><\/p>\n<p>[\/et_pb_text][et_pb_text _builder_version=&#8221;4.27.0&#8243; _module_preset=&#8221;07bb8339-cb4d-483f-b29f-31ec790f3664&#8243; text_line_height=&#8221;1em&#8221; header_2_font_size=&#8221;24px&#8221; text_orientation=&#8221;center&#8221; text_font_size_phone=&#8221;10px&#8221; text_line_height_phone=&#8221;1em&#8221; header_2_font_size_tablet=&#8221;20px&#8221; header_2_font_size_phone=&#8221;15px&#8221; saved_tabs=&#8221;all&#8221; global_colors_info=&#8221;{}&#8221;]<\/p>\n<table style=\"width: 60%; border-collapse: collapse; border-style: none; border-color: #ffffff; margin-left: auto; margin-right: auto;\" border=\"0\">\n<tbody>\n<tr>\n<td style=\"width: 33.3333%; text-align: center;\"><a href=\"https:\/\/play.google.com\/store\/apps\/details?id=com.digitalbithub.shen\" target=\"_blank\" rel=\"noopener\"><img loading=\"lazy\" decoding=\"async\" class=\"wp-image-3459 alignnone size-full\" src=\"http:\/\/shen-apps.com\/wp-content\/uploads\/2022\/03\/Playstore.png\" alt=\"\" width=\"94\" height=\"93\" srcset=\"https:\/\/shen-apps.com\/wp-content\/uploads\/2022\/03\/Playstore.png 154w, https:\/\/shen-apps.com\/wp-content\/uploads\/2022\/03\/Playstore-150x150.png 150w\" sizes=\"(max-width: 94px) 100vw, 94px\" \/><\/a><\/td>\n<td style=\"width: 33.3333%; text-align: center;\"><a href=\"https:\/\/appgallery.huawei.com\/app\/C105509091\" target=\"_blank\" rel=\"noopener\"><img loading=\"lazy\" decoding=\"async\" class=\"wp-image-3466 alignnone size-full\" src=\"http:\/\/shen-apps.com\/wp-content\/uploads\/2022\/03\/AppGallery.png\" alt=\"\" width=\"100\" height=\"99\" srcset=\"https:\/\/shen-apps.com\/wp-content\/uploads\/2022\/03\/AppGallery.png 154w, https:\/\/shen-apps.com\/wp-content\/uploads\/2022\/03\/AppGallery-150x150.png 150w\" sizes=\"(max-width: 100px) 100vw, 100px\" \/><\/a><\/td>\n<td style=\"width: 33.3333%; text-align: center;\"><a href=\"https:\/\/itunes.apple.com\/us\/app\/shen-acupuncture\/id1384099547?ls=1&amp;mt=8\" target=\"_blank\" rel=\"noopener\"><img loading=\"lazy\" decoding=\"async\" class=\"wp-image-3473 alignnone size-full\" src=\"http:\/\/shen-apps.com\/wp-content\/uploads\/2022\/03\/AppStore.png\" alt=\"\" width=\"81\" height=\"80\" srcset=\"https:\/\/shen-apps.com\/wp-content\/uploads\/2022\/03\/AppStore.png 154w, https:\/\/shen-apps.com\/wp-content\/uploads\/2022\/03\/AppStore-150x150.png 150w\" sizes=\"(max-width: 81px) 100vw, 81px\" \/><\/a><\/td>\n<\/tr>\n<tr>\n<td style=\"width: 33.3333%; text-align: center;\">Google<br \/><a href=\"https:\/\/play.google.com\/store\/apps\/details?id=com.digitalbithub.shen\" target=\"_blank\" rel=\"noopener\"><strong>PlayStore<\/strong><\/a><\/td>\n<td style=\"width: 33.3333%; text-align: center;\">Huawei<br \/><a href=\"https:\/\/appgallery.huawei.com\/app\/C105509091\" target=\"_blank\" rel=\"noopener\"><strong>AppGallery<\/strong><\/a><\/td>\n<td style=\"width: 33.3333%; text-align: center;\">Apple<br \/><a href=\"https:\/\/itunes.apple.com\/us\/app\/shen-acupuncture\/id1384099547?ls=1&amp;mt=8\" target=\"_blank\" rel=\"noopener\"><strong>AppStore<\/strong><\/a><\/td>\n<\/tr>\n<\/tbody>\n<\/table>\n<p>[\/et_pb_text][\/et_pb_column][\/et_pb_row][\/et_pb_section][et_pb_section fb_built=&#8221;1&#8243; prev_background_color=&#8221;#efefef&#8221; _builder_version=&#8221;4.16&#8243; background_color=&#8221;#666666&#8243; custom_padding=&#8221;0|0px|59.9479px|0px|false|false&#8221; top_divider_style=&#8221;arrow&#8221; global_colors_info=&#8221;{}&#8221;][et_pb_row column_structure=&#8221;1_2,1_2&#8243; make_equal=&#8221;on&#8221; admin_label=&#8221;Four Blocks&#8221; module_class=&#8221; et_pb_row_fullwidth&#8221; _builder_version=&#8221;4.16&#8243; width_tablet=&#8221;80%&#8221; width_phone=&#8221;&#8221; width_last_edited=&#8221;on|desktop&#8221; max_width_tablet=&#8221;80%&#8221; max_width_phone=&#8221;&#8221; max_width_last_edited=&#8221;on|desktop&#8221; custom_padding=&#8221;141px||||false|false&#8221; make_fullwidth=&#8221;on&#8221; global_colors_info=&#8221;{}&#8221;][et_pb_column type=&#8221;1_2&#8243; _builder_version=&#8221;4.16&#8243; custom_padding=&#8221;|||&#8221; global_colors_info=&#8221;{}&#8221; custom_padding__hover=&#8221;|||&#8221;][et_pb_image src=&#8221;http:\/\/shen-apps.com\/wp-content\/uploads\/2022\/02\/Acupuncture.png&#8221; title_text=&#8221;Acupuncture&#8221; align=&#8221;center&#8221; _builder_version=&#8221;4.16&#8243; _module_preset=&#8221;default&#8221; global_colors_info=&#8221;{}&#8221;][\/et_pb_image][\/et_pb_column][et_pb_column type=&#8221;1_2&#8243; _builder_version=&#8221;4.16&#8243; custom_padding=&#8221;|||&#8221; global_colors_info=&#8221;{}&#8221; custom_padding__hover=&#8221;|||&#8221;][et_pb_text _builder_version=&#8221;4.27.6&#8243; _module_preset=&#8221;a7da8209-bfa4-4ddc-80f3-b4e5d9f9f940&#8243; text_text_color=&#8221;#FFFFFF&#8221; header_font_size=&#8221;35px&#8221; custom_padding=&#8221;||0px|||&#8221; hover_enabled=&#8221;0&#8243; header_font_size_tablet=&#8221;35px&#8221; header_font_size_phone=&#8221;28px&#8221; global_colors_info=&#8221;{}&#8221; sticky_enabled=&#8221;0&#8243;]<\/p>\n<h2>Shen-Akupunktur, 1000 sayfal\u0131k Akupunktur Atlas\u0131n\u0131 sadece saniyenin k\u00fc\u00e7\u00fck bir par\u00e7as\u0131 i\u00e7inde arat\u0131r.<\/h2>\n<p>Uygulamada komple Shen-Akupunktur Atlas\u0131 bulunmaktad\u0131r \u2013 1000 sayfadan fazla ve 400\u2019den fazla y\u00fcksek kaliteli akupunktur tablosu i\u00e7eren bir ba\u015fvuru kayna\u011f\u0131.<\/p>\n<p><strong>409 Akupunktur Noktas\u0131!<\/strong><br \/>\nHer akupunktur noktas\u0131, detayl\u0131 konum tan\u0131m\u0131, TCM fonksiyonlar\u0131, endikasyonlar\u0131, \u00f6zel nitelikleri, i\u011fneleme teknikleri ve daha fazlas\u0131yla birlikte sunulmaktad\u0131r.<\/p>\n<p><strong>469 Akupunktur Tablosu!<\/strong><br \/>\nY\u00fcksek kaliteli akupunktur tablolar\u0131 her noktay\u0131 d\u00f6rt anatomik seviyede g\u00f6sterir: Cilt, Kas, \u0130skelet ve \u0130\u00e7 Organlar (damar ve sinirlerle birlikte).<\/p>\n<p>Shen-Akupunktur uygulamas\u0131n\u0131n tam metin aramas\u0131 son derece h\u0131zl\u0131 ve etkili \u00e7al\u0131\u015f\u0131r. 1000 sayfal\u0131k Akupunktur Atlas\u0131\u2019nda \u201cAst\u0131m\u201d kelimesini aramak sadece saniyenin k\u00fc\u00e7\u00fck bir par\u00e7as\u0131 s\u00fcrer.<\/p>\n<p>[\/et_pb_text][\/et_pb_column][\/et_pb_row][\/et_pb_section][et_pb_section fb_built=&#8221;1&#8243; prev_background_color=&#8221;#666666&#8243; _builder_version=&#8221;4.16&#8243; top_divider_style=&#8221;wave&#8221; animation_direction=&#8221;left&#8221; global_colors_info=&#8221;{}&#8221;][et_pb_row column_structure=&#8221;1_2,1_2&#8243; module_class=&#8221; et_pb_row_fullwidth&#8221; _builder_version=&#8221;4.16&#8243; width_tablet=&#8221;80%&#8221; width_phone=&#8221;&#8221; width_last_edited=&#8221;on|desktop&#8221; max_width_tablet=&#8221;80%&#8221; max_width_phone=&#8221;&#8221; max_width_last_edited=&#8221;on|desktop&#8221; custom_padding=&#8221;38.0469px|0px|0|0px|false|false&#8221; make_fullwidth=&#8221;on&#8221; global_colors_info=&#8221;{}&#8221;][et_pb_column type=&#8221;1_2&#8243; _builder_version=&#8221;4.16&#8243; custom_padding=&#8221;|||&#8221; global_colors_info=&#8221;{}&#8221; custom_padding__hover=&#8221;|||&#8221;][et_pb_text _builder_version=&#8221;4.27.6&#8243; _module_preset=&#8221;7fad7065-1385-4284-ab54-a32286194bcc&#8221; header_font=&#8221;||||||||&#8221; hover_enabled=&#8221;0&#8243; header_font_size_tablet=&#8221;50px&#8221; header_font_size_phone=&#8221;30px&#8221; global_colors_info=&#8221;{}&#8221; sticky_enabled=&#8221;0&#8243;]<\/p>\n<h2>G\u00fc\u00e7l\u00fc Arama &#8211; Dahiyane Bir \u00d6zellik!<\/h2>\n<p>G\u00fc\u00e7l\u00fc Arama, tam metin aramaya harika bir katk\u0131d\u0131r ve sadece bu uygulamada bulunan \u00f6zel bir zekaya sahiptir. Bu zeka, TCM uzmanlar\u0131 taraf\u0131ndan olu\u015fturulan 5000 ba\u011flant\u0131dan olu\u015fur. Bu ba\u011flant\u0131lar, TCM tan\u0131lar\u0131 ile akupunktur noktalar\u0131 aras\u0131nda kurulmu\u015ftur ve normal tam metin aramas\u0131yla asla bulamayaca\u011f\u0131n\u0131z sonu\u00e7lar sunar.<\/p>\n<p>G\u00fc\u00e7l\u00fc Arama sayesinde, \u00f6rne\u011fin \u201cB\u00f6brek Yin Eksikli\u011fi\u201dni tedavi eden <strong>t\u00fcm akupunktur noktalar\u0131n\u0131<\/strong> ger\u00e7ekten g\u00f6rebilirsiniz. Birden fazla kriterle arama yapmak da m\u00fcmk\u00fcnd\u00fcr. \u00d6rne\u011fin: B\u00f6brek Yin\u2019ini <strong>ve<\/strong> Kalp Yin\u2019ini ayn\u0131 anda g\u00fc\u00e7lendiren t\u00fcm noktalar\u0131 g\u00f6ster, ya da \u201cS\u0131cakl\u0131\u011f\u0131 uzakla\u015ft\u0131ran\u201d t\u00fcm Shu-Mu noktalar\u0131n\u0131 listele.<\/p>\n<p>[\/et_pb_text][\/et_pb_column][et_pb_column type=&#8221;1_2&#8243; _builder_version=&#8221;4.16&#8243; custom_padding=&#8221;|||&#8221; global_colors_info=&#8221;{}&#8221; custom_padding__hover=&#8221;|||&#8221;][et_pb_image src=&#8221;http:\/\/shen-apps.com\/wp-content\/uploads\/2022\/03\/PowerSearch-EN.png&#8221; title_text=&#8221;PowerSearch-EN&#8221; align=&#8221;center&#8221; align_tablet=&#8221;center&#8221; align_phone=&#8221;&#8221; align_last_edited=&#8221;on|desktop&#8221; _builder_version=&#8221;4.16&#8243; global_colors_info=&#8221;{}&#8221;]<br \/>\n[\/et_pb_image][\/et_pb_column][\/et_pb_row][\/et_pb_section][et_pb_section fb_built=&#8221;1&#8243; prev_background_color=&#8221;#ffffff&#8221; next_background_color=&#8221;#137a41&#8243; _builder_version=&#8221;4.16&#8243; background_color=&#8221;#095fa0&#8243; custom_margin=&#8221;||-4px|||&#8221; top_divider_style=&#8221;arrow2&#8243; bottom_divider_style=&#8221;ramp&#8221; bottom_divider_flip=&#8221;vertical|horizontal&#8221; animation_direction=&#8221;right&#8221; global_colors_info=&#8221;{}&#8221;][et_pb_row column_structure=&#8221;1_2,1_2&#8243; _builder_version=&#8221;4.16&#8243; custom_padding=&#8221;38.0469px|0px|0|0px|false|false&#8221; global_colors_info=&#8221;{}&#8221;][et_pb_column type=&#8221;1_2&#8243; _builder_version=&#8221;4.16&#8243; custom_padding=&#8221;|||&#8221; global_colors_info=&#8221;{}&#8221; custom_padding__hover=&#8221;|||&#8221;][et_pb_image src=&#8221;http:\/\/shen-apps.com\/wp-content\/uploads\/2022\/03\/TCMDiagnosen-EN.png&#8221; title_text=&#8221;TCMDiagnosen-EN&#8221; align=&#8221;center&#8221; align_tablet=&#8221;center&#8221; align_phone=&#8221;&#8221; align_last_edited=&#8221;on|desktop&#8221; _builder_version=&#8221;4.16&#8243; global_colors_info=&#8221;{}&#8221;]<br \/>\n[\/et_pb_image][\/et_pb_column][et_pb_column type=&#8221;1_2&#8243; _builder_version=&#8221;4.16&#8243; custom_padding=&#8221;|||&#8221; global_colors_info=&#8221;{}&#8221; custom_padding__hover=&#8221;|||&#8221;][et_pb_text _builder_version=&#8221;4.27.6&#8243; _module_preset=&#8221;a7da8209-bfa4-4ddc-80f3-b4e5d9f9f940&#8243; text_text_color=&#8221;#FFFFFF&#8221; header_font=&#8221;||||||||&#8221; header_font_size=&#8221;37px&#8221; hover_enabled=&#8221;0&#8243; header_font_size_tablet=&#8221;37px&#8221; header_font_size_phone=&#8221;29px&#8221; global_colors_info=&#8221;{}&#8221; sticky_enabled=&#8221;0&#8243;]<\/p>\n<h2>\u00d6nc\u00fc Belirtiler, Nedenler ve Tedavi \u00d6nerileri<\/h2>\n<p>Shen-Akupunktur uygulamas\u0131nda, Patolojik Fakt\u00f6rler, Maddelerin Disharmoni Paternleri, Zang Fu Organlar\u0131 ve 8 Ola\u011fan\u00fcst\u00fc Meridyen hakk\u0131nda kapsaml\u0131 ve d\u00fczenli bir \u015fekilde uzman bilgisi bulacaks\u0131n\u0131z:<\/p>\n<ul>\n<li>Disharmoni paternlerini h\u0131zl\u0131 ve etkili bir \u015fekilde tan\u0131mlamak i\u00e7in \u00d6nc\u00fc Belirtiler<\/li>\n<li>Nedenler: Disharmoni paternlerinin olu\u015fumunun a\u00e7\u0131klanmas\u0131; duygusal y\u00f6nler ve beslenme de dahil<\/li>\n<li>Tedavi \u00d6nerileri: Olas\u0131 tedavi stratejileri<\/li>\n<li>Her TCM tan\u0131s\u0131 i\u00e7in denenmi\u015f ve kan\u0131tlanm\u0131\u015f nokta kombinasyonlar\u0131<\/li>\n<\/ul>\n<p>[\/et_pb_text][\/et_pb_column][\/et_pb_row][\/et_pb_section][et_pb_section fb_built=&#8221;1&#8243; next_background_color=&#8221;#d1d1d1&#8243; _builder_version=&#8221;4.16&#8243; background_color=&#8221;#137a41&#8243; min_height=&#8221;924px&#8221; custom_margin=&#8221;-15px|||||&#8221; custom_padding=&#8221;0|0px|76.1094px|0px|false|false&#8221; bottom_divider_style=&#8221;arrow2&#8243; animation_direction=&#8221;left&#8221; global_colors_info=&#8221;{}&#8221;][et_pb_row column_structure=&#8221;1_2,1_2&#8243; _builder_version=&#8221;4.16&#8243; custom_margin=&#8221;15px|auto||auto||&#8221; custom_padding=&#8221;87px|0px|0|0px|false|false&#8221; global_colors_info=&#8221;{}&#8221;][et_pb_column type=&#8221;1_2&#8243; _builder_version=&#8221;4.16&#8243; custom_padding=&#8221;|||&#8221; global_colors_info=&#8221;{}&#8221; custom_padding__hover=&#8221;|||&#8221;][et_pb_text _builder_version=&#8221;4.27.6&#8243; _module_preset=&#8221;a7da8209-bfa4-4ddc-80f3-b4e5d9f9f940&#8243; text_text_color=&#8221;#FFFFFF&#8221; header_font=&#8221;||||||||&#8221; header_font_size=&#8221;37px&#8221; hover_enabled=&#8221;0&#8243; header_font_size_tablet=&#8221;37px&#8221; header_font_size_phone=&#8221;29px&#8221; global_colors_info=&#8221;{}&#8221; sticky_enabled=&#8221;0&#8243;]<\/p>\n<h2>D\u00fcnyan\u0131n En B\u00fcy\u00fck Semptom Koleksiyonu<\/h2>\n<p>Shen-Akupunktur, d\u00fcnyan\u0131n en kapsaml\u0131 semptom koleksiyonunu ve bat\u0131 t\u0131bb\u0131 hastal\u0131k tablolar\u0131n\u0131 ilgili TCM tan\u0131lar\u0131yla birlikte sunar.<\/p>\n<p>Belirli bir hastal\u0131k tablosu veya semptom i\u00e7in TCM tan\u0131s\u0131n\u0131 \u00f6\u011frenmek istedi\u011finizde, burada kesin olarak bulacaks\u0131n\u0131z.<\/p>\n<p>[\/et_pb_text][\/et_pb_column][et_pb_column type=&#8221;1_2&#8243; _builder_version=&#8221;4.16&#8243; custom_padding=&#8221;|||&#8221; global_colors_info=&#8221;{}&#8221; custom_padding__hover=&#8221;|||&#8221;][et_pb_image src=&#8221;http:\/\/shen-apps.com\/wp-content\/uploads\/2022\/03\/Symptoms-ENs.png&#8221; title_text=&#8221;Symptoms-ENs&#8221; align_tablet=&#8221;center&#8221; align_phone=&#8221;&#8221; align_last_edited=&#8221;on|desktop&#8221; _builder_version=&#8221;4.16&#8243; global_colors_info=&#8221;{}&#8221;]<br \/>\n[\/et_pb_image][\/et_pb_column][\/et_pb_row][\/et_pb_section][et_pb_section fb_built=&#8221;1&#8243; next_background_color=&#8221;#FFFFFF&#8221; _builder_version=&#8221;4.17.6&#8243; _module_preset=&#8221;default&#8221; background_color=&#8221;#d1d1d1&#8243; custom_padding=&#8221;55px||1px|||&#8221; bottom_divider_style=&#8221;curve2&#8243; global_colors_info=&#8221;{}&#8221;][et_pb_row column_structure=&#8221;1_2,1_2&#8243; _builder_version=&#8221;4.16&#8243; _module_preset=&#8221;default&#8221; custom_padding=&#8221;1px|||||&#8221; global_colors_info=&#8221;{}&#8221;][et_pb_column type=&#8221;1_2&#8243; _builder_version=&#8221;4.16&#8243; _module_preset=&#8221;default&#8221; global_colors_info=&#8221;{}&#8221;][et_pb_image src=&#8221;http:\/\/shen-apps.com\/wp-content\/uploads\/2022\/03\/TCMTheory-EN.png&#8221; title_text=&#8221;TCMTheory-EN&#8221; align=&#8221;center&#8221; _builder_version=&#8221;4.16&#8243; _module_preset=&#8221;default&#8221; global_colors_info=&#8221;{}&#8221;][\/et_pb_image][\/et_pb_column][et_pb_column type=&#8221;1_2&#8243; _builder_version=&#8221;4.16&#8243; _module_preset=&#8221;default&#8221; global_colors_info=&#8221;{}&#8221;][et_pb_text _builder_version=&#8221;4.27.6&#8243; _module_preset=&#8221;d1727bff-cf16-4e5d-8879-c504e014070b&#8221; header_font=&#8221;||||||||&#8221; hover_enabled=&#8221;0&#8243; header_font_size_tablet=&#8221;40px&#8221; header_font_size_phone=&#8221;27px&#8221; global_colors_info=&#8221;{}&#8221; sticky_enabled=&#8221;0&#8243;]<\/p>\n<h2><strong>TCM \u00c7al\u0131\u015fman\u0131z\u0131 Ba\u015far\u0131ya Ta\u015f\u0131yan Odaklanm\u0131\u015f Yakla\u015f\u0131m!<\/strong><\/h2>\n<p>Shen-Akupunktur uygulamas\u0131ndaki TCM temelleri sayesinde, Geleneksel \u00c7in T\u0131bb\u0131\u2019na <span style=\"text-decoration: underline;\">klasik bir ders kitab\u0131na g\u00f6re \u00e7ok daha h\u0131zl\u0131 ve etkili<\/span> bir giri\u015f yapacaks\u0131n\u0131z.<\/p>\n<p>Zorluklar genellikle ger\u00e7ek problemleri olan hastalarda ba\u015flar. TCM\u2019nin temel bilgileri ise uygulaman\u0131n \u00fccretsiz s\u00fcr\u00fcm\u00fcnde zaten yer almaktad\u0131r.<\/p>\n<p>[\/et_pb_text][\/et_pb_column][\/et_pb_row][\/et_pb_section][et_pb_section fb_built=&#8221;1&#8243; _builder_version=&#8221;4.17.6&#8243; background_color=&#8221;#FFFFFF&#8221; custom_padding=&#8221;0|0px|3.1px|0px|false|false&#8221; animation_direction=&#8221;right&#8221; global_colors_info=&#8221;{}&#8221;][et_pb_row _builder_version=&#8221;4.16&#8243; custom_padding=&#8221;10px|0px|0|0px|false|false&#8221; global_colors_info=&#8221;{}&#8221;][et_pb_column type=&#8221;4_4&#8243; _builder_version=&#8221;4.16&#8243; custom_padding=&#8221;|||&#8221; global_colors_info=&#8221;{}&#8221; custom_padding__hover=&#8221;|||&#8221;][et_pb_text _builder_version=&#8221;4.27.6&#8243; _module_preset=&#8221;d1727bff-cf16-4e5d-8879-c504e014070b&#8221; header_font=&#8221;||||||||&#8221; header_text_color=&#8221;#686868&#8243; header_font_size=&#8221;50px&#8221; custom_padding=&#8221;23px|||||&#8221; hover_enabled=&#8221;0&#8243; header_font_size_tablet=&#8221;40px&#8221; header_font_size_phone=&#8221;30px&#8221; global_colors_info=&#8221;{}&#8221; sticky_enabled=&#8221;0&#8243;]<\/p>\n<h2>Notlar\u0131n\u0131z\u0131, Resimlerinizi, Ses Kay\u0131tlar\u0131n\u0131z\u0131 ve Akupunktur Noktalar\u0131n\u0131z\u0131 Kaydedin<\/h2>\n<p>Hasta notlar\u0131, tedavi fikirleri, yap\u0131lacaklar listesi, dil tan\u0131s\u0131 resimleri, ses kay\u0131tlar\u0131 veya nokta arama sonu\u00e7lar\u0131\u2026 Shen-Akupunktur uygulamas\u0131ndaki <strong>MyVeritaban\u0131<\/strong> her \u015feyi kaydeder.<\/p>\n<div class=\"su-list su-list-style-\">\n<ul>\n<li>Notlar, hastalar, hastal\u0131k tablolar\u0131 vb. i\u00e7in kendi kategorilerinizi olu\u015fturun<\/li>\n<li>\u0130stedi\u011finiz kadar metin, resim, ses kayd\u0131 veya akupunktur noktas\u0131 kaydedin<\/li>\n<li>MySepet\u2019e kaydetti\u011finiz nokta kombinasyonlar\u0131n\u0131 do\u011frudan hasta veya hastal\u0131k tablosuna aktar\u0131n<\/li>\n<li>Dil tan\u0131s\u0131 resimlerini hastaya \u00f6zel kaydedin<\/li>\n<li><strong>Veri kayb\u0131ndan korkmay\u0131n:<\/strong> Yedek olu\u015fturun ve verilerinizi istedi\u011finiz zaman, herhangi bir cihazdan tekrar i\u00e7e aktar\u0131n. Ak\u0131ll\u0131 telefon de\u011fi\u015fimi veya kay\u0131p durumunda bile!<\/li>\n<\/ul>\n<\/div>\n<p>[\/et_pb_text][\/et_pb_column][\/et_pb_row][\/et_pb_section]<\/p>\n","protected":false},"excerpt":{"rendered":"<p>Shen Akupunktur Akupunktur Atlas\u0131 \u2013 G\u00fc\u00e7l\u00fc Arama \u2013 TCM Tan\u0131lar\u0131 \u2013 TCM Temelleri Y\u00fczy\u0131llard\u0131r Geleneksel \u00c7in T\u0131bb\u0131 aral\u0131ks\u0131z olarak \u00f6\u011fretilmekte ve uygulanmaktad\u0131r. Ba\u015fka hi\u00e7bir t\u0131p dal\u0131 insan\u0131 bu kadar bireysel anlay\u0131p tedavi edemez. Biz size bu kadim sanat\u0131 ustal\u0131kla \u00f6\u011frenmenizde yard\u0131mc\u0131 oluyoruz. Hemen App Store&#8217;dan indir! Shen-Akupunktur uygulamas\u0131nda \u00fccretsiz olarak 2 TCM uzman kitab\u0131, 150 [&hellip;]<\/p>\n","protected":false},"author":1,"featured_media":0,"parent":0,"menu_order":0,"comment_status":"closed","ping_status":"closed","template":"","meta":{"_et_pb_use_builder":"on","_et_pb_old_content":"","_et_gb_content_width":"","footnotes":""},"class_list":["post-7202","page","type-page","status-publish","hentry"],"aioseo_notices":[],"_links":{"self":[{"href":"https:\/\/shen-apps.com\/tr\/wp-json\/wp\/v2\/pages\/7202","targetHints":{"allow":["GET"]}}],"collection":[{"href":"https:\/\/shen-apps.com\/tr\/wp-json\/wp\/v2\/pages"}],"about":[{"href":"https:\/\/shen-apps.com\/tr\/wp-json\/wp\/v2\/types\/page"}],"author":[{"embeddable":true,"href":"https:\/\/shen-apps.com\/tr\/wp-json\/wp\/v2\/users\/1"}],"replies":[{"embeddable":true,"href":"https:\/\/shen-apps.com\/tr\/wp-json\/wp\/v2\/comments?post=7202"}],"version-history":[{"count":9,"href":"https:\/\/shen-apps.com\/tr\/wp-json\/wp\/v2\/pages\/7202\/revisions"}],"predecessor-version":[{"id":7229,"href":"https:\/\/shen-apps.com\/tr\/wp-json\/wp\/v2\/pages\/7202\/revisions\/7229"}],"wp:attachment":[{"href":"https:\/\/shen-apps.com\/tr\/wp-json\/wp\/v2\/media?parent=7202"}],"curies":[{"name":"wp","href":"https:\/\/api.w.org\/{rel}","templated":true}]}}